{"id":3,"date":"2020-05-05T13:37:41","date_gmt":"2020-05-05T13:37:41","guid":{"rendered":"https:\/\/new.deschenaux.me\/?page_id=3"},"modified":"2025-01-16T17:32:12","modified_gmt":"2025-01-16T17:32:12","slug":"privacy-policy","status":"publish","type":"page","link":"https:\/\/marc.deschenaux.com\/de\/privacy-policy\/","title":{"rendered":"Datenschutz-Bestimmungen"},"content":{"rendered":"<div data-elementor-type=\"wp-page\" data-elementor-id=\"3\" class=\"elementor elementor-3\" data-elementor-post-type=\"page\">\n\t\t\t\t\t\t<section class=\"elementor-section elementor-top-section elementor-element elementor-element-7d9baf5b elementor-section-boxed elementor-section-height-default elementor-section-height-default\" data-id=\"7d9baf5b\" data-element_type=\"section\" data-e-type=\"section\">\n\t\t\t\t\t\t<div class=\"elementor-container elementor-column-gap-default\">\n\t\t\t\t\t<div class=\"elementor-column elementor-col-100 elementor-top-column elementor-element elementor-element-46b8d89f\" data-id=\"46b8d89f\" data-element_type=\"column\" data-e-type=\"column\">\n\t\t\t<div class=\"elementor-widget-wrap elementor-element-populated\">\n\t\t\t\t\t\t<div class=\"elementor-element elementor-element-6af4a87b elementor-widget elementor-widget-text-editor\" data-id=\"6af4a87b\" data-element_type=\"widget\" data-e-type=\"widget\" data-widget_type=\"text-editor.default\">\n\t\t\t\t<div class=\"elementor-widget-container\">\n\t\t\t\t\t\t\t\t\t<p>Marc Ren\u00e9 Deschenaux (\u201euns\u201c, \u201ewir\u201c oder \u201eunser\u201c) betreibt den genannten \u201eDienst\u201c, bei dem es sich um die folgende Website handelt: https:\/\/marc.deschenaux.com<\/p><p>Diese Seite informiert Sie \u00fcber unsere Richtlinien bez\u00fcglich der Erfassung, Verwendung und Offenlegung personenbezogener Daten, wenn Sie unseren Service nutzen, und \u00fcber die Auswahlm\u00f6glichkeiten, die Sie mit diesen Daten verbunden haben.<\/p><p>Wir verwenden Ihre Daten, um den Service bereitzustellen und zu verbessern. Durch die Nutzung des Dienstes stimmen Sie der Erfassung und Verwendung von Informationen gem\u00e4\u00df dieser Richtlinie zu. Sofern in dieser Datenschutzrichtlinie nicht anders definiert, haben die in dieser Datenschutzrichtlinie verwendeten Begriffe die gleiche Bedeutung wie in unseren Allgemeinen Gesch\u00e4ftsbedingungen, die unter https:\/\/marc.deschenaux.com zug\u00e4nglich sind<\/p><p><strong>DEFINITIONEN<\/strong><\/p><p><strong>Service<\/strong><\/p><p>Dienst ist die von Marc Ren\u00e9 Deschenaux betriebene Website https:\/\/marc.deschenaux.com.<\/p><p><strong>Pers\u00f6nliche Daten<\/strong><\/p><p>Personenbezogene Daten sind Daten \u00fcber eine lebende Person, die anhand dieser Daten (oder anhand dieser und anderer Informationen, die entweder in unserem Besitz sind oder wahrscheinlich in unseren Besitz gelangen werden) identifiziert werden k\u00f6nnen.<\/p><p><strong>Nutzungsdaten<\/strong><\/p><p>Nutzungsdaten sind automatisch erfasste Daten, die entweder durch die Nutzung des Dienstes oder von der Dienstinfrastruktur selbst generiert werden (z. B. die Dauer eines Seitenbesuchs).<\/p><p><strong>Kekse<\/strong><\/p><p>Cookies sind kleine Dateien, die auf Ihrem Ger\u00e4t (Computer oder Mobilger\u00e4t) gespeichert werden.<\/p><p><strong>Datencontroller<\/strong><\/p><p>Datenverantwortlicher bezeichnet die nat\u00fcrliche oder juristische Person, die (entweder allein oder gemeinsam oder gemeinsam mit anderen Personen) die Zwecke bestimmt, f\u00fcr die und auf welche Weise personenbezogene Daten verarbeitet werden oder werden sollen.<\/p><p>F\u00fcr die Zwecke dieser Datenschutzrichtlinie sind wir ein Datenverantwortlicher f\u00fcr Ihre personenbezogenen Daten.<\/p><p><strong>Datenverarbeiter (oder Dienstleister)<\/strong><\/p><p>Datenverarbeiter (oder Dienstleister) bezeichnet jede nat\u00fcrliche oder juristische Person, die die Daten im Auftrag des Datenverantwortlichen verarbeitet.<\/p><p>Wir k\u00f6nnen die Dienste verschiedener Dienstleister nutzen, um Ihre Daten effektiver zu verarbeiten.<\/p><p><strong>Benutzer<\/strong><\/p><p>Betroffene Person ist jede lebende Person, die unseren Service nutzt und Gegenstand personenbezogener Daten ist.<\/p><p><strong>\u00a0<\/strong><\/p><p><strong>SAMMLUNG UND NUTZUNG VON INFORMATIONEN<\/strong><\/p><p>Wir sammeln verschiedene Arten von Informationen f\u00fcr verschiedene Zwecke, um unsere bereitzustellen und zu verbessern<\/p><p>Dienst f\u00fcr Sie.<\/p><p><strong>\u00a0<\/strong><\/p><p><strong>Arten der erfassten Daten<\/strong><\/p><p><strong>\u00a0<\/strong><\/p><p><strong>Pers\u00f6nliche Daten<\/strong><\/p><p>W\u00e4hrend der Nutzung unseres Dienstes k\u00f6nnen wir Sie bitten, uns bestimmte personenbezogene Daten zur Verf\u00fcgung zu stellen, die verwendet werden k\u00f6nnen, um Sie zu kontaktieren oder zu identifizieren (\u201epersonenbezogene Daten\u201c). Pers\u00f6nlich identifizierbare Informationen k\u00f6nnen beinhalten, sind aber nicht beschr\u00e4nkt auf:<\/p><p>E-Mail-Addresse<\/p><p>Vorname und Nachname<\/p><p>Telefonnummer<\/p><p>Adresse, Staat, Provinz, Postleitzahl, Stadt<\/p><p><strong>\u00a0<\/strong><\/p><p><strong>Cookies und Nutzungsdaten<\/strong><\/p><p>Wir k\u00f6nnen Ihre personenbezogenen Daten verwenden, um Sie mit Newslettern, Marketing- oder Werbematerialien und anderen Informationen zu kontaktieren, die f\u00fcr Sie von Interesse sein k\u00f6nnten.<\/p><p>Sie k\u00f6nnen den Erhalt einiger oder aller dieser Mitteilungen von uns ablehnen, indem Sie dem Link zum Abbestellen oder den Anweisungen in jeder von uns gesendeten E-Mail folgen.<\/p><p><strong>\u00a0<\/strong><\/p><p><strong>Nutzungsdaten<\/strong><\/p><p>Wir k\u00f6nnen auch Informationen dar\u00fcber sammeln, wie auf den Dienst zugegriffen und wie er verwendet wird (\u201eNutzungsdaten\u201c). Diese Nutzungsdaten k\u00f6nnen Informationen wie die Internetprotokolladresse Ihres Computers (z. B. IP-Adresse), Browsertyp, Browserversion, die Seiten unseres Dienstes, die Sie besuchen, die Uhrzeit und das Datum Ihres Besuchs, die auf diesen Seiten verbrachte Zeit, eindeutig enthalten Ger\u00e4tekennungen und andere Diagnosedaten.<\/p><p><strong>\u00a0<\/strong><\/p><p><strong>Tracking- und Cookie-Daten<\/strong><\/p><p>Wir verwenden Cookies und \u00e4hnliche Tracking-Technologien, um die Aktivit\u00e4ten auf unserem Service zu verfolgen, und wir speichern bestimmte Informationen.<\/p><p>Cookies sind Dateien mit einer kleinen Datenmenge, die eine anonyme eindeutige Kennung enthalten k\u00f6nnen. Cookies werden von einer Website an Ihren Browser gesendet und auf Ihrem Ger\u00e4t gespeichert. Andere Tracking-Technologien wie Beacons, Tags und Skripte werden ebenfalls verwendet, um Informationen zu sammeln und zu verfolgen und unseren Service zu verbessern und zu analysieren.<\/p><p>Sie k\u00f6nnen Ihren Browser anweisen, alle Cookies abzulehnen oder anzuzeigen, wenn ein Cookie gesendet wird. Wenn Sie jedoch keine Cookies akzeptieren, k\u00f6nnen Sie m\u00f6glicherweise einige Teile unseres Dienstes nicht nutzen.<\/p><p>Beispiele f\u00fcr Cookies, die wir verwenden:<\/p><p>Sitzungscookies. Wir verwenden Sitzungscookies, um unseren Dienst zu betreiben.<\/p><p>Pr\u00e4ferenz-Cookies. Wir verwenden Pr\u00e4ferenz-Cookies, um Ihre Pr\u00e4ferenzen und verschiedene Einstellungen zu speichern.<\/p><p>Sicherheits-Cookies. Wir verwenden Sicherheits-Cookies zu Sicherheitszwecken.<\/p><p><strong>\u00a0<\/strong><\/p><p><strong>Verwendung von Daten<\/strong><\/p><p>Marc Ren\u00e9 Deschenaux verwendet die gesammelten Daten f\u00fcr verschiedene Zwecke:<\/p><ul><li>Zur Bereitstellung und Wartung unseres Dienstes<\/li><li>Um Sie \u00fcber \u00c4nderungen an unserem Service zu informieren<\/li><li>Um Ihnen die Teilnahme an interaktiven Funktionen unseres Dienstes zu erm\u00f6glichen, wenn Sie dies w\u00fcnschen<\/li><li>Um Kundensupport zu leisten<\/li><li>Um Analysen oder wertvolle Informationen zu sammeln, damit wir unseren Service verbessern k\u00f6nnen<\/li><li>Um die Nutzung unseres Dienstes zu \u00fcberwachen<\/li><li>Um technische Probleme zu erkennen, zu verhindern und zu beheben<\/li><li>Um Ihnen Neuigkeiten, Sonderangebote und allgemeine Informationen \u00fcber andere von uns angebotene Waren, Dienstleistungen und Veranstaltungen zukommen zu lassen, die denen \u00e4hneln, die Sie bereits gekauft oder nach denen Sie sich erkundigt haben, es sei denn, Sie haben sich gegen den Erhalt solcher Informationen entschieden<\/li><\/ul><p><strong>\u00a0<\/strong><\/p><p><strong>Rechtsgrundlage f\u00fcr die Verarbeitung personenbezogener Daten gem\u00e4\u00df der Datenschutz-Grundverordnung (DSGVO)<\/strong><\/p><p>Wenn Sie aus dem Europ\u00e4ischen Wirtschaftsraum (EWR) stammen, h\u00e4ngt die Rechtsgrundlage von Marc Ren\u00e9 Deschenaux f\u00fcr die Erfassung und Verwendung der in dieser Datenschutzrichtlinie beschriebenen personenbezogenen Daten von den von uns erfassten personenbezogenen Daten und dem spezifischen Kontext ab, in dem wir sie erfassen.<\/p><p>Marc Ren\u00e9 Deschenaux kann Ihre personenbezogenen Daten verarbeiten, weil:<\/p><ul><li>Wir m\u00fcssen einen Vertrag mit Ihnen abschlie\u00dfen<\/li><li>Sie haben uns dazu die Erlaubnis erteilt<\/li><li>Die Verarbeitung liegt in unserem berechtigten Interesse und Ihre Rechte werden nicht au\u00dfer Kraft gesetzt<\/li><li>Zur Zahlungsabwicklung<\/li><li>Um das Gesetz einzuhalten<\/li><\/ul><p><strong>\u00a0<\/strong><\/p><p><strong>Aufbewahrung von Daten<\/strong><\/p><p>Marc Ren\u00e9 Deschenaux speichert Ihre personenbezogenen Daten nur so lange, wie dies f\u00fcr die in dieser Datenschutzrichtlinie dargelegten Zwecke erforderlich ist. Wir speichern und verwenden Ihre personenbezogenen Daten in dem Umfang, der erforderlich ist, um unseren gesetzlichen Verpflichtungen nachzukommen (z. B. wenn wir verpflichtet sind, Ihre Daten zur Einhaltung geltender Gesetze aufzubewahren), Streitigkeiten beizulegen und unsere gesetzlichen Vereinbarungen und Richtlinien durchzusetzen.<\/p><p>Marc Ren\u00e9 Deschenaux VERBAND OHNE GRENZEN speichert auch Nutzungsdaten f\u00fcr interne Analysezwecke. Nutzungsdaten werden im Allgemeinen f\u00fcr einen k\u00fcrzeren Zeitraum aufbewahrt, au\u00dfer wenn diese Daten zur Erh\u00f6hung der Sicherheit oder zur Verbesserung der Funktionalit\u00e4t unseres Dienstes verwendet werden oder wir gesetzlich verpflichtet sind, diese Daten f\u00fcr l\u00e4ngere Zeitr\u00e4ume aufzubewahren.<\/p><p><strong>\u00a0<\/strong><\/p><p><strong>\u00dcbertragung von Daten<\/strong><\/p><p>Ihre Informationen, einschlie\u00dflich personenbezogener Daten, k\u00f6nnen an Computer au\u00dferhalb Ihres Staates, Ihrer Provinz, Ihres Landes oder einer anderen staatlichen Gerichtsbarkeit \u00fcbertragen und dort gespeichert werden, wo die Datenschutzgesetze von denen Ihrer Gerichtsbarkeit abweichen k\u00f6nnen.<\/p><p>Wenn Sie sich au\u00dferhalb der Schweiz befinden und uns Informationen zur Verf\u00fcgung stellen m\u00f6chten, beachten Sie bitte, dass wir die Daten, einschlie\u00dflich personenbezogener Daten, in die Schweiz \u00fcbermitteln und dort verarbeiten.<\/p><p>Ihre Zustimmung zu dieser Datenschutzrichtlinie, gefolgt von Ihrer \u00dcbermittlung dieser Informationen, stellt Ihre Zustimmung zu dieser \u00dcbertragung dar.<\/p><p>Marc Ren\u00e9 Deschenaux wird alle vern\u00fcnftigerweise notwendigen Schritte unternehmen, um sicherzustellen, dass Ihre Daten sicher und in \u00dcbereinstimmung mit dieser Datenschutzrichtlinie behandelt werden und dass keine \u00dcbertragung Ihrer personenbezogenen Daten an eine Organisation oder ein Land stattfindet, es sei denn, es gibt angemessene Kontrollen, einschlie\u00dflich der Sicherheit Ihrer Daten und anderer pers\u00f6nlicher Informationen.<\/p><p><strong>\u00a0<\/strong><\/p><p><strong>Offenlegung von Daten<\/strong><\/p><p><strong>\u00a0<\/strong><\/p><p><strong>Gesch\u00e4fts Transaktion<\/strong><\/p><p>Wenn Marc Ren\u00e9 Deschenaux an einer Fusion, \u00dcbernahme oder einem Verkauf von Verm\u00f6genswerten beteiligt ist, k\u00f6nnen Ihre personenbezogenen Daten \u00fcbertragen werden. Wir werden Sie benachrichtigen, bevor Ihre personenbezogenen Daten \u00fcbertragen werden und einer anderen Datenschutzrichtlinie unterliegen.<\/p><p><strong>\u00a0<\/strong><\/p><p><strong>Offenlegung f\u00fcr die Strafverfolgung<\/strong><\/p><p>Unter bestimmten Umst\u00e4nden kann es erforderlich sein, dass Marc Ren\u00e9 Deschenaux Ihre personenbezogenen Daten offenlegt, wenn dies gesetzlich vorgeschrieben ist oder als Reaktion darauf erfolgt<\/p><p>auf g\u00fcltige Anfragen von Beh\u00f6rden (z. B. einem Gericht oder einer Regierungsbeh\u00f6rde).<\/p><p><strong>\u00a0<\/strong><\/p><p><strong>Rechtliche Anforderungen<\/strong><\/p><p>Marc Ren\u00e9 Deschenaux kann Ihre personenbezogenen Daten in gutem Glauben offenlegen, dass eine solche Ma\u00dfnahme erforderlich ist, um:<\/p><ul><li>Um einer gesetzlichen Verpflichtung nachzukommen<\/li><li>Zum Schutz und zur Verteidigung der Rechte oder des Eigentums von Marc Ren\u00e9 Deschenaux<\/li><li>Um m\u00f6gliches Fehlverhalten im Zusammenhang mit dem Dienst zu verhindern oder zu untersuchen<\/li><li>Um die pers\u00f6nliche Sicherheit der Benutzer des Dienstes oder der \u00d6ffentlichkeit zu sch\u00fctzen<\/li><li>Zum Schutz vor gesetzlicher Haftung<\/li><\/ul><p><strong>\u00a0<\/strong><\/p><p><strong>Sicherheit der Daten<\/strong><\/p><p>Die Sicherheit Ihrer Daten ist uns wichtig, aber denken Sie daran, dass keine \u00dcbertragungsmethode \u00fcber das Internet oder elektronische Speichermethode 100% sicher ist. Obwohl wir uns bem\u00fchen, kommerziell akzeptable Mittel zum Schutz Ihrer personenbezogenen Daten zu verwenden, k\u00f6nnen wir deren absolute Sicherheit nicht garantieren.<\/p><p>Unsere Richtlinie zu \u201eDo Not Track\u201c-Signalen gem\u00e4\u00df dem California Online Protection Act (CalOPPA)<\/p><p>Wir unterst\u00fctzen Do Not Track (\u201eDNT\u201c) nicht. Do Not Track ist eine Einstellung, die Sie in Ihrem Webbrowser festlegen k\u00f6nnen, um Websites dar\u00fcber zu informieren, dass Sie nicht verfolgt werden m\u00f6chten. Sie k\u00f6nnen \u201eDo Not Track\u201c aktivieren oder deaktivieren, indem Sie die Seite \u201eEinstellungen\u201c oder \u201eEinstellungen\u201c Ihres Webbrowsers besuchen.<\/p><p><strong>\u00a0<\/strong><\/p><p><strong>Ihre Datenschutzrechte nach der Datenschutz-Grundverordnung (DSGVO)<\/strong><\/p><p>Wenn Sie im Europ\u00e4ischen Wirtschaftsraum (EWR) ans\u00e4ssig sind, haben Sie bestimmte Datenschutzrechte. Marc Ren\u00e9 Deschenaux ist bestrebt, angemessene Schritte zu unternehmen, damit Sie die Nutzung Ihrer personenbezogenen Daten korrigieren, \u00e4ndern, l\u00f6schen oder einschr\u00e4nken k\u00f6nnen.<\/p><p>Wenn Sie dar\u00fcber informiert werden m\u00f6chten, welche personenbezogenen Daten wir \u00fcber Sie gespeichert haben, und wenn Sie m\u00f6chten, dass diese aus unseren Systemen entfernt werden, kontaktieren Sie uns bitte.<\/p><p>Ihnen stehen unter Umst\u00e4nden folgende Datenschutzrechte zu:<\/p><p>Das Recht, auf die Informationen, die wir \u00fcber Sie haben, zuzugreifen, sie zu aktualisieren oder zu l\u00f6schen. Wann immer dies m\u00f6glich ist, k\u00f6nnen Sie direkt in Ihrem Kontoeinstellungsbereich auf Ihre personenbezogenen Daten zugreifen, sie aktualisieren oder deren L\u00f6schung anfordern. Wenn Sie diese Ma\u00dfnahmen nicht selbst durchf\u00fchren k\u00f6nnen, wenden Sie sich bitte an uns, um Ihnen zu helfen.<\/p><p>Das Recht auf Berichtigung. Sie haben das Recht, Ihre Informationen berichtigen zu lassen, wenn diese Informationen ungenau oder unvollst\u00e4ndig sind.<\/p><p>Das Widerspruchsrecht. Sie haben das Recht, unserer Verarbeitung Ihrer personenbezogenen Daten zu widersprechen.<\/p><p>Das Einschr\u00e4nkungsrecht. Sie haben das Recht zu verlangen, dass wir die Verarbeitung Ihrer personenbezogenen Daten einschr\u00e4nken.<\/p><p>Das Recht auf Daten\u00fcbertragbarkeit. Sie haben das Recht, eine Kopie der Informationen, die wir \u00fcber Sie haben, in einem strukturierten, maschinenlesbaren und g\u00e4ngigen Format zu erhalten.<\/p><p>Das Recht auf Widerruf der Einwilligung. Sie haben auch das Recht, Ihre Einwilligung jederzeit zu widerrufen, wenn sich Marc Ren\u00e9 Deschenaux auf Ihre Einwilligung zur Verarbeitung Ihrer personenbezogenen Daten verlassen hat.<\/p><p>Bitte beachten Sie, dass wir Sie m\u00f6glicherweise bitten, Ihre Identit\u00e4t zu best\u00e4tigen, bevor wir auf solche Anfragen antworten.<\/p><p>Sie haben das Recht, sich bei einer Datenschutzbeh\u00f6rde \u00fcber unsere Erfassung und Verwendung Ihrer personenbezogenen Daten zu beschweren. F\u00fcr weitere Informationen wenden Sie sich bitte an Ihre lokale Datenschutzbeh\u00f6rde im Europ\u00e4ischen Wirtschaftsraum (EWR).<\/p><p><strong>\u00a0<\/strong><\/p><p><strong>Gesch\u00e4fts Transaktion<\/strong><\/p><p>Wenn Marc Ren\u00e9 Deschenaux an einer Fusion, \u00dcbernahme oder einem Verkauf von Verm\u00f6genswerten beteiligt ist, k\u00f6nnen Ihre personenbezogenen Daten \u00fcbertragen werden. Wir werden Sie benachrichtigen, bevor Ihre personenbezogenen Daten \u00fcbertragen werden und einer anderen Datenschutzrichtlinie unterliegen.<\/p><p><strong>\u00a0<\/strong><\/p><p><strong>Offenlegung f\u00fcr die Strafverfolgung<\/strong><\/p><p>Unter bestimmten Umst\u00e4nden kann es erforderlich sein, dass Marc Ren\u00e9 Deschenaux Ihre personenbezogenen Daten offenlegt, wenn dies gesetzlich vorgeschrieben ist oder als Reaktion darauf erfolgt<\/p><p>auf g\u00fcltige Anfragen von Beh\u00f6rden (z. B. einem Gericht oder einer Regierungsbeh\u00f6rde).<\/p><p><strong>\u00a0<\/strong><\/p><p><strong>DIENSTLEISTER<\/strong><\/p><p>Wir k\u00f6nnen Drittunternehmen und Einzelpersonen beauftragen, unseren Dienst zu erleichtern (\u201eDienstleister\u201c), den Dienst in unserem Namen bereitzustellen, dienstbezogene Dienstleistungen zu erbringen oder uns bei der Analyse der Nutzung unseres Dienstes zu unterst\u00fctzen.<\/p><p>Diese Drittparteien haben nur Zugriff auf Ihre personenbezogenen Daten, um diese Aufgaben in unserem Namen auszuf\u00fchren, und sind verpflichtet, sie nicht weiterzugeben oder f\u00fcr andere Zwecke zu verwenden.<\/p><p><strong>\u00a0<\/strong><\/p><p><strong>ANALYSE<\/strong><\/p><p>Wir k\u00f6nnen externe Dienstleister einsetzen, um die Nutzung unseres Dienstes zu \u00fcberwachen und zu analysieren.<\/p><p><strong>Google Analytics<\/strong><\/p><p>Google Analytics ist ein von Google angebotener Webanalysedienst, der den Website-Verkehr verfolgt und meldet. Google verwendet die gesammelten Daten, um die Nutzung unseres Dienstes zu verfolgen und zu \u00fcberwachen. Diese Daten werden mit anderen Google-Diensten geteilt. Google kann die gesammelten Daten verwenden, um die Anzeigen seines eigenen Werbenetzwerks zu kontextualisieren und zu personalisieren. Sie k\u00f6nnen sich dagegen entscheiden, Ihre Aktivit\u00e4ten auf dem Dienst Google Analytics zur Verf\u00fcgung zu stellen, indem Sie das Browser-Add-on zur Deaktivierung von Google Analytics installieren. Das Add-on verhindert, dass das Google Analytics-JavaScript (ga.js, analytics.js und dc.js) Informationen \u00fcber Besuchsaktivit\u00e4ten mit Google Analytics teilt.<\/p><p>Weitere Informationen zu den Datenschutzpraktiken von Google finden Sie auf der Webseite von Google Privacy &amp; Terms:\u00a0<a href=\"https:\/\/policies.google.com\/privacy?hl=en\">https:\/\/policies.google.com\/privacy?hl=en<\/a><\/p><p><strong>\u00a0<\/strong><\/p><p><strong>Zahlungen<\/strong><\/p><p>Wir k\u00f6nnen kostenpflichtige Produkte und\/oder Dienstleistungen innerhalb des Dienstes anbieten. In diesem Fall verwenden wir Dienste von Drittanbietern f\u00fcr die Zahlungsabwicklung (z. B. Zahlungsabwickler).<\/p><p>Wir werden Ihre Zahlungskartendaten nicht speichern oder sammeln. Diese Informationen werden direkt an unsere Drittanbieter-Zahlungsabwickler weitergegeben, deren Verwendung Ihrer personenbezogenen Daten durch deren Datenschutzrichtlinie geregelt wird. Diese Zahlungsabwickler halten sich an die von PCI-DSS festgelegten Standards, die vom PCI Security Standards Council verwaltet werden, einer gemeinsamen Anstrengung von Marken wie Visa, MasterCard, American Express und Discover. PCI-DSS-Anforderungen tragen dazu bei, die sichere Handhabung von Zahlungsinformationen zu gew\u00e4hrleisten. Wir k\u00f6nnen eine Reihe verschiedener Zahlungsl\u00f6sungsanbieter wie Paypal, Postfinance, Stripe und andere verwenden. Wir laden Benutzer ein, die jeweilige Datenschutzrichtlinie zu \u00fcberpr\u00fcfen.<\/p><p><strong>\u00a0<\/strong><\/p><p><strong>Links zu anderen Websites<\/strong><\/p><p>Unser Service kann Links zu anderen Websites enthalten, die nicht von uns betrieben werden. Wenn Sie auf einen Drittanbieter-Link klicken, werden Sie auf die Website dieses Drittanbieters weitergeleitet. Wir empfehlen Ihnen dringend, die Datenschutzrichtlinie jeder Website, die Sie besuchen, zu lesen. Wir haben keine Kontrolle \u00fcber und \u00fcbernehmen keine Verantwortung f\u00fcr die Inhalte, Datenschutzrichtlinien oder Praktiken von Websites oder Diensten Dritter.<\/p><p><strong>\u00a0<\/strong><\/p><p><strong>DATENSCHUTZ DER KINDER<\/strong><\/p><p>Unser Service richtet sich nicht an Personen unter 18 Jahren (\u201eKinder\u201c).<\/p><p>Wir erfassen wissentlich keine personenbezogenen Daten von Personen unter 18 Jahren. Wenn Sie ein Elternteil oder Erziehungsberechtigter sind und wissen, dass Ihr Kind uns personenbezogene Daten zur Verf\u00fcgung gestellt hat, kontaktieren Sie uns bitte. Wenn uns bekannt wird, dass wir personenbezogene Daten von Kindern ohne \u00dcberpr\u00fcfung der elterlichen Zustimmung gesammelt haben, ergreifen wir Ma\u00dfnahmen, um diese Informationen von unseren Servern zu entfernen.<\/p><p><strong>\u00a0<\/strong><\/p><p><strong>\u00c4NDERUNGEN AN DIESER DATENSCHUTZERKL\u00c4RUNG<\/strong><\/p><p>Wir k\u00f6nnen unsere Datenschutzrichtlinie von Zeit zu Zeit aktualisieren. Wir werden Sie \u00fcber alle \u00c4nderungen informieren, indem wir die neue Datenschutzrichtlinie auf dieser Seite ver\u00f6ffentlichen.<\/p><p>Wir werden Sie per E-Mail und\/oder durch einen deutlichen Hinweis auf unserem Service informieren, bevor die \u00c4nderung in Kraft tritt, und das \u201eDatum des Inkrafttretens\u201c oben in dieser Datenschutzrichtlinie aktualisieren.<\/p><p>Es wird empfohlen, diese Datenschutzrichtlinie regelm\u00e4\u00dfig auf \u00c4nderungen zu \u00fcberpr\u00fcfen. \u00c4nderungen an dieser Datenschutzrichtlinie treten in Kraft, wenn sie auf dieser Seite ver\u00f6ffentlicht werden.<\/p><p><strong>\u00a0<\/strong><\/p><p><strong>KONTAKTIERE UNS<\/strong><\/p><p>Wenn Sie Fragen zu dieser Datenschutzrichtlinie haben, wenden Sie sich bitte an <a href=\"https:\/\/marc.deschenaux.com\/de\/contacts\/\">kontaktiere uns<\/a><\/p>\t\t\t\t\t\t\t\t<\/div>\n\t\t\t\t<\/div>\n\t\t\t\t\t<\/div>\n\t\t<\/div>\n\t\t\t\t\t<\/div>\n\t\t<\/section>\n\t\t\t\t<\/div>","protected":false},"excerpt":{"rendered":"<p>(\u201cus\u201d, \u201cwe\u201d, or \u201cour\u201d) is operating the said &#8220;Service&#8221; which is the following website: This page informs you of our policies regarding the collection, use and disclosure of personal data when you use our Service and the choices you have associated with that data. We use your data to provide and improve the Service. By &#8230; <a title=\"Datenschutz-Bestimmungen\" class=\"read-more\" href=\"https:\/\/marc.deschenaux.com\/de\/privacy-policy\/\" aria-label=\"Mehr Informationen \u00fcber Privacy Policy\">Weiterlesen<\/a><\/p>","protected":false},"author":1,"featured_media":0,"parent":0,"menu_order":1000,"comment_status":"closed","ping_status":"closed","template":"","meta":{"footnotes":""},"class_list":["post-3","page","type-page","status-publish"],"_links":{"self":[{"href":"https:\/\/marc.deschenaux.com\/de\/wp-json\/wp\/v2\/pages\/3","targetHints":{"allow":["GET"]}}],"collection":[{"href":"https:\/\/marc.deschenaux.com\/de\/wp-json\/wp\/v2\/pages"}],"about":[{"href":"https:\/\/marc.deschenaux.com\/de\/wp-json\/wp\/v2\/types\/page"}],"author":[{"embeddable":true,"href":"https:\/\/marc.deschenaux.com\/de\/wp-json\/wp\/v2\/users\/1"}],"replies":[{"embeddable":true,"href":"https:\/\/marc.deschenaux.com\/de\/wp-json\/wp\/v2\/comments?post=3"}],"version-history":[{"count":0,"href":"https:\/\/marc.deschenaux.com\/de\/wp-json\/wp\/v2\/pages\/3\/revisions"}],"wp:attachment":[{"href":"https:\/\/marc.deschenaux.com\/de\/wp-json\/wp\/v2\/media?parent=3"}],"curies":[{"name":"wp","href":"https:\/\/api.w.org\/{rel}","templated":true}]}}