{"id":5567,"date":"2021-12-21T22:38:56","date_gmt":"2021-12-21T22:38:56","guid":{"rendered":"https:\/\/marc.deschenaux.com\/?page_id=5567"},"modified":"2025-01-02T22:22:15","modified_gmt":"2025-01-02T22:22:15","slug":"patents","status":"publish","type":"page","link":"https:\/\/marc.deschenaux.com\/de\/patents\/","title":{"rendered":"Patente"},"content":{"rendered":"<div data-elementor-type=\"wp-page\" data-elementor-id=\"5567\" class=\"elementor elementor-5567\" data-elementor-post-type=\"page\">\n\t\t\t\t\t\t<section class=\"elementor-section elementor-top-section elementor-element elementor-element-af2275f elementor-section-boxed elementor-section-height-default elementor-section-height-default\" data-id=\"af2275f\" data-element_type=\"section\" data-e-type=\"section\">\n\t\t\t\t\t\t<div class=\"elementor-container elementor-column-gap-default\">\n\t\t\t\t\t<div class=\"elementor-column elementor-col-100 elementor-top-column elementor-element elementor-element-313ef7e\" data-id=\"313ef7e\" data-element_type=\"column\" data-e-type=\"column\">\n\t\t\t<div class=\"elementor-widget-wrap elementor-element-populated\">\n\t\t\t\t\t\t<div class=\"elementor-element elementor-element-1202a41 elementor-posts__hover-none elementor-grid-3 elementor-grid-tablet-2 elementor-grid-mobile-1 elementor-posts--thumbnail-top elementor-posts--show-avatar elementor-widget elementor-widget-posts\" data-id=\"1202a41\" data-element_type=\"widget\" data-e-type=\"widget\" data-settings=\"{&quot;cards_row_gap&quot;:{&quot;unit&quot;:&quot;px&quot;,&quot;size&quot;:25,&quot;sizes&quot;:[]},&quot;cards_columns&quot;:&quot;3&quot;,&quot;cards_columns_tablet&quot;:&quot;2&quot;,&quot;cards_columns_mobile&quot;:&quot;1&quot;,&quot;cards_row_gap_tablet&quot;:{&quot;unit&quot;:&quot;px&quot;,&quot;size&quot;:&quot;&quot;,&quot;sizes&quot;:[]},&quot;cards_row_gap_mobile&quot;:{&quot;unit&quot;:&quot;px&quot;,&quot;size&quot;:&quot;&quot;,&quot;sizes&quot;:[]}}\" data-widget_type=\"posts.cards\">\n\t\t\t\t<div class=\"elementor-widget-container\">\n\t\t\t\t\t\t\t<div class=\"elementor-posts-container elementor-posts elementor-posts--skin-cards elementor-grid\" role=\"list\">\n\t\t\t\t<article class=\"elementor-post elementor-grid-item post-9391 post type-post status-publish format-standard hentry category-patents\" role=\"listitem\">\n\t\t\t<div class=\"elementor-post__card\">\n\t\t\t\t<div class=\"elementor-post__text\">\n\t\t\t\t<h3 class=\"elementor-post__title\">\n\t\t\t<a href=\"https:\/\/marc.deschenaux.com\/de\/patents\/universal-securities-wrapper-patent-published\/\" >\n\t\t\t\tUniversal Securities Wrapper &#8211; Patent published\t\t\t<\/a>\n\t\t<\/h3>\n\t\t\t\t<div class=\"elementor-post__excerpt\">\n\t\t\t<p><b>United States Patent<\/b><\/br><br \/>\n<b>Application No.<\/b> 18\/504,287<\/br><br \/>\n<b>Patent No.<\/b> US 12,505,486 B2<\/br><br \/>\n<b>Applicant &#038; Inventor:<\/b> Marc R Deschenaux<\/p>\n\t\t<\/div>\n\t\t\t\t\t<div class=\"elementor-post__read-more-wrapper\">\n\t\t\n\t\t<a class=\"elementor-post__read-more\" href=\"https:\/\/marc.deschenaux.com\/de\/patents\/universal-securities-wrapper-patent-published\/\" aria-label=\"Read more about Universal Securities Wrapper &#8211; Patent published\" tabindex=\"-1\" >\n\t\t\tWeiterlesen &quot;\t\t<\/a>\n\n\t\t\t\t\t<\/div>\n\t\t\t\t<\/div>\n\t\t\t\t\t<\/div>\n\t\t<\/article>\n\t\t\t\t<article class=\"elementor-post elementor-grid-item post-8592 post type-post status-publish format-standard hentry category-patents\" role=\"listitem\">\n\t\t\t<div class=\"elementor-post__card\">\n\t\t\t\t<div class=\"elementor-post__text\">\n\t\t\t\t<h3 class=\"elementor-post__title\">\n\t\t\t<a href=\"https:\/\/marc.deschenaux.com\/de\/patents\/receipt-of-acknowledge-revenue-based-investing-p25194us01\/\" >\n\t\t\t\tReceipt of Acknowledge &#8211; Revenue Based Investing\t\t\t<\/a>\n\t\t<\/h3>\n\t\t\t\t<div class=\"elementor-post__excerpt\">\n\t\t\t<p>Electronic acknowledgement receipt of US Patent Application<\/br><br \/>\nUtility &#8211; Non-provisional<\/br><br \/>\nAttorney Docket # <b>P25194US01<\/b><\/p>\n\t\t<\/div>\n\t\t\t\t\t<div class=\"elementor-post__read-more-wrapper\">\n\t\t\n\t\t<a class=\"elementor-post__read-more\" href=\"https:\/\/marc.deschenaux.com\/de\/patents\/receipt-of-acknowledge-revenue-based-investing-p25194us01\/\" aria-label=\"Read more about Receipt of Acknowledge &#8211; Revenue Based Investing\" tabindex=\"-1\" >\n\t\t\tWeiterlesen &quot;\t\t<\/a>\n\n\t\t\t\t\t<\/div>\n\t\t\t\t<\/div>\n\t\t\t\t\t<\/div>\n\t\t<\/article>\n\t\t\t\t<article class=\"elementor-post elementor-grid-item post-8278 post type-post status-publish format-standard hentry category-patents\" role=\"listitem\">\n\t\t\t<div class=\"elementor-post__card\">\n\t\t\t\t<div class=\"elementor-post__text\">\n\t\t\t\t<h3 class=\"elementor-post__title\">\n\t\t\t<a href=\"https:\/\/marc.deschenaux.com\/de\/patents\/leila-alia-ireceipt-patent\/\" >\n\t\t\t\tLeila Alia iReceipt Patent\t\t\t<\/a>\n\t\t<\/h3>\n\t\t\t\t<div class=\"elementor-post__excerpt\">\n\t\t\t<p>This application claims the benefit of US Provisional Application Serial No. 63\/333,712,<br \/>\nfiled April 22, 2022, the contents of which are incorporated herein in their entirety.<\/p>\n\t\t<\/div>\n\t\t\t\t\t<div class=\"elementor-post__read-more-wrapper\">\n\t\t\n\t\t<a class=\"elementor-post__read-more\" href=\"https:\/\/marc.deschenaux.com\/de\/patents\/leila-alia-ireceipt-patent\/\" aria-label=\"Read more about Leila Alia iReceipt Patent\" tabindex=\"-1\" >\n\t\t\tWeiterlesen &quot;\t\t<\/a>\n\n\t\t\t\t\t<\/div>\n\t\t\t\t<\/div>\n\t\t\t\t\t<\/div>\n\t\t<\/article>\n\t\t\t\t<article class=\"elementor-post elementor-grid-item post-6918 post type-post status-publish format-standard hentry category-patents\" role=\"listitem\">\n\t\t\t<div class=\"elementor-post__card\">\n\t\t\t\t<div class=\"elementor-post__text\">\n\t\t\t\t<h3 class=\"elementor-post__title\">\n\t\t\t<a href=\"https:\/\/marc.deschenaux.com\/de\/patents\/receipt-of-acknowledge-special-purpose-incorporation-company\/\" >\n\t\t\t\tErhalt der Best\u00e4tigung \u2013 Special Purpose Incorporation Company\t\t\t<\/a>\n\t\t<\/h3>\n\t\t\t\t<div class=\"elementor-post__excerpt\">\n\t\t\t<p>Elektronische Empfangsbest\u00e4tigung der Erfindung der Special Purpose Incorporation Company (SPIC).<\/p>\n\t\t<\/div>\n\t\t\t\t\t<div class=\"elementor-post__read-more-wrapper\">\n\t\t\n\t\t<a class=\"elementor-post__read-more\" href=\"https:\/\/marc.deschenaux.com\/de\/patents\/receipt-of-acknowledge-special-purpose-incorporation-company\/\" aria-label=\"Read more about Receipt of Acknowledge  &#8211; Special Purpose Incorporation Company\" tabindex=\"-1\" >\n\t\t\tWeiterlesen &quot;\t\t<\/a>\n\n\t\t\t\t\t<\/div>\n\t\t\t\t<\/div>\n\t\t\t\t\t<\/div>\n\t\t<\/article>\n\t\t\t\t<article class=\"elementor-post elementor-grid-item post-6086 post type-post status-publish format-standard hentry category-patents\" role=\"listitem\">\n\t\t\t<div class=\"elementor-post__card\">\n\t\t\t\t<div class=\"elementor-post__text\">\n\t\t\t\t<h3 class=\"elementor-post__title\">\n\t\t\t<a href=\"https:\/\/marc.deschenaux.com\/de\/patents\/receipt-of-acknowledge-united-states-patent-and-trademark-office-2022\/\" >\n\t\t\t\tEmpfangsbest\u00e4tigung \u2013 United States Patent and Trademark Office 2022\t\t\t<\/a>\n\t\t<\/h3>\n\t\t\t\t<div class=\"elementor-post__excerpt\">\n\t\t\t<p>Der Eingang dieser nicht vorl\u00e4ufigen Gebrauchsmusteranmeldung wird best\u00e4tigt. Der Antrag wird zu gegebener Zeit zur Pr\u00fcfung aufgenommen. Das Ergebnis der Pr\u00fcfung wird dem Bewerber mitgeteilt.<\/p>\n\t\t<\/div>\n\t\t\t\t\t<div class=\"elementor-post__read-more-wrapper\">\n\t\t\n\t\t<a class=\"elementor-post__read-more\" href=\"https:\/\/marc.deschenaux.com\/de\/patents\/receipt-of-acknowledge-united-states-patent-and-trademark-office-2022\/\" aria-label=\"Read more about Receipt of Acknowledge  &#8211; United States Patent and Trademark Office 2022\" tabindex=\"-1\" >\n\t\t\tWeiterlesen &quot;\t\t<\/a>\n\n\t\t\t\t\t<\/div>\n\t\t\t\t<\/div>\n\t\t\t\t\t<\/div>\n\t\t<\/article>\n\t\t\t\t<article class=\"elementor-post elementor-grid-item post-5957 post type-post status-publish format-standard hentry category-patents\" role=\"listitem\">\n\t\t\t<div class=\"elementor-post__card\">\n\t\t\t\t<div class=\"elementor-post__text\">\n\t\t\t\t<h3 class=\"elementor-post__title\">\n\t\t\t<a href=\"https:\/\/marc.deschenaux.com\/de\/patents\/a-fundraising-incubator-for-venture-capitalization\/\" >\n\t\t\t\tEin Fundraising-Inkubator f\u00fcr Risikokapitalisierung\t\t\t<\/a>\n\t\t<\/h3>\n\t\t\t\t<div class=\"elementor-post__excerpt\">\n\t\t\t<p>Es ist oft schwierig, das Budget eines gro\u00dfen Unternehmens wie einer Fusion, einer \u00dcbernahme, einer Wertpapier-Privatplatzierung oder eines B\u00f6rsengangs (IPO) aufzubringen. Zus\u00e4tzlich zu den erheblichen Kosten monopolisiert es einen erheblichen Teil der Ressourcen des Unternehmens und die Aufmerksamkeit des Managements. Aus diesem Grund ist es nicht ungew\u00f6hnlich, dass w\u00e4hrend des Prozesses der Risikokapitalisierung (z. B. B\u00f6rsengang) die Leistung des Unternehmens stark beeintr\u00e4chtigt wird. Daher kann ein zus\u00e4tzlicher Finanzierungsbedarf bestehen, und sei es nur, um die schlechte Vertriebsleistung aufgrund des Aufwands des Risikokapitalisierungs- oder IPO-Prozesses auszugleichen.<\/p>\n\t\t<\/div>\n\t\t\t\t\t<div class=\"elementor-post__read-more-wrapper\">\n\t\t\n\t\t<a class=\"elementor-post__read-more\" href=\"https:\/\/marc.deschenaux.com\/de\/patents\/a-fundraising-incubator-for-venture-capitalization\/\" aria-label=\"Read more about A Fundraising Incubator for Venture Capitalization\" tabindex=\"-1\" >\n\t\t\tWeiterlesen &quot;\t\t<\/a>\n\n\t\t\t\t\t<\/div>\n\t\t\t\t<\/div>\n\t\t\t\t\t<\/div>\n\t\t<\/article>\n\t\t\t\t<article class=\"elementor-post elementor-grid-item post-5935 post type-post status-publish format-standard hentry category-patents\" role=\"listitem\">\n\t\t\t<div class=\"elementor-post__card\">\n\t\t\t\t<div class=\"elementor-post__text\">\n\t\t\t\t<h3 class=\"elementor-post__title\">\n\t\t\t<a href=\"https:\/\/marc.deschenaux.com\/de\/patents\/cascading-initial-public-offerings-for-venture-capitalization\/\" >\n\t\t\t\tKaskadierende B\u00f6rseng\u00e4nge f\u00fcr Risikokapitalisierung\t\t\t<\/a>\n\t\t<\/h3>\n\t\t\t\t<div class=\"elementor-post__excerpt\">\n\t\t\t<p>Die Haupthindernisse, die einen B\u00f6rsengang (IPO) f\u00fcr ein Unternehmen verhindern, das dazu bereit, willens und in der Lage ist, umfassen die folgenden: Die Vorbereitungskosten f\u00fcr einen B\u00f6rsengang sind unerschwinglich; es gibt keine Garantie, dass der B\u00f6rsengang erfolgreich sein wird; und Banker und andere Fachleute, die ihre Karriere aufs Spiel setzen, werden den B\u00f6rsengang nicht genehmigen, ohne eine ordnungsgem\u00e4\u00dfe Due Diligence zu gew\u00e4hrleisten, die die Sicherheit der Finanzwertpapierm\u00e4rkte und die Validierung des Gesch\u00e4ftsmodells gew\u00e4hrleistet; ausreichende Einnahmen, die das Unternehmen zumindest positiv und wenn nicht profitabel machen; starkes und stabiles Wachstum.<\/p>\n\t\t<\/div>\n\t\t\t\t\t<div class=\"elementor-post__read-more-wrapper\">\n\t\t\n\t\t<a class=\"elementor-post__read-more\" href=\"https:\/\/marc.deschenaux.com\/de\/patents\/cascading-initial-public-offerings-for-venture-capitalization\/\" aria-label=\"Read more about Cascading Initial Public Offerings for Venture Capitalization\" tabindex=\"-1\" >\n\t\t\tWeiterlesen &quot;\t\t<\/a>\n\n\t\t\t\t\t<\/div>\n\t\t\t\t<\/div>\n\t\t\t\t\t<\/div>\n\t\t<\/article>\n\t\t\t\t<article class=\"elementor-post elementor-grid-item post-5974 post type-post status-publish format-standard hentry category-patents\" role=\"listitem\">\n\t\t\t<div class=\"elementor-post__card\">\n\t\t\t\t<div class=\"elementor-post__text\">\n\t\t\t\t<h3 class=\"elementor-post__title\">\n\t\t\t<a href=\"https:\/\/marc.deschenaux.com\/de\/patents\/incremental-priced-funding-rounds\/\" >\n\t\t\t\tFinanzierungsrunden mit inkrementellem Preis\t\t\t<\/a>\n\t\t<\/h3>\n\t\t\t\t<div class=\"elementor-post__excerpt\">\n\t\t\t<p>Fr\u00fcher umfassten Methoden zur Beschaffung von Investitionskapital die Methode der Finanzierungsrunden. Jedes Mal, wenn eine Wertpapieremission erforderlich war, wurde ein Festpreis f\u00fcr jede Aktie des Wertpapiers gem\u00e4\u00df dem aktuellen Zustand und der Bewertung des Unternehmens festgelegt, f\u00fcr das das Wertpapier ausgegeben und den Anlegern angeboten wurde. Wenn das Unternehmen bei einem einzigen Festpreis schlecht gef\u00fchrt wurde oder seine urspr\u00fcnglichen Ziele nicht erreichen konnte oder einfach kein Geld mehr hatte, musste der Festpreis gesenkt werden, um neue Investoren anzuziehen. Neue Anleger k\u00f6nnten Aktien zu einem niedrigeren Preis kaufen als die fr\u00fcheren Anleger, w\u00e4hrend neue Anleger immer noch ein geringeres Risiko tragen als die fr\u00fcheren Anleger. <\/p>\n\t\t<\/div>\n\t\t\t\t\t<div class=\"elementor-post__read-more-wrapper\">\n\t\t\n\t\t<a class=\"elementor-post__read-more\" href=\"https:\/\/marc.deschenaux.com\/de\/patents\/incremental-priced-funding-rounds\/\" aria-label=\"Read more about Incremental-Priced Funding Rounds\" tabindex=\"-1\" >\n\t\t\tWeiterlesen &quot;\t\t<\/a>\n\n\t\t\t\t\t<\/div>\n\t\t\t\t<\/div>\n\t\t\t\t\t<\/div>\n\t\t<\/article>\n\t\t\t\t<article class=\"elementor-post elementor-grid-item post-5962 post type-post status-publish format-standard hentry category-patents\" role=\"listitem\">\n\t\t\t<div class=\"elementor-post__card\">\n\t\t\t\t<div class=\"elementor-post__text\">\n\t\t\t\t<h3 class=\"elementor-post__title\">\n\t\t\t<a href=\"https:\/\/marc.deschenaux.com\/de\/patents\/ips\/\" >\n\t\t\t\tWertpapiere des geistigen Eigentums\t\t\t<\/a>\n\t\t<\/h3>\n\t\t\t\t<div class=\"elementor-post__excerpt\">\n\t\t\t<p>Traditionell konnten Investoren Kapital in Gemeinschaftsunternehmen wie Kapitalgesellschaften investieren, indem sie Aktien des gesamten Unternehmens kauften. Wer beispielsweise in die Filmbranche investieren wollte, konnte Anteile an gro\u00dfen Unternehmen kaufen, die Filme produzierten, wie Sony oder Disney. Diese gro\u00dfen Unternehmen haben jedoch andere Unternehmungen au\u00dferhalb von Filmen, die f\u00fcr einzelne Investoren m\u00f6glicherweise nicht von Interesse sind. In einigen F\u00e4llen m\u00f6chte ein Anleger m\u00f6glicherweise gezielter investieren.<\/p>\n\t\t<\/div>\n\t\t\t\t\t<div class=\"elementor-post__read-more-wrapper\">\n\t\t\n\t\t<a class=\"elementor-post__read-more\" href=\"https:\/\/marc.deschenaux.com\/de\/patents\/ips\/\" aria-label=\"Read more about Intellectual Property Securities\" tabindex=\"-1\" >\n\t\t\tWeiterlesen &quot;\t\t<\/a>\n\n\t\t\t\t\t<\/div>\n\t\t\t\t<\/div>\n\t\t\t\t\t<\/div>\n\t\t<\/article>\n\t\t\t\t<article class=\"elementor-post elementor-grid-item post-5912 post type-post status-publish format-standard hentry category-patents\" role=\"listitem\">\n\t\t\t<div class=\"elementor-post__card\">\n\t\t\t\t<div class=\"elementor-post__text\">\n\t\t\t\t<h3 class=\"elementor-post__title\">\n\t\t\t<a href=\"https:\/\/marc.deschenaux.com\/de\/patents\/master-spac-for-venture-capitalization\/\" >\n\t\t\t\tMaster SPAC f\u00fcr Risikokapitalisierung\t\t\t<\/a>\n\t\t<\/h3>\n\t\t\t\t<div class=\"elementor-post__excerpt\">\n\t\t\t<p>Die Haupthindernisse, die einen B\u00f6rsengang (IPO) f\u00fcr ein Unternehmen verhindern, das dazu bereit, willens und in der Lage ist, umfassen die folgenden: Die Vorbereitungskosten f\u00fcr einen B\u00f6rsengang sind unerschwinglich; es gibt keine Garantie, dass der B\u00f6rsengang erfolgreich sein wird; und Banker und andere Fachleute, die ihre Karriere aufs Spiel setzen, werden den B\u00f6rsengang nicht genehmigen, ohne eine ordnungsgem\u00e4\u00dfe Due Diligence zu gew\u00e4hrleisten, die die Sicherheit der Finanzwertpapierm\u00e4rkte und die Validierung des Gesch\u00e4ftsmodells gew\u00e4hrleistet; ausreichende Einnahmen, die das Unternehmen zumindest positiv und wenn nicht profitabel machen; starkes und stabiles Wachstum.<\/p>\n\t\t<\/div>\n\t\t\t\t\t<div class=\"elementor-post__read-more-wrapper\">\n\t\t\n\t\t<a class=\"elementor-post__read-more\" href=\"https:\/\/marc.deschenaux.com\/de\/patents\/master-spac-for-venture-capitalization\/\" aria-label=\"Read more about Master SPAC for Venture Capitalization\" tabindex=\"-1\" >\n\t\t\tWeiterlesen &quot;\t\t<\/a>\n\n\t\t\t\t\t<\/div>\n\t\t\t\t<\/div>\n\t\t\t\t\t<\/div>\n\t\t<\/article>\n\t\t\t\t<\/div>\n\t\t\n\t\t\t\t\t\t<\/div>\n\t\t\t\t<\/div>\n\t\t\t\t<div class=\"elementor-element elementor-element-41d597d elementor-widget elementor-widget-image\" data-id=\"41d597d\" data-element_type=\"widget\" data-e-type=\"widget\" data-widget_type=\"image.default\">\n\t\t\t\t<div class=\"elementor-widget-container\">\n\t\t\t\t\t\t\t\t\t\t\t\t\t\t\t<img fetchpriority=\"high\" decoding=\"async\" width=\"1024\" height=\"683\" src=\"https:\/\/marc.deschenaux.com\/wp-content\/uploads\/Patents-List-1024x683.png\" class=\"attachment-large size-large wp-image-8773\" alt=\"\" srcset=\"https:\/\/marc.deschenaux.com\/wp-content\/uploads\/Patents-List-1024x683.png 1024w, https:\/\/marc.deschenaux.com\/wp-content\/uploads\/Patents-List-300x200.png 300w, https:\/\/marc.deschenaux.com\/wp-content\/uploads\/Patents-List-768x512.png 768w, https:\/\/marc.deschenaux.com\/wp-content\/uploads\/Patents-List-1536x1024.png 1536w, https:\/\/marc.deschenaux.com\/wp-content\/uploads\/Patents-List-2048x1365.png 2048w, https:\/\/marc.deschenaux.com\/wp-content\/uploads\/Patents-List-18x12.png 18w\" sizes=\"(max-width: 1024px) 100vw, 1024px\" \/>\t\t\t\t\t\t\t\t\t\t\t\t\t\t\t<\/div>\n\t\t\t\t<\/div>\n\t\t\t\t<div class=\"elementor-element elementor-element-30f5a90 elementor-align-center elementor-widget elementor-widget-button\" data-id=\"30f5a90\" data-element_type=\"widget\" data-e-type=\"widget\" data-widget_type=\"button.default\">\n\t\t\t\t<div class=\"elementor-widget-container\">\n\t\t\t\t\t\t\t\t\t<div class=\"elementor-button-wrapper\">\n\t\t\t\t\t<a class=\"elementor-button elementor-button-link elementor-size-lg\" href=\"https:\/\/marc.deschenaux.com\/de\/inventions\/\">\n\t\t\t\t\t\t<span class=\"elementor-button-content-wrapper\">\n\t\t\t\t\t\t\t\t\t<span class=\"elementor-button-text\">Erfindungen<\/span>\n\t\t\t\t\t<\/span>\n\t\t\t\t\t<\/a>\n\t\t\t\t<\/div>\n\t\t\t\t\t\t\t\t<\/div>\n\t\t\t\t<\/div>\n\t\t\t\t\t<\/div>\n\t\t<\/div>\n\t\t\t\t\t<\/div>\n\t\t<\/section>\n\t\t\t\t<\/div>","protected":false},"excerpt":{"rendered":"<p>Erfindungen<\/p>","protected":false},"author":1,"featured_media":0,"parent":0,"menu_order":1,"comment_status":"closed","ping_status":"closed","template":"","meta":{"footnotes":""},"class_list":["post-5567","page","type-page","status-publish","hentry"],"_links":{"self":[{"href":"https:\/\/marc.deschenaux.com\/de\/wp-json\/wp\/v2\/pages\/5567","targetHints":{"allow":["GET"]}}],"collection":[{"href":"https:\/\/marc.deschenaux.com\/de\/wp-json\/wp\/v2\/pages"}],"about":[{"href":"https:\/\/marc.deschenaux.com\/de\/wp-json\/wp\/v2\/types\/page"}],"author":[{"embeddable":true,"href":"https:\/\/marc.deschenaux.com\/de\/wp-json\/wp\/v2\/users\/1"}],"replies":[{"embeddable":true,"href":"https:\/\/marc.deschenaux.com\/de\/wp-json\/wp\/v2\/comments?post=5567"}],"version-history":[{"count":0,"href":"https:\/\/marc.deschenaux.com\/de\/wp-json\/wp\/v2\/pages\/5567\/revisions"}],"wp:attachment":[{"href":"https:\/\/marc.deschenaux.com\/de\/wp-json\/wp\/v2\/media?parent=5567"}],"curies":[{"name":"wp","href":"https:\/\/api.w.org\/{rel}","templated":true}]}}