{"id":41,"date":"2020-05-06T14:15:50","date_gmt":"2020-05-06T14:15:50","guid":{"rendered":"https:\/\/new.deschenaux.me\/?page_id=41"},"modified":"2021-02-08T07:18:16","modified_gmt":"2021-02-08T07:18:16","slug":"bio","status":"publish","type":"page","link":"https:\/\/marc.deschenaux.com\/es\/bio\/","title":{"rendered":"biograf\u00eda"},"content":{"rendered":"<div data-elementor-type=\"wp-page\" data-elementor-id=\"41\" class=\"elementor elementor-41\" data-elementor-post-type=\"page\">\n\t\t\t\t\t\t<section class=\"elementor-section elementor-top-section elementor-element elementor-element-af2275f elementor-section-stretched elementor-section-boxed elementor-section-height-default elementor-section-height-default\" data-id=\"af2275f\" data-element_type=\"section\" data-e-type=\"section\" data-settings=\"{&quot;stretch_section&quot;:&quot;section-stretched&quot;}\">\n\t\t\t\t\t\t<div class=\"elementor-container elementor-column-gap-default\">\n\t\t\t\t\t<div class=\"elementor-column elementor-col-100 elementor-top-column elementor-element elementor-element-313ef7e\" data-id=\"313ef7e\" data-element_type=\"column\" data-e-type=\"column\">\n\t\t\t<div class=\"elementor-widget-wrap elementor-element-populated\">\n\t\t\t\t\t\t<div class=\"elementor-element elementor-element-89c5ca7 elementor-posts__hover-none elementor-grid-3 elementor-grid-tablet-2 elementor-grid-mobile-1 elementor-posts--thumbnail-top elementor-widget elementor-widget-posts\" data-id=\"89c5ca7\" data-element_type=\"widget\" data-e-type=\"widget\" data-settings=\"{&quot;cards_row_gap&quot;:{&quot;unit&quot;:&quot;px&quot;,&quot;size&quot;:25,&quot;sizes&quot;:[]},&quot;cards_columns&quot;:&quot;3&quot;,&quot;cards_columns_tablet&quot;:&quot;2&quot;,&quot;cards_columns_mobile&quot;:&quot;1&quot;,&quot;cards_row_gap_tablet&quot;:{&quot;unit&quot;:&quot;px&quot;,&quot;size&quot;:&quot;&quot;,&quot;sizes&quot;:[]},&quot;cards_row_gap_mobile&quot;:{&quot;unit&quot;:&quot;px&quot;,&quot;size&quot;:&quot;&quot;,&quot;sizes&quot;:[]}}\" data-widget_type=\"posts.cards\">\n\t\t\t\t<div class=\"elementor-widget-container\">\n\t\t\t\t\t\t\t<div class=\"elementor-posts-container elementor-posts elementor-posts--skin-cards elementor-grid\" role=\"list\">\n\t\t\t\t<article class=\"elementor-post elementor-grid-item post-3366 post type-post status-publish format-standard has-post-thumbnail hentry category-biography\" role=\"listitem\">\n\t\t\t<div class=\"elementor-post__card\">\n\t\t\t\t<a class=\"elementor-post__thumbnail__link\" href=\"https:\/\/marc.deschenaux.com\/es\/biography\/marc-deschenaux-short-bio-150-words\/\" tabindex=\"-1\" ><div class=\"elementor-post__thumbnail\"><img fetchpriority=\"high\" decoding=\"async\" width=\"643\" height=\"643\" src=\"https:\/\/marc.deschenaux.com\/wp-content\/uploads\/Marc-Deschenaux-01.jpg\" class=\"attachment-full size-full wp-image-3373\" alt=\"marc deschenaux\" srcset=\"https:\/\/marc.deschenaux.com\/wp-content\/uploads\/Marc-Deschenaux-01.jpg 643w, https:\/\/marc.deschenaux.com\/wp-content\/uploads\/Marc-Deschenaux-01-300x300.jpg 300w, https:\/\/marc.deschenaux.com\/wp-content\/uploads\/Marc-Deschenaux-01-150x150.jpg 150w, https:\/\/marc.deschenaux.com\/wp-content\/uploads\/Marc-Deschenaux-01-12x12.jpg 12w\" sizes=\"(max-width: 643px) 100vw, 643px\" \/><\/div><\/a>\n\t\t\t\t<div class=\"elementor-post__badge\">Biograf\u00eda<\/div>\n\t\t\t\t<div class=\"elementor-post__text\">\n\t\t\t\t<h3 class=\"elementor-post__title\">\n\t\t\t<a href=\"https:\/\/marc.deschenaux.com\/es\/biography\/marc-deschenaux-short-bio-150-words\/\" >\n\t\t\t\tMarc Deschenaux Breve biograf\u00eda 150 palabras\t\t\t<\/a>\n\t\t<\/h3>\n\t\t\t\t<div class=\"elementor-post__excerpt\">\n\t\t\t<p>Marc Deschenaux, tambi\u00e9n conocido como &quot;El \u00e1guila de Wall Street&quot;, es un experto de renombre mundial en finanzas corporativas, desde ofertas privadas hasta ofertas p\u00fablicas iniciales.<\/p>\n\t\t<\/div>\n\t\t\n\t\t<a class=\"elementor-post__read-more\" href=\"https:\/\/marc.deschenaux.com\/es\/biography\/marc-deschenaux-short-bio-150-words\/\" aria-label=\"M\u00e1s informaci\u00f3n sobre Marc Deschenaux Short Bio 150 words\" tabindex=\"-1\" >\n\t\t\tLeer m\u00e1s &quot;\t\t<\/a>\n\n\t\t\t\t<\/div>\n\t\t\t\t\t<\/div>\n\t\t<\/article>\n\t\t\t\t<article class=\"elementor-post elementor-grid-item post-3392 post type-post status-publish format-standard has-post-thumbnail hentry category-biography\" role=\"listitem\">\n\t\t\t<div class=\"elementor-post__card\">\n\t\t\t\t<a class=\"elementor-post__thumbnail__link\" href=\"https:\/\/marc.deschenaux.com\/es\/biography\/marc-deschenaux-medium-bio-250-words\/\" tabindex=\"-1\" ><div class=\"elementor-post__thumbnail\"><img decoding=\"async\" width=\"1224\" height=\"1224\" src=\"https:\/\/marc.deschenaux.com\/wp-content\/uploads\/Marc-Deschenaux-02.jpg\" class=\"attachment-full size-full wp-image-3396\" alt=\"marc deschenaux\" srcset=\"https:\/\/marc.deschenaux.com\/wp-content\/uploads\/Marc-Deschenaux-02.jpg 1224w, https:\/\/marc.deschenaux.com\/wp-content\/uploads\/Marc-Deschenaux-02-300x300.jpg 300w, https:\/\/marc.deschenaux.com\/wp-content\/uploads\/Marc-Deschenaux-02-1024x1024.jpg 1024w, https:\/\/marc.deschenaux.com\/wp-content\/uploads\/Marc-Deschenaux-02-150x150.jpg 150w, https:\/\/marc.deschenaux.com\/wp-content\/uploads\/Marc-Deschenaux-02-768x768.jpg 768w, https:\/\/marc.deschenaux.com\/wp-content\/uploads\/Marc-Deschenaux-02-12x12.jpg 12w\" sizes=\"(max-width: 1224px) 100vw, 1224px\" \/><\/div><\/a>\n\t\t\t\t<div class=\"elementor-post__badge\">Biograf\u00eda<\/div>\n\t\t\t\t<div class=\"elementor-post__text\">\n\t\t\t\t<h3 class=\"elementor-post__title\">\n\t\t\t<a href=\"https:\/\/marc.deschenaux.com\/es\/biography\/marc-deschenaux-medium-bio-250-words\/\" >\n\t\t\t\tMarc Deschenaux Medium Bio 250 Palabras\t\t\t<\/a>\n\t\t<\/h3>\n\t\t\t\t<div class=\"elementor-post__excerpt\">\n\t\t\t<p>Marc Deschenaux, es un jurista suizo (abogado no colegiado) y un experto de renombre mundial en altas finanzas, con sede en Ginebra (Suiza) \u2013 Nueva York \u2013 Los<\/p>\n\t\t<\/div>\n\t\t\n\t\t<a class=\"elementor-post__read-more\" href=\"https:\/\/marc.deschenaux.com\/es\/biography\/marc-deschenaux-medium-bio-250-words\/\" aria-label=\"M\u00e1s informaci\u00f3n sobre Marc Deschenaux Medium Bio 250 Words\" tabindex=\"-1\" >\n\t\t\tLeer m\u00e1s &quot;\t\t<\/a>\n\n\t\t\t\t<\/div>\n\t\t\t\t\t<\/div>\n\t\t<\/article>\n\t\t\t\t<article class=\"elementor-post elementor-grid-item post-3400 post type-post status-publish format-standard has-post-thumbnail hentry category-biography\" role=\"listitem\">\n\t\t\t<div class=\"elementor-post__card\">\n\t\t\t\t<a class=\"elementor-post__thumbnail__link\" href=\"https:\/\/marc.deschenaux.com\/es\/biography\/marc-rene-deschenaux-392-words\/\" tabindex=\"-1\" ><div class=\"elementor-post__thumbnail\"><img fetchpriority=\"high\" decoding=\"async\" width=\"643\" height=\"643\" src=\"https:\/\/marc.deschenaux.com\/wp-content\/uploads\/Marc-Deschenaux-01.jpg\" class=\"attachment-full size-full wp-image-3373\" alt=\"marc deschenaux\" srcset=\"https:\/\/marc.deschenaux.com\/wp-content\/uploads\/Marc-Deschenaux-01.jpg 643w, https:\/\/marc.deschenaux.com\/wp-content\/uploads\/Marc-Deschenaux-01-300x300.jpg 300w, https:\/\/marc.deschenaux.com\/wp-content\/uploads\/Marc-Deschenaux-01-150x150.jpg 150w, https:\/\/marc.deschenaux.com\/wp-content\/uploads\/Marc-Deschenaux-01-12x12.jpg 12w\" sizes=\"(max-width: 643px) 100vw, 643px\" \/><\/div><\/a>\n\t\t\t\t<div class=\"elementor-post__badge\">Biograf\u00eda<\/div>\n\t\t\t\t<div class=\"elementor-post__text\">\n\t\t\t\t<h3 class=\"elementor-post__title\">\n\t\t\t<a href=\"https:\/\/marc.deschenaux.com\/es\/biography\/marc-rene-deschenaux-392-words\/\" >\n\t\t\t\tMarc Ren\u00e9 DESCHENAUX 392 Palabras\t\t\t<\/a>\n\t\t<\/h3>\n\t\t\t\t<div class=\"elementor-post__excerpt\">\n\t\t\t<p>Greenberg Hornblower Deschenaux &amp; Partners LLPRue Fran\u00e7ois Bonivard, 10, 6th Floor, 1201, Ginebra, Suiza M\u00f3vil: +41 78 924-9594Pro: marc@ghd-llp.comPri: marc@deschenaux.com Marc Deschenaux es suizo<\/p>\n\t\t<\/div>\n\t\t\n\t\t<a class=\"elementor-post__read-more\" href=\"https:\/\/marc.deschenaux.com\/es\/biography\/marc-rene-deschenaux-392-words\/\" aria-label=\"M\u00e1s informaci\u00f3n sobre Marc Ren\u00e9 DESCHENAUX 392 Words\" tabindex=\"-1\" >\n\t\t\tLeer m\u00e1s &quot;\t\t<\/a>\n\n\t\t\t\t<\/div>\n\t\t\t\t\t<\/div>\n\t\t<\/article>\n\t\t\t\t<article class=\"elementor-post elementor-grid-item post-3405 post type-post status-publish format-standard has-post-thumbnail hentry category-biography\" role=\"listitem\">\n\t\t\t<div class=\"elementor-post__card\">\n\t\t\t\t<a class=\"elementor-post__thumbnail__link\" href=\"https:\/\/marc.deschenaux.com\/es\/biography\/marc-deschenaux-mid-long-bio-536-words\/\" tabindex=\"-1\" ><div class=\"elementor-post__thumbnail\"><img fetchpriority=\"high\" decoding=\"async\" width=\"643\" height=\"643\" src=\"https:\/\/marc.deschenaux.com\/wp-content\/uploads\/Marc-Deschenaux-01.jpg\" class=\"attachment-full size-full wp-image-3373\" alt=\"marc deschenaux\" srcset=\"https:\/\/marc.deschenaux.com\/wp-content\/uploads\/Marc-Deschenaux-01.jpg 643w, https:\/\/marc.deschenaux.com\/wp-content\/uploads\/Marc-Deschenaux-01-300x300.jpg 300w, https:\/\/marc.deschenaux.com\/wp-content\/uploads\/Marc-Deschenaux-01-150x150.jpg 150w, https:\/\/marc.deschenaux.com\/wp-content\/uploads\/Marc-Deschenaux-01-12x12.jpg 12w\" sizes=\"(max-width: 643px) 100vw, 643px\" \/><\/div><\/a>\n\t\t\t\t<div class=\"elementor-post__badge\">Biograf\u00eda<\/div>\n\t\t\t\t<div class=\"elementor-post__text\">\n\t\t\t\t<h3 class=\"elementor-post__title\">\n\t\t\t<a href=\"https:\/\/marc.deschenaux.com\/es\/biography\/marc-deschenaux-mid-long-bio-536-words\/\" >\n\t\t\t\tMarc Deschenaux Medio-Largo Bio 536 palabras\t\t\t<\/a>\n\t\t<\/h3>\n\t\t\t\t<div class=\"elementor-post__excerpt\">\n\t\t\t<p>Marc Deschenaux es un jurista suizo y un experto mundialmente reconocido en altas finanzas. Es socio fundador de Deschenaux, Hornblower &amp; Partners (DH&amp;P), una<\/p>\n\t\t<\/div>\n\t\t\n\t\t<a class=\"elementor-post__read-more\" href=\"https:\/\/marc.deschenaux.com\/es\/biography\/marc-deschenaux-mid-long-bio-536-words\/\" aria-label=\"M\u00e1s informaci\u00f3n sobre Marc Deschenaux Mid-Long Bio 536 words\" tabindex=\"-1\" >\n\t\t\tLeer m\u00e1s &quot;\t\t<\/a>\n\n\t\t\t\t<\/div>\n\t\t\t\t\t<\/div>\n\t\t<\/article>\n\t\t\t\t<article class=\"elementor-post elementor-grid-item post-3410 post type-post status-publish format-standard has-post-thumbnail hentry category-biography\" role=\"listitem\">\n\t\t\t<div class=\"elementor-post__card\">\n\t\t\t\t<a class=\"elementor-post__thumbnail__link\" href=\"https:\/\/marc.deschenaux.com\/es\/biography\/marc-deschenaux-long-bio-929-words\/\" tabindex=\"-1\" ><div class=\"elementor-post__thumbnail\"><img fetchpriority=\"high\" decoding=\"async\" width=\"643\" height=\"643\" src=\"https:\/\/marc.deschenaux.com\/wp-content\/uploads\/Marc-Deschenaux-01.jpg\" class=\"attachment-full size-full wp-image-3373\" alt=\"marc deschenaux\" srcset=\"https:\/\/marc.deschenaux.com\/wp-content\/uploads\/Marc-Deschenaux-01.jpg 643w, https:\/\/marc.deschenaux.com\/wp-content\/uploads\/Marc-Deschenaux-01-300x300.jpg 300w, https:\/\/marc.deschenaux.com\/wp-content\/uploads\/Marc-Deschenaux-01-150x150.jpg 150w, https:\/\/marc.deschenaux.com\/wp-content\/uploads\/Marc-Deschenaux-01-12x12.jpg 12w\" sizes=\"(max-width: 643px) 100vw, 643px\" \/><\/div><\/a>\n\t\t\t\t<div class=\"elementor-post__badge\">Biograf\u00eda<\/div>\n\t\t\t\t<div class=\"elementor-post__text\">\n\t\t\t\t<h3 class=\"elementor-post__title\">\n\t\t\t<a href=\"https:\/\/marc.deschenaux.com\/es\/biography\/marc-deschenaux-long-bio-929-words\/\" >\n\t\t\t\tMarc Deschenaux Largo Bio 929 Palabras\t\t\t<\/a>\n\t\t<\/h3>\n\t\t\t\t<div class=\"elementor-post__excerpt\">\n\t\t\t<p>Marc Deschenaux es un jurista suizo (abogado no colegiado) y un experto en altas finanzas de renombre mundial. Divide su tiempo entre Ginebra, Nueva York y Los<\/p>\n\t\t<\/div>\n\t\t\n\t\t<a class=\"elementor-post__read-more\" href=\"https:\/\/marc.deschenaux.com\/es\/biography\/marc-deschenaux-long-bio-929-words\/\" aria-label=\"M\u00e1s informaci\u00f3n sobre Marc Deschenaux Long Bio 929 Words\" tabindex=\"-1\" >\n\t\t\tLeer m\u00e1s &quot;\t\t<\/a>\n\n\t\t\t\t<\/div>\n\t\t\t\t\t<\/div>\n\t\t<\/article>\n\t\t\t\t<article class=\"elementor-post elementor-grid-item post-3418 post type-post status-publish format-standard has-post-thumbnail hentry category-biography\" role=\"listitem\">\n\t\t\t<div class=\"elementor-post__card\">\n\t\t\t\t<a class=\"elementor-post__thumbnail__link\" href=\"https:\/\/marc.deschenaux.com\/es\/biography\/marc-deschenaux-bio-dhp-2051-words\/\" tabindex=\"-1\" ><div class=\"elementor-post__thumbnail\"><img fetchpriority=\"high\" decoding=\"async\" width=\"643\" height=\"643\" src=\"https:\/\/marc.deschenaux.com\/wp-content\/uploads\/Marc-Deschenaux-01.jpg\" class=\"attachment-full size-full wp-image-3373\" alt=\"marc deschenaux\" srcset=\"https:\/\/marc.deschenaux.com\/wp-content\/uploads\/Marc-Deschenaux-01.jpg 643w, https:\/\/marc.deschenaux.com\/wp-content\/uploads\/Marc-Deschenaux-01-300x300.jpg 300w, https:\/\/marc.deschenaux.com\/wp-content\/uploads\/Marc-Deschenaux-01-150x150.jpg 150w, https:\/\/marc.deschenaux.com\/wp-content\/uploads\/Marc-Deschenaux-01-12x12.jpg 12w\" sizes=\"(max-width: 643px) 100vw, 643px\" \/><\/div><\/a>\n\t\t\t\t<div class=\"elementor-post__badge\">Biograf\u00eda<\/div>\n\t\t\t\t<div class=\"elementor-post__text\">\n\t\t\t\t<h3 class=\"elementor-post__title\">\n\t\t\t<a href=\"https:\/\/marc.deschenaux.com\/es\/biography\/marc-deschenaux-bio-dhp-2051-words\/\" >\n\t\t\t\tMarc Deschenaux Bio \u2013 DHP \u2013 2051 Palabras\t\t\t<\/a>\n\t\t<\/h3>\n\t\t\t\t<div class=\"elementor-post__excerpt\">\n\t\t\t<p>\u201cMarc Deschenaux es considerado \u201cabsolutamente brillante\u201d y \u201clo mejor de lo mejor\u201d gracias a su \u201cexperiencia t\u00e9cnica estrat\u00e9gica\u201d y \u201cconjunto de habilidades \u00fanico que es extremadamente<\/p>\n\t\t<\/div>\n\t\t\n\t\t<a class=\"elementor-post__read-more\" href=\"https:\/\/marc.deschenaux.com\/es\/biography\/marc-deschenaux-bio-dhp-2051-words\/\" aria-label=\"M\u00e1s informaci\u00f3n sobre Marc Deschenaux Bio &#8211; DHP &#8211; 2051 Words\" tabindex=\"-1\" >\n\t\t\tLeer m\u00e1s &quot;\t\t<\/a>\n\n\t\t\t\t<\/div>\n\t\t\t\t\t<\/div>\n\t\t<\/article>\n\t\t\t\t<article class=\"elementor-post elementor-grid-item post-3423 post type-post status-publish format-standard has-post-thumbnail hentry category-biography\" role=\"listitem\">\n\t\t\t<div class=\"elementor-post__card\">\n\t\t\t\t<a class=\"elementor-post__thumbnail__link\" href=\"https:\/\/marc.deschenaux.com\/es\/biography\/marc-deschenaux-bio-by-lh-short\/\" tabindex=\"-1\" ><div class=\"elementor-post__thumbnail\"><img decoding=\"async\" width=\"357\" height=\"340\" src=\"https:\/\/marc.deschenaux.com\/wp-content\/uploads\/Marc-Deschenaux-03.jpg\" class=\"attachment-full size-full wp-image-3425\" alt=\"marc deschenaux\" srcset=\"https:\/\/marc.deschenaux.com\/wp-content\/uploads\/Marc-Deschenaux-03.jpg 357w, https:\/\/marc.deschenaux.com\/wp-content\/uploads\/Marc-Deschenaux-03-300x286.jpg 300w, https:\/\/marc.deschenaux.com\/wp-content\/uploads\/Marc-Deschenaux-03-13x12.jpg 13w\" sizes=\"(max-width: 357px) 100vw, 357px\" \/><\/div><\/a>\n\t\t\t\t<div class=\"elementor-post__badge\">Biograf\u00eda<\/div>\n\t\t\t\t<div class=\"elementor-post__text\">\n\t\t\t\t<h3 class=\"elementor-post__title\">\n\t\t\t<a href=\"https:\/\/marc.deschenaux.com\/es\/biography\/marc-deschenaux-bio-by-lh-short\/\" >\n\t\t\t\tShort Marc Deschenaux Bio by LH\t\t\t<\/a>\n\t\t<\/h3>\n\t\t\t\t<div class=\"elementor-post__excerpt\">\n\t\t\t<p>El Sr. Deschenaux es el socio fundador de Deschenaux, Hornblower &amp; Partners (DH&amp;P), una firma internacional de juristas con sede en Ginebra, Suiza y una oficina<\/p>\n\t\t<\/div>\n\t\t\n\t\t<a class=\"elementor-post__read-more\" href=\"https:\/\/marc.deschenaux.com\/es\/biography\/marc-deschenaux-bio-by-lh-short\/\" aria-label=\"M\u00e1s informaci\u00f3n sobre Marc Deschenaux Bio by LH Short\" tabindex=\"-1\" >\n\t\t\tLeer m\u00e1s &quot;\t\t<\/a>\n\n\t\t\t\t<\/div>\n\t\t\t\t\t<\/div>\n\t\t<\/article>\n\t\t\t\t<article class=\"elementor-post elementor-grid-item post-3429 post type-post status-publish format-standard has-post-thumbnail hentry category-biography\" role=\"listitem\">\n\t\t\t<div class=\"elementor-post__card\">\n\t\t\t\t<a class=\"elementor-post__thumbnail__link\" href=\"https:\/\/marc.deschenaux.com\/es\/biography\/marc-deschenaux-bio-by-lh-long\/\" tabindex=\"-1\" ><div class=\"elementor-post__thumbnail\"><img loading=\"lazy\" decoding=\"async\" width=\"294\" height=\"300\" src=\"https:\/\/marc.deschenaux.com\/wp-content\/uploads\/Marc-Deschenaux-04.jpg\" class=\"attachment-full size-full wp-image-3431\" alt=\"\" srcset=\"https:\/\/marc.deschenaux.com\/wp-content\/uploads\/Marc-Deschenaux-04.jpg 294w, https:\/\/marc.deschenaux.com\/wp-content\/uploads\/Marc-Deschenaux-04-12x12.jpg 12w\" sizes=\"(max-width: 294px) 100vw, 294px\" \/><\/div><\/a>\n\t\t\t\t<div class=\"elementor-post__badge\">Biograf\u00eda<\/div>\n\t\t\t\t<div class=\"elementor-post__text\">\n\t\t\t\t<h3 class=\"elementor-post__title\">\n\t\t\t<a href=\"https:\/\/marc.deschenaux.com\/es\/biography\/marc-deschenaux-bio-by-lh-long\/\" >\n\t\t\t\tMarc Deschenaux Bio de LH Largo\t\t\t<\/a>\n\t\t<\/h3>\n\t\t\t\t<div class=\"elementor-post__excerpt\">\n\t\t\t<p>El Sr. Deschenaux es el socio fundador de Deschenaux, Hornblower &amp; Partners (DH&amp;P), una firma internacional de juristas con sede en Ginebra, Suiza y una oficina<\/p>\n\t\t<\/div>\n\t\t\n\t\t<a class=\"elementor-post__read-more\" href=\"https:\/\/marc.deschenaux.com\/es\/biography\/marc-deschenaux-bio-by-lh-long\/\" aria-label=\"M\u00e1s informaci\u00f3n sobre Marc Deschenaux Bio by LH Long\" tabindex=\"-1\" >\n\t\t\tLeer m\u00e1s &quot;\t\t<\/a>\n\n\t\t\t\t<\/div>\n\t\t\t\t\t<\/div>\n\t\t<\/article>\n\t\t\t\t<article class=\"elementor-post elementor-grid-item post-3435 post type-post status-publish format-standard has-post-thumbnail hentry category-biography\" role=\"listitem\">\n\t\t\t<div class=\"elementor-post__card\">\n\t\t\t\t<a class=\"elementor-post__thumbnail__link\" href=\"https:\/\/marc.deschenaux.com\/es\/biography\/marc-deschenaux-whos-who-legal\/\" tabindex=\"-1\" ><div class=\"elementor-post__thumbnail\"><img fetchpriority=\"high\" decoding=\"async\" width=\"643\" height=\"643\" src=\"https:\/\/marc.deschenaux.com\/wp-content\/uploads\/Marc-Deschenaux-01.jpg\" class=\"attachment-full size-full wp-image-3373\" alt=\"marc deschenaux\" srcset=\"https:\/\/marc.deschenaux.com\/wp-content\/uploads\/Marc-Deschenaux-01.jpg 643w, https:\/\/marc.deschenaux.com\/wp-content\/uploads\/Marc-Deschenaux-01-300x300.jpg 300w, https:\/\/marc.deschenaux.com\/wp-content\/uploads\/Marc-Deschenaux-01-150x150.jpg 150w, https:\/\/marc.deschenaux.com\/wp-content\/uploads\/Marc-Deschenaux-01-12x12.jpg 12w\" sizes=\"(max-width: 643px) 100vw, 643px\" \/><\/div><\/a>\n\t\t\t\t<div class=\"elementor-post__badge\">Biograf\u00eda<\/div>\n\t\t\t\t<div class=\"elementor-post__text\">\n\t\t\t\t<h3 class=\"elementor-post__title\">\n\t\t\t<a href=\"https:\/\/marc.deschenaux.com\/es\/biography\/marc-deschenaux-whos-who-legal\/\" >\n\t\t\t\tMarc Deschenaux - Qui\u00e9n es qui\u00e9n legal\t\t\t<\/a>\n\t\t<\/h3>\n\t\t\t\t<div class=\"elementor-post__excerpt\">\n\t\t\t<p>Marc Deschenaux es un jurista suizo (abogado no colegiado) y un experto de renombre mundial en alta<br \/>\nfinanzas. Es considerado internacionalmente como el experto mundial en ofertas p\u00fablicas iniciales y un referente en derecho burs\u00e1til, financiero y comercial.<\/p>\n\t\t<\/div>\n\t\t\n\t\t<a class=\"elementor-post__read-more\" href=\"https:\/\/marc.deschenaux.com\/es\/biography\/marc-deschenaux-whos-who-legal\/\" aria-label=\"M\u00e1s informaci\u00f3n sobre Marc Deschenaux &#8211; Who\u2019s Who Legal\" tabindex=\"-1\" >\n\t\t\tLeer m\u00e1s &quot;\t\t<\/a>\n\n\t\t\t\t<\/div>\n\t\t\t\t\t<\/div>\n\t\t<\/article>\n\t\t\t\t<\/div>\n\t\t\n\t\t\t\t\t\t<\/div>\n\t\t\t\t<\/div>\n\t\t\t\t\t<\/div>\n\t\t<\/div>\n\t\t\t\t\t<\/div>\n\t\t<\/section>\n\t\t\t\t<section class=\"elementor-section elementor-top-section elementor-element elementor-element-103db7bd elementor-section-content-middle elementor-section-stretched elementor-section-boxed elementor-section-height-default elementor-section-height-default\" data-id=\"103db7bd\" data-element_type=\"section\" data-e-type=\"section\" data-settings=\"{&quot;background_background&quot;:&quot;classic&quot;,&quot;stretch_section&quot;:&quot;section-stretched&quot;}\">\n\t\t\t\t\t\t<div class=\"elementor-container elementor-column-gap-no\">\n\t\t\t\t\t<div class=\"elementor-column elementor-col-100 elementor-top-column elementor-element elementor-element-3e9f69b7\" data-id=\"3e9f69b7\" data-element_type=\"column\" data-e-type=\"column\">\n\t\t\t<div class=\"elementor-widget-wrap\">\n\t\t\t\t\t\t\t<\/div>\n\t\t<\/div>\n\t\t\t\t\t<\/div>\n\t\t<\/section>\n\t\t\t\t<\/div>","protected":false},"excerpt":{"rendered":"","protected":false},"author":1,"featured_media":0,"parent":0,"menu_order":1,"comment_status":"closed","ping_status":"closed","template":"","meta":{"footnotes":""},"class_list":["post-41","page","type-page","status-publish","hentry"],"_links":{"self":[{"href":"https:\/\/marc.deschenaux.com\/es\/wp-json\/wp\/v2\/pages\/41","targetHints":{"allow":["GET"]}}],"collection":[{"href":"https:\/\/marc.deschenaux.com\/es\/wp-json\/wp\/v2\/pages"}],"about":[{"href":"https:\/\/marc.deschenaux.com\/es\/wp-json\/wp\/v2\/types\/page"}],"author":[{"embeddable":true,"href":"https:\/\/marc.deschenaux.com\/es\/wp-json\/wp\/v2\/users\/1"}],"replies":[{"embeddable":true,"href":"https:\/\/marc.deschenaux.com\/es\/wp-json\/wp\/v2\/comments?post=41"}],"version-history":[{"count":0,"href":"https:\/\/marc.deschenaux.com\/es\/wp-json\/wp\/v2\/pages\/41\/revisions"}],"wp:attachment":[{"href":"https:\/\/marc.deschenaux.com\/es\/wp-json\/wp\/v2\/media?parent=41"}],"curies":[{"name":"wp","href":"https:\/\/api.w.org\/{rel}","templated":true}]}}