{"id":5567,"date":"2021-12-21T22:38:56","date_gmt":"2021-12-21T22:38:56","guid":{"rendered":"https:\/\/marc.deschenaux.com\/?page_id=5567"},"modified":"2025-01-02T22:22:15","modified_gmt":"2025-01-02T22:22:15","slug":"patents","status":"publish","type":"page","link":"https:\/\/marc.deschenaux.com\/es\/patents\/","title":{"rendered":"patentes"},"content":{"rendered":"<div data-elementor-type=\"wp-page\" data-elementor-id=\"5567\" class=\"elementor elementor-5567\" data-elementor-post-type=\"page\">\n\t\t\t\t\t\t<section class=\"elementor-section elementor-top-section elementor-element elementor-element-af2275f elementor-section-boxed elementor-section-height-default elementor-section-height-default\" data-id=\"af2275f\" data-element_type=\"section\" data-e-type=\"section\">\n\t\t\t\t\t\t<div class=\"elementor-container elementor-column-gap-default\">\n\t\t\t\t\t<div class=\"elementor-column elementor-col-100 elementor-top-column elementor-element elementor-element-313ef7e\" data-id=\"313ef7e\" data-element_type=\"column\" data-e-type=\"column\">\n\t\t\t<div class=\"elementor-widget-wrap elementor-element-populated\">\n\t\t\t\t\t\t<div class=\"elementor-element elementor-element-1202a41 elementor-posts__hover-none elementor-grid-3 elementor-grid-tablet-2 elementor-grid-mobile-1 elementor-posts--thumbnail-top elementor-posts--show-avatar elementor-widget elementor-widget-posts\" data-id=\"1202a41\" data-element_type=\"widget\" data-e-type=\"widget\" data-settings=\"{&quot;cards_row_gap&quot;:{&quot;unit&quot;:&quot;px&quot;,&quot;size&quot;:25,&quot;sizes&quot;:[]},&quot;cards_columns&quot;:&quot;3&quot;,&quot;cards_columns_tablet&quot;:&quot;2&quot;,&quot;cards_columns_mobile&quot;:&quot;1&quot;,&quot;cards_row_gap_tablet&quot;:{&quot;unit&quot;:&quot;px&quot;,&quot;size&quot;:&quot;&quot;,&quot;sizes&quot;:[]},&quot;cards_row_gap_mobile&quot;:{&quot;unit&quot;:&quot;px&quot;,&quot;size&quot;:&quot;&quot;,&quot;sizes&quot;:[]}}\" data-widget_type=\"posts.cards\">\n\t\t\t\t<div class=\"elementor-widget-container\">\n\t\t\t\t\t\t\t<div class=\"elementor-posts-container elementor-posts elementor-posts--skin-cards elementor-grid\" role=\"list\">\n\t\t\t\t<article class=\"elementor-post elementor-grid-item post-9391 post type-post status-publish format-standard hentry category-patents\" role=\"listitem\">\n\t\t\t<div class=\"elementor-post__card\">\n\t\t\t\t<div class=\"elementor-post__text\">\n\t\t\t\t<h3 class=\"elementor-post__title\">\n\t\t\t<a href=\"https:\/\/marc.deschenaux.com\/es\/patents\/universal-securities-wrapper-patent-published\/\" >\n\t\t\t\tUniversal Securities Wrapper &#8211; Patent published\t\t\t<\/a>\n\t\t<\/h3>\n\t\t\t\t<div class=\"elementor-post__excerpt\">\n\t\t\t<p><b>United States Patent<\/b><\/br><br \/>\n<b>Application No.<\/b> 18\/504,287<\/br><br \/>\n<b>Patent No.<\/b> US 12,505,486 B2<\/br><br \/>\n<b>Applicant &#038; Inventor:<\/b> Marc R Deschenaux<\/p>\n\t\t<\/div>\n\t\t\t\t\t<div class=\"elementor-post__read-more-wrapper\">\n\t\t\n\t\t<a class=\"elementor-post__read-more\" href=\"https:\/\/marc.deschenaux.com\/es\/patents\/universal-securities-wrapper-patent-published\/\" aria-label=\"M\u00e1s informaci\u00f3n sobre Universal Securities Wrapper &#8211; Patent published\" tabindex=\"-1\" >\n\t\t\tLeer m\u00e1s &quot;\t\t<\/a>\n\n\t\t\t\t\t<\/div>\n\t\t\t\t<\/div>\n\t\t\t\t\t<\/div>\n\t\t<\/article>\n\t\t\t\t<article class=\"elementor-post elementor-grid-item post-8592 post type-post status-publish format-standard hentry category-patents\" role=\"listitem\">\n\t\t\t<div class=\"elementor-post__card\">\n\t\t\t\t<div class=\"elementor-post__text\">\n\t\t\t\t<h3 class=\"elementor-post__title\">\n\t\t\t<a href=\"https:\/\/marc.deschenaux.com\/es\/patents\/receipt-of-acknowledge-revenue-based-investing-p25194us01\/\" >\n\t\t\t\tReceipt of Acknowledge &#8211; Revenue Based Investing\t\t\t<\/a>\n\t\t<\/h3>\n\t\t\t\t<div class=\"elementor-post__excerpt\">\n\t\t\t<p>Electronic acknowledgement receipt of US Patent Application<\/br><br \/>\nUtility &#8211; Non-provisional<\/br><br \/>\nAttorney Docket # <b>P25194US01<\/b><\/p>\n\t\t<\/div>\n\t\t\t\t\t<div class=\"elementor-post__read-more-wrapper\">\n\t\t\n\t\t<a class=\"elementor-post__read-more\" href=\"https:\/\/marc.deschenaux.com\/es\/patents\/receipt-of-acknowledge-revenue-based-investing-p25194us01\/\" aria-label=\"M\u00e1s informaci\u00f3n sobre Receipt of Acknowledge &#8211; Revenue Based Investing\" tabindex=\"-1\" >\n\t\t\tLeer m\u00e1s &quot;\t\t<\/a>\n\n\t\t\t\t\t<\/div>\n\t\t\t\t<\/div>\n\t\t\t\t\t<\/div>\n\t\t<\/article>\n\t\t\t\t<article class=\"elementor-post elementor-grid-item post-8278 post type-post status-publish format-standard hentry category-patents\" role=\"listitem\">\n\t\t\t<div class=\"elementor-post__card\">\n\t\t\t\t<div class=\"elementor-post__text\">\n\t\t\t\t<h3 class=\"elementor-post__title\">\n\t\t\t<a href=\"https:\/\/marc.deschenaux.com\/es\/patents\/leila-alia-ireceipt-patent\/\" >\n\t\t\t\tLeila Alia iReceipt Patent\t\t\t<\/a>\n\t\t<\/h3>\n\t\t\t\t<div class=\"elementor-post__excerpt\">\n\t\t\t<p>This application claims the benefit of US Provisional Application Serial No. 63\/333,712,<br \/>\nfiled April 22, 2022, the contents of which are incorporated herein in their entirety.<\/p>\n\t\t<\/div>\n\t\t\t\t\t<div class=\"elementor-post__read-more-wrapper\">\n\t\t\n\t\t<a class=\"elementor-post__read-more\" href=\"https:\/\/marc.deschenaux.com\/es\/patents\/leila-alia-ireceipt-patent\/\" aria-label=\"M\u00e1s informaci\u00f3n sobre Leila Alia iReceipt Patent\" tabindex=\"-1\" >\n\t\t\tLeer m\u00e1s &quot;\t\t<\/a>\n\n\t\t\t\t\t<\/div>\n\t\t\t\t<\/div>\n\t\t\t\t\t<\/div>\n\t\t<\/article>\n\t\t\t\t<article class=\"elementor-post elementor-grid-item post-6918 post type-post status-publish format-standard hentry category-patents\" role=\"listitem\">\n\t\t\t<div class=\"elementor-post__card\">\n\t\t\t\t<div class=\"elementor-post__text\">\n\t\t\t\t<h3 class=\"elementor-post__title\">\n\t\t\t<a href=\"https:\/\/marc.deschenaux.com\/es\/patents\/receipt-of-acknowledge-special-purpose-incorporation-company\/\" >\n\t\t\t\tRecibo de Acuse de Recibo \u2013 Sociedad de Constituci\u00f3n de Prop\u00f3sito Especial\t\t\t<\/a>\n\t\t<\/h3>\n\t\t\t\t<div class=\"elementor-post__excerpt\">\n\t\t\t<p>Recibo de acuse de recibo electr\u00f3nico de la invenci\u00f3n de una sociedad de prop\u00f3sito especial (SPIC)<\/p>\n\t\t<\/div>\n\t\t\t\t\t<div class=\"elementor-post__read-more-wrapper\">\n\t\t\n\t\t<a class=\"elementor-post__read-more\" href=\"https:\/\/marc.deschenaux.com\/es\/patents\/receipt-of-acknowledge-special-purpose-incorporation-company\/\" aria-label=\"M\u00e1s informaci\u00f3n sobre Receipt of Acknowledge  &#8211; Special Purpose Incorporation Company\" tabindex=\"-1\" >\n\t\t\tLeer m\u00e1s &quot;\t\t<\/a>\n\n\t\t\t\t\t<\/div>\n\t\t\t\t<\/div>\n\t\t\t\t\t<\/div>\n\t\t<\/article>\n\t\t\t\t<article class=\"elementor-post elementor-grid-item post-6086 post type-post status-publish format-standard hentry category-patents\" role=\"listitem\">\n\t\t\t<div class=\"elementor-post__card\">\n\t\t\t\t<div class=\"elementor-post__text\">\n\t\t\t\t<h3 class=\"elementor-post__title\">\n\t\t\t<a href=\"https:\/\/marc.deschenaux.com\/es\/patents\/receipt-of-acknowledge-united-states-patent-and-trademark-office-2022\/\" >\n\t\t\t\tRecibo de acuse de recibo - Oficina de Patentes y Marcas Registradas de los Estados Unidos 2022\t\t\t<\/a>\n\t\t<\/h3>\n\t\t\t\t<div class=\"elementor-post__excerpt\">\n\t\t\t<p>Se acusa recibo de esta solicitud de patente de utilidad no provisional. La solicitud ser\u00e1 examinada en su debido momento. El solicitante ser\u00e1 notificado sobre los resultados del examen.<\/p>\n\t\t<\/div>\n\t\t\t\t\t<div class=\"elementor-post__read-more-wrapper\">\n\t\t\n\t\t<a class=\"elementor-post__read-more\" href=\"https:\/\/marc.deschenaux.com\/es\/patents\/receipt-of-acknowledge-united-states-patent-and-trademark-office-2022\/\" aria-label=\"M\u00e1s informaci\u00f3n sobre Receipt of Acknowledge  &#8211; United States Patent and Trademark Office 2022\" tabindex=\"-1\" >\n\t\t\tLeer m\u00e1s &quot;\t\t<\/a>\n\n\t\t\t\t\t<\/div>\n\t\t\t\t<\/div>\n\t\t\t\t\t<\/div>\n\t\t<\/article>\n\t\t\t\t<article class=\"elementor-post elementor-grid-item post-5957 post type-post status-publish format-standard hentry category-patents\" role=\"listitem\">\n\t\t\t<div class=\"elementor-post__card\">\n\t\t\t\t<div class=\"elementor-post__text\">\n\t\t\t\t<h3 class=\"elementor-post__title\">\n\t\t\t<a href=\"https:\/\/marc.deschenaux.com\/es\/patents\/a-fundraising-incubator-for-venture-capitalization\/\" >\n\t\t\t\tUna incubadora de recaudaci\u00f3n de fondos para la capitalizaci\u00f3n de riesgo\t\t\t<\/a>\n\t\t<\/h3>\n\t\t\t\t<div class=\"elementor-post__excerpt\">\n\t\t\t<p>A menudo es dif\u00edcil aumentar el presupuesto de una gran empresa, como una fusi\u00f3n, una adquisici\u00f3n, una colocaci\u00f3n privada de valores o una oferta p\u00fablica inicial (IPO). Adem\u00e1s de un costo significativo, acapara una parte significativa de los recursos de la empresa y la atenci\u00f3n de la gerencia. Es por eso que no es raro que durante el proceso de capitalizaci\u00f3n de riesgo (por ejemplo, IPO), el desempe\u00f1o de la empresa se vea muy afectado. Por lo tanto, puede haber una necesidad adicional de financiaci\u00f3n, aunque solo sea para compensar el bajo rendimiento de las ventas debido al esfuerzo del proceso de capitalizaci\u00f3n de riesgo o IPO.<\/p>\n\t\t<\/div>\n\t\t\t\t\t<div class=\"elementor-post__read-more-wrapper\">\n\t\t\n\t\t<a class=\"elementor-post__read-more\" href=\"https:\/\/marc.deschenaux.com\/es\/patents\/a-fundraising-incubator-for-venture-capitalization\/\" aria-label=\"M\u00e1s informaci\u00f3n sobre A Fundraising Incubator for Venture Capitalization\" tabindex=\"-1\" >\n\t\t\tLeer m\u00e1s &quot;\t\t<\/a>\n\n\t\t\t\t\t<\/div>\n\t\t\t\t<\/div>\n\t\t\t\t\t<\/div>\n\t\t<\/article>\n\t\t\t\t<article class=\"elementor-post elementor-grid-item post-5935 post type-post status-publish format-standard hentry category-patents\" role=\"listitem\">\n\t\t\t<div class=\"elementor-post__card\">\n\t\t\t\t<div class=\"elementor-post__text\">\n\t\t\t\t<h3 class=\"elementor-post__title\">\n\t\t\t<a href=\"https:\/\/marc.deschenaux.com\/es\/patents\/cascading-initial-public-offerings-for-venture-capitalization\/\" >\n\t\t\t\tOfertas p\u00fablicas iniciales en cascada para capitalizaci\u00f3n de riesgo\t\t\t<\/a>\n\t\t<\/h3>\n\t\t\t\t<div class=\"elementor-post__excerpt\">\n\t\t\t<p>Las principales barreras que impiden que se lleve a cabo una oferta p\u00fablica inicial (IPO) para una empresa que est\u00e1 lista, dispuesta y capaz de realizarla incluyen las siguientes: el costo de preparaci\u00f3n de una IPO es prohibitivo; no hay garant\u00eda de que la oferta p\u00fablica inicial tenga \u00e9xito; y los banqueros y otros profesionales que pongan en juego su carrera no autorizar\u00e1n la salida a bolsa sin la debida diligencia que garantice la seguridad de los mercados de valores financieros, la validaci\u00f3n del modelo de negocio; ingresos suficientes que hagan que la empresa tenga al menos un flujo de caja positivo y, si no, rentable; crecimiento fuerte y estable.<\/p>\n\t\t<\/div>\n\t\t\t\t\t<div class=\"elementor-post__read-more-wrapper\">\n\t\t\n\t\t<a class=\"elementor-post__read-more\" href=\"https:\/\/marc.deschenaux.com\/es\/patents\/cascading-initial-public-offerings-for-venture-capitalization\/\" aria-label=\"M\u00e1s informaci\u00f3n sobre Cascading Initial Public Offerings for Venture Capitalization\" tabindex=\"-1\" >\n\t\t\tLeer m\u00e1s &quot;\t\t<\/a>\n\n\t\t\t\t\t<\/div>\n\t\t\t\t<\/div>\n\t\t\t\t\t<\/div>\n\t\t<\/article>\n\t\t\t\t<article class=\"elementor-post elementor-grid-item post-5974 post type-post status-publish format-standard hentry category-patents\" role=\"listitem\">\n\t\t\t<div class=\"elementor-post__card\">\n\t\t\t\t<div class=\"elementor-post__text\">\n\t\t\t\t<h3 class=\"elementor-post__title\">\n\t\t\t<a href=\"https:\/\/marc.deschenaux.com\/es\/patents\/incremental-priced-funding-rounds\/\" >\n\t\t\t\tRondas de financiaci\u00f3n de precio incremental\t\t\t<\/a>\n\t\t<\/h3>\n\t\t\t\t<div class=\"elementor-post__excerpt\">\n\t\t\t<p>Anteriormente, los m\u00e9todos para obtener capital de inversi\u00f3n inclu\u00edan el m\u00e9todo de rondas de financiaci\u00f3n. Cada vez que se necesitaba una emisi\u00f3n de valores, se determinaba un precio fijo para cada acci\u00f3n del valor de acuerdo con el estado actual y la valoraci\u00f3n de la empresa para la cual se emiti\u00f3 el valor y se ofreci\u00f3 a los inversores. Con un precio fijo \u00fanico, si la empresa estaba mal administrada o no pod\u00eda lograr sus objetivos iniciales o simplemente se estaba quedando sin dinero, ser\u00eda necesario bajar el precio fijo para atraer nuevos inversores. Los nuevos inversionistas podr\u00edan comprar acciones a un precio m\u00e1s bajo que los inversionistas anteriores, mientras que los nuevos inversionistas a\u00fan tienen menos riesgo que los inversionistas anteriores. <\/p>\n\t\t<\/div>\n\t\t\t\t\t<div class=\"elementor-post__read-more-wrapper\">\n\t\t\n\t\t<a class=\"elementor-post__read-more\" href=\"https:\/\/marc.deschenaux.com\/es\/patents\/incremental-priced-funding-rounds\/\" aria-label=\"M\u00e1s informaci\u00f3n sobre Incremental-Priced Funding Rounds\" tabindex=\"-1\" >\n\t\t\tLeer m\u00e1s &quot;\t\t<\/a>\n\n\t\t\t\t\t<\/div>\n\t\t\t\t<\/div>\n\t\t\t\t\t<\/div>\n\t\t<\/article>\n\t\t\t\t<article class=\"elementor-post elementor-grid-item post-5962 post type-post status-publish format-standard hentry category-patents\" role=\"listitem\">\n\t\t\t<div class=\"elementor-post__card\">\n\t\t\t\t<div class=\"elementor-post__text\">\n\t\t\t\t<h3 class=\"elementor-post__title\">\n\t\t\t<a href=\"https:\/\/marc.deschenaux.com\/es\/patents\/ips\/\" >\n\t\t\t\tValores de Propiedad Intelectual\t\t\t<\/a>\n\t\t<\/h3>\n\t\t\t\t<div class=\"elementor-post__excerpt\">\n\t\t\t<p>Tradicionalmente, los inversores han podido invertir capital en empresas colectivas como corporaciones mediante la compra de acciones de toda la empresa. Por ejemplo, alguien interesado en invertir en la industria del cine pudo comprar acciones en grandes corporaciones que produc\u00edan pel\u00edculas, como Sony o Disney. Sin embargo, estas grandes corporaciones tienen otras empresas fuera de las pel\u00edculas que pueden no ser de inter\u00e9s para los inversores individuales. En algunos casos, un inversor puede desear invertir de una manera m\u00e1s espec\u00edfica.<\/p>\n\t\t<\/div>\n\t\t\t\t\t<div class=\"elementor-post__read-more-wrapper\">\n\t\t\n\t\t<a class=\"elementor-post__read-more\" href=\"https:\/\/marc.deschenaux.com\/es\/patents\/ips\/\" aria-label=\"M\u00e1s informaci\u00f3n sobre Intellectual Property Securities\" tabindex=\"-1\" >\n\t\t\tLeer m\u00e1s &quot;\t\t<\/a>\n\n\t\t\t\t\t<\/div>\n\t\t\t\t<\/div>\n\t\t\t\t\t<\/div>\n\t\t<\/article>\n\t\t\t\t<article class=\"elementor-post elementor-grid-item post-5912 post type-post status-publish format-standard hentry category-patents\" role=\"listitem\">\n\t\t\t<div class=\"elementor-post__card\">\n\t\t\t\t<div class=\"elementor-post__text\">\n\t\t\t\t<h3 class=\"elementor-post__title\">\n\t\t\t<a href=\"https:\/\/marc.deschenaux.com\/es\/patents\/master-spac-for-venture-capitalization\/\" >\n\t\t\t\tM\u00e1ster SPAC para Capitalizaci\u00f3n de Riesgos\t\t\t<\/a>\n\t\t<\/h3>\n\t\t\t\t<div class=\"elementor-post__excerpt\">\n\t\t\t<p>Las principales barreras que impiden que se lleve a cabo una oferta p\u00fablica inicial (IPO) para una empresa que est\u00e1 lista, dispuesta y capaz de realizarla incluyen las siguientes: el costo de preparaci\u00f3n de una IPO es prohibitivo; no hay garant\u00eda de que la oferta p\u00fablica inicial tenga \u00e9xito; y los banqueros y otros profesionales que pongan en juego su carrera no autorizar\u00e1n la salida a bolsa sin la debida diligencia que garantice la seguridad de los mercados de valores financieros, la validaci\u00f3n del modelo de negocio; ingresos suficientes que hagan que la empresa tenga al menos un flujo de caja positivo y, si no, rentable; crecimiento fuerte y estable.<\/p>\n\t\t<\/div>\n\t\t\t\t\t<div class=\"elementor-post__read-more-wrapper\">\n\t\t\n\t\t<a class=\"elementor-post__read-more\" href=\"https:\/\/marc.deschenaux.com\/es\/patents\/master-spac-for-venture-capitalization\/\" aria-label=\"M\u00e1s informaci\u00f3n sobre Master SPAC for Venture Capitalization\" tabindex=\"-1\" >\n\t\t\tLeer m\u00e1s &quot;\t\t<\/a>\n\n\t\t\t\t\t<\/div>\n\t\t\t\t<\/div>\n\t\t\t\t\t<\/div>\n\t\t<\/article>\n\t\t\t\t<\/div>\n\t\t\n\t\t\t\t\t\t<\/div>\n\t\t\t\t<\/div>\n\t\t\t\t<div class=\"elementor-element elementor-element-41d597d elementor-widget elementor-widget-image\" data-id=\"41d597d\" data-element_type=\"widget\" data-e-type=\"widget\" data-widget_type=\"image.default\">\n\t\t\t\t<div class=\"elementor-widget-container\">\n\t\t\t\t\t\t\t\t\t\t\t\t\t\t\t<img fetchpriority=\"high\" decoding=\"async\" width=\"825\" height=\"550\" src=\"https:\/\/marc.deschenaux.com\/wp-content\/uploads\/Patents-List-1024x683.png\" class=\"attachment-large size-large wp-image-8773\" alt=\"\" srcset=\"https:\/\/marc.deschenaux.com\/wp-content\/uploads\/Patents-List-1024x683.png 1024w, https:\/\/marc.deschenaux.com\/wp-content\/uploads\/Patents-List-300x200.png 300w, https:\/\/marc.deschenaux.com\/wp-content\/uploads\/Patents-List-768x512.png 768w, https:\/\/marc.deschenaux.com\/wp-content\/uploads\/Patents-List-1536x1024.png 1536w, https:\/\/marc.deschenaux.com\/wp-content\/uploads\/Patents-List-2048x1365.png 2048w, https:\/\/marc.deschenaux.com\/wp-content\/uploads\/Patents-List-18x12.png 18w\" sizes=\"(max-width: 825px) 100vw, 825px\" \/>\t\t\t\t\t\t\t\t\t\t\t\t\t\t\t<\/div>\n\t\t\t\t<\/div>\n\t\t\t\t<div class=\"elementor-element elementor-element-30f5a90 elementor-align-center elementor-widget elementor-widget-button\" data-id=\"30f5a90\" data-element_type=\"widget\" data-e-type=\"widget\" data-widget_type=\"button.default\">\n\t\t\t\t<div class=\"elementor-widget-container\">\n\t\t\t\t\t\t\t\t\t<div class=\"elementor-button-wrapper\">\n\t\t\t\t\t<a class=\"elementor-button elementor-button-link elementor-size-lg\" href=\"https:\/\/marc.deschenaux.com\/es\/inventions\/\">\n\t\t\t\t\t\t<span class=\"elementor-button-content-wrapper\">\n\t\t\t\t\t\t\t\t\t<span class=\"elementor-button-text\">inventos<\/span>\n\t\t\t\t\t<\/span>\n\t\t\t\t\t<\/a>\n\t\t\t\t<\/div>\n\t\t\t\t\t\t\t\t<\/div>\n\t\t\t\t<\/div>\n\t\t\t\t\t<\/div>\n\t\t<\/div>\n\t\t\t\t\t<\/div>\n\t\t<\/section>\n\t\t\t\t<\/div>","protected":false},"excerpt":{"rendered":"<p>inventos<\/p>","protected":false},"author":1,"featured_media":0,"parent":0,"menu_order":1,"comment_status":"closed","ping_status":"closed","template":"","meta":{"footnotes":""},"class_list":["post-5567","page","type-page","status-publish","hentry"],"_links":{"self":[{"href":"https:\/\/marc.deschenaux.com\/es\/wp-json\/wp\/v2\/pages\/5567","targetHints":{"allow":["GET"]}}],"collection":[{"href":"https:\/\/marc.deschenaux.com\/es\/wp-json\/wp\/v2\/pages"}],"about":[{"href":"https:\/\/marc.deschenaux.com\/es\/wp-json\/wp\/v2\/types\/page"}],"author":[{"embeddable":true,"href":"https:\/\/marc.deschenaux.com\/es\/wp-json\/wp\/v2\/users\/1"}],"replies":[{"embeddable":true,"href":"https:\/\/marc.deschenaux.com\/es\/wp-json\/wp\/v2\/comments?post=5567"}],"version-history":[{"count":0,"href":"https:\/\/marc.deschenaux.com\/es\/wp-json\/wp\/v2\/pages\/5567\/revisions"}],"wp:attachment":[{"href":"https:\/\/marc.deschenaux.com\/es\/wp-json\/wp\/v2\/media?parent=5567"}],"curies":[{"name":"wp","href":"https:\/\/api.w.org\/{rel}","templated":true}]}}