{"id":5567,"date":"2021-12-21T22:38:56","date_gmt":"2021-12-21T22:38:56","guid":{"rendered":"https:\/\/marc.deschenaux.com\/?page_id=5567"},"modified":"2025-01-02T22:22:15","modified_gmt":"2025-01-02T22:22:15","slug":"patents","status":"publish","type":"page","link":"https:\/\/marc.deschenaux.com\/fr\/patents\/","title":{"rendered":"Brevets"},"content":{"rendered":"<div data-elementor-type=\"wp-page\" data-elementor-id=\"5567\" class=\"elementor elementor-5567\" data-elementor-post-type=\"page\">\n\t\t\t\t\t\t<section class=\"elementor-section elementor-top-section elementor-element elementor-element-af2275f elementor-section-boxed elementor-section-height-default elementor-section-height-default\" data-id=\"af2275f\" data-element_type=\"section\" data-e-type=\"section\">\n\t\t\t\t\t\t<div class=\"elementor-container elementor-column-gap-default\">\n\t\t\t\t\t<div class=\"elementor-column elementor-col-100 elementor-top-column elementor-element elementor-element-313ef7e\" data-id=\"313ef7e\" data-element_type=\"column\" data-e-type=\"column\">\n\t\t\t<div class=\"elementor-widget-wrap elementor-element-populated\">\n\t\t\t\t\t\t<div class=\"elementor-element elementor-element-1202a41 elementor-posts__hover-none elementor-grid-3 elementor-grid-tablet-2 elementor-grid-mobile-1 elementor-posts--thumbnail-top elementor-posts--show-avatar elementor-widget elementor-widget-posts\" data-id=\"1202a41\" data-element_type=\"widget\" data-e-type=\"widget\" data-settings=\"{&quot;cards_row_gap&quot;:{&quot;unit&quot;:&quot;px&quot;,&quot;size&quot;:25,&quot;sizes&quot;:[]},&quot;cards_columns&quot;:&quot;3&quot;,&quot;cards_columns_tablet&quot;:&quot;2&quot;,&quot;cards_columns_mobile&quot;:&quot;1&quot;,&quot;cards_row_gap_tablet&quot;:{&quot;unit&quot;:&quot;px&quot;,&quot;size&quot;:&quot;&quot;,&quot;sizes&quot;:[]},&quot;cards_row_gap_mobile&quot;:{&quot;unit&quot;:&quot;px&quot;,&quot;size&quot;:&quot;&quot;,&quot;sizes&quot;:[]}}\" data-widget_type=\"posts.cards\">\n\t\t\t\t<div class=\"elementor-widget-container\">\n\t\t\t\t\t\t\t<div class=\"elementor-posts-container elementor-posts elementor-posts--skin-cards elementor-grid\" role=\"list\">\n\t\t\t\t<article class=\"elementor-post elementor-grid-item post-9391 post type-post status-publish format-standard hentry category-patents\" role=\"listitem\">\n\t\t\t<div class=\"elementor-post__card\">\n\t\t\t\t<div class=\"elementor-post__text\">\n\t\t\t\t<h3 class=\"elementor-post__title\">\n\t\t\t<a href=\"https:\/\/marc.deschenaux.com\/fr\/patents\/universal-securities-wrapper-patent-published\/\" >\n\t\t\t\tUniversal Securities Wrapper &#8211; Patent published\t\t\t<\/a>\n\t\t<\/h3>\n\t\t\t\t<div class=\"elementor-post__excerpt\">\n\t\t\t<p><b>United States Patent<\/b><\/br><br \/>\n<b>Application No.<\/b> 18\/504,287<\/br><br \/>\n<b>Patent No.<\/b> US 12,505,486 B2<\/br><br \/>\n<b>Applicant &#038; Inventor:<\/b> Marc R Deschenaux<\/p>\n\t\t<\/div>\n\t\t\t\t\t<div class=\"elementor-post__read-more-wrapper\">\n\t\t\n\t\t<a class=\"elementor-post__read-more\" href=\"https:\/\/marc.deschenaux.com\/fr\/patents\/universal-securities-wrapper-patent-published\/\" aria-label=\"En savoir plus sur Universal Securities Wrapper &#8211; Patent published\" tabindex=\"-1\" >\n\t\t\tEn savoir plus &quot;\t\t<\/a>\n\n\t\t\t\t\t<\/div>\n\t\t\t\t<\/div>\n\t\t\t\t\t<\/div>\n\t\t<\/article>\n\t\t\t\t<article class=\"elementor-post elementor-grid-item post-8592 post type-post status-publish format-standard hentry category-patents\" role=\"listitem\">\n\t\t\t<div class=\"elementor-post__card\">\n\t\t\t\t<div class=\"elementor-post__text\">\n\t\t\t\t<h3 class=\"elementor-post__title\">\n\t\t\t<a href=\"https:\/\/marc.deschenaux.com\/fr\/patents\/receipt-of-acknowledge-revenue-based-investing-p25194us01\/\" >\n\t\t\t\tReceipt of Acknowledge &#8211; Revenue Based Investing\t\t\t<\/a>\n\t\t<\/h3>\n\t\t\t\t<div class=\"elementor-post__excerpt\">\n\t\t\t<p>Electronic acknowledgement receipt of US Patent Application<\/br><br \/>\nUtility &#8211; Non-provisional<\/br><br \/>\nAttorney Docket # <b>P25194US01<\/b><\/p>\n\t\t<\/div>\n\t\t\t\t\t<div class=\"elementor-post__read-more-wrapper\">\n\t\t\n\t\t<a class=\"elementor-post__read-more\" href=\"https:\/\/marc.deschenaux.com\/fr\/patents\/receipt-of-acknowledge-revenue-based-investing-p25194us01\/\" aria-label=\"En savoir plus sur Receipt of Acknowledge &#8211; Revenue Based Investing\" tabindex=\"-1\" >\n\t\t\tEn savoir plus &quot;\t\t<\/a>\n\n\t\t\t\t\t<\/div>\n\t\t\t\t<\/div>\n\t\t\t\t\t<\/div>\n\t\t<\/article>\n\t\t\t\t<article class=\"elementor-post elementor-grid-item post-8278 post type-post status-publish format-standard hentry category-patents\" role=\"listitem\">\n\t\t\t<div class=\"elementor-post__card\">\n\t\t\t\t<div class=\"elementor-post__text\">\n\t\t\t\t<h3 class=\"elementor-post__title\">\n\t\t\t<a href=\"https:\/\/marc.deschenaux.com\/fr\/patents\/leila-alia-ireceipt-patent\/\" >\n\t\t\t\tLeila Alia iReceipt Patent\t\t\t<\/a>\n\t\t<\/h3>\n\t\t\t\t<div class=\"elementor-post__excerpt\">\n\t\t\t<p>This application claims the benefit of US Provisional Application Serial No. 63\/333,712,<br \/>\nfiled April 22, 2022, the contents of which are incorporated herein in their entirety.<\/p>\n\t\t<\/div>\n\t\t\t\t\t<div class=\"elementor-post__read-more-wrapper\">\n\t\t\n\t\t<a class=\"elementor-post__read-more\" href=\"https:\/\/marc.deschenaux.com\/fr\/patents\/leila-alia-ireceipt-patent\/\" aria-label=\"En savoir plus sur Leila Alia iReceipt Patent\" tabindex=\"-1\" >\n\t\t\tEn savoir plus &quot;\t\t<\/a>\n\n\t\t\t\t\t<\/div>\n\t\t\t\t<\/div>\n\t\t\t\t\t<\/div>\n\t\t<\/article>\n\t\t\t\t<article class=\"elementor-post elementor-grid-item post-6918 post type-post status-publish format-standard hentry category-patents\" role=\"listitem\">\n\t\t\t<div class=\"elementor-post__card\">\n\t\t\t\t<div class=\"elementor-post__text\">\n\t\t\t\t<h3 class=\"elementor-post__title\">\n\t\t\t<a href=\"https:\/\/marc.deschenaux.com\/fr\/patents\/receipt-of-acknowledge-special-purpose-incorporation-company\/\" >\n\t\t\t\tAccus\u00e9 de r\u00e9ception \u2013 Soci\u00e9t\u00e9 \u00e0 vocation sp\u00e9ciale\t\t\t<\/a>\n\t\t<\/h3>\n\t\t\t\t<div class=\"elementor-post__excerpt\">\n\t\t\t<p>Accus\u00e9 de r\u00e9ception \u00e9lectronique de l&#039;invention d&#039;une soci\u00e9t\u00e9 \u00e0 vocation sp\u00e9ciale (SPIC)<\/p>\n\t\t<\/div>\n\t\t\t\t\t<div class=\"elementor-post__read-more-wrapper\">\n\t\t\n\t\t<a class=\"elementor-post__read-more\" href=\"https:\/\/marc.deschenaux.com\/fr\/patents\/receipt-of-acknowledge-special-purpose-incorporation-company\/\" aria-label=\"En savoir plus sur Receipt of Acknowledge  &#8211; Special Purpose Incorporation Company\" tabindex=\"-1\" >\n\t\t\tEn savoir plus &quot;\t\t<\/a>\n\n\t\t\t\t\t<\/div>\n\t\t\t\t<\/div>\n\t\t\t\t\t<\/div>\n\t\t<\/article>\n\t\t\t\t<article class=\"elementor-post elementor-grid-item post-6086 post type-post status-publish format-standard hentry category-patents\" role=\"listitem\">\n\t\t\t<div class=\"elementor-post__card\">\n\t\t\t\t<div class=\"elementor-post__text\">\n\t\t\t\t<h3 class=\"elementor-post__title\">\n\t\t\t<a href=\"https:\/\/marc.deschenaux.com\/fr\/patents\/receipt-of-acknowledge-united-states-patent-and-trademark-office-2022\/\" >\n\t\t\t\tR\u00e9ception de l&#039;accus\u00e9 de r\u00e9ception - Office des brevets et des marques des \u00c9tats-Unis 2022\t\t\t<\/a>\n\t\t<\/h3>\n\t\t\t\t<div class=\"elementor-post__excerpt\">\n\t\t\t<p>Il est accus\u00e9 r\u00e9ception de cette demande de brevet d&#039;utilit\u00e9 non provisoire. La candidature sera examin\u00e9e en temps voulu. Le candidat sera inform\u00e9 des r\u00e9sultats de l&#039;examen.<\/p>\n\t\t<\/div>\n\t\t\t\t\t<div class=\"elementor-post__read-more-wrapper\">\n\t\t\n\t\t<a class=\"elementor-post__read-more\" href=\"https:\/\/marc.deschenaux.com\/fr\/patents\/receipt-of-acknowledge-united-states-patent-and-trademark-office-2022\/\" aria-label=\"En savoir plus sur Receipt of Acknowledge  &#8211; United States Patent and Trademark Office 2022\" tabindex=\"-1\" >\n\t\t\tEn savoir plus &quot;\t\t<\/a>\n\n\t\t\t\t\t<\/div>\n\t\t\t\t<\/div>\n\t\t\t\t\t<\/div>\n\t\t<\/article>\n\t\t\t\t<article class=\"elementor-post elementor-grid-item post-5957 post type-post status-publish format-standard hentry category-patents\" role=\"listitem\">\n\t\t\t<div class=\"elementor-post__card\">\n\t\t\t\t<div class=\"elementor-post__text\">\n\t\t\t\t<h3 class=\"elementor-post__title\">\n\t\t\t<a href=\"https:\/\/marc.deschenaux.com\/fr\/patents\/a-fundraising-incubator-for-venture-capitalization\/\" >\n\t\t\t\tUn incubateur de lev\u00e9e de fonds pour le capital-risque\t\t\t<\/a>\n\t\t<\/h3>\n\t\t\t\t<div class=\"elementor-post__excerpt\">\n\t\t\t<p>Il est souvent difficile de lever le budget d&#039;une grande entreprise telle qu&#039;une fusion, une acquisition, un placement priv\u00e9 de valeurs mobili\u00e8res ou un premier appel public \u00e0 l&#039;\u00e9pargne (IPO). En plus d&#039;un co\u00fbt important, il monopolise une part importante des ressources de l&#039;entreprise et de l&#039;attention de la direction. C&#039;est pourquoi il n&#039;est pas rare que lors du processus de capitalisation (par exemple IPO), la performance de l&#039;entreprise soit fortement impact\u00e9e. Par cons\u00e9quent, il peut y avoir un besoin de financement suppl\u00e9mentaire, ne serait-ce que pour compenser la mauvaise performance des ventes due \u00e0 l&#039;effort du processus de capital-risque ou d&#039;introduction en bourse.<\/p>\n\t\t<\/div>\n\t\t\t\t\t<div class=\"elementor-post__read-more-wrapper\">\n\t\t\n\t\t<a class=\"elementor-post__read-more\" href=\"https:\/\/marc.deschenaux.com\/fr\/patents\/a-fundraising-incubator-for-venture-capitalization\/\" aria-label=\"En savoir plus sur A Fundraising Incubator for Venture Capitalization\" tabindex=\"-1\" >\n\t\t\tEn savoir plus &quot;\t\t<\/a>\n\n\t\t\t\t\t<\/div>\n\t\t\t\t<\/div>\n\t\t\t\t\t<\/div>\n\t\t<\/article>\n\t\t\t\t<article class=\"elementor-post elementor-grid-item post-5935 post type-post status-publish format-standard hentry category-patents\" role=\"listitem\">\n\t\t\t<div class=\"elementor-post__card\">\n\t\t\t\t<div class=\"elementor-post__text\">\n\t\t\t\t<h3 class=\"elementor-post__title\">\n\t\t\t<a href=\"https:\/\/marc.deschenaux.com\/fr\/patents\/cascading-initial-public-offerings-for-venture-capitalization\/\" >\n\t\t\t\tIntroductions en bourse en cascade pour capital-risque\t\t\t<\/a>\n\t\t<\/h3>\n\t\t\t\t<div class=\"elementor-post__excerpt\">\n\t\t\t<p>Les principaux obstacles emp\u00eachant une offre publique initiale (IPO) de se produire pour une entreprise qui est pr\u00eate, d\u00e9sireuse et capable de la poursuivre sont les suivants : le co\u00fbt de pr\u00e9paration d&#039;une introduction en bourse est prohibitif ; rien ne garantit que l&#039;introduction en bourse r\u00e9ussira\u00a0; et les banquiers et autres professionnels mettant leur carri\u00e8re en jeu n&#039;autoriseront pas l&#039;introduction en bourse sans une due diligence ad\u00e9quate assurant la s\u00e9curit\u00e9 des march\u00e9s des titres financiers, la validation du mod\u00e8le \u00e9conomique\u00a0; des revenus suffisants permettant \u00e0 l&#039;entreprise d&#039;avoir au moins un cash-flow positif et sinon rentable\u00a0; croissance forte et stable.<\/p>\n\t\t<\/div>\n\t\t\t\t\t<div class=\"elementor-post__read-more-wrapper\">\n\t\t\n\t\t<a class=\"elementor-post__read-more\" href=\"https:\/\/marc.deschenaux.com\/fr\/patents\/cascading-initial-public-offerings-for-venture-capitalization\/\" aria-label=\"En savoir plus sur Cascading Initial Public Offerings for Venture Capitalization\" tabindex=\"-1\" >\n\t\t\tEn savoir plus &quot;\t\t<\/a>\n\n\t\t\t\t\t<\/div>\n\t\t\t\t<\/div>\n\t\t\t\t\t<\/div>\n\t\t<\/article>\n\t\t\t\t<article class=\"elementor-post elementor-grid-item post-5974 post type-post status-publish format-standard hentry category-patents\" role=\"listitem\">\n\t\t\t<div class=\"elementor-post__card\">\n\t\t\t\t<div class=\"elementor-post__text\">\n\t\t\t\t<h3 class=\"elementor-post__title\">\n\t\t\t<a href=\"https:\/\/marc.deschenaux.com\/fr\/patents\/incremental-priced-funding-rounds\/\" >\n\t\t\t\tCycles de financement \u00e0 prix progressif\t\t\t<\/a>\n\t\t<\/h3>\n\t\t\t\t<div class=\"elementor-post__excerpt\">\n\t\t\t<p>Auparavant, les m\u00e9thodes de mobilisation de capitaux d&#039;investissement incluaient la m\u00e9thode des tours de financement. Chaque fois qu&#039;une \u00e9mission de titres \u00e9tait n\u00e9cessaire, un prix fixe pour chaque action du titre \u00e9tait d\u00e9termin\u00e9 en fonction de l&#039;\u00e9tat actuel et de l&#039;\u00e9valuation de la soci\u00e9t\u00e9 pour laquelle le titre \u00e9tait \u00e9mis et \u00e9tait offert aux investisseurs. Avec un prix fixe unique, si l&#039;entreprise \u00e9tait mal g\u00e9r\u00e9e ou ne pouvait pas atteindre ses objectifs initiaux ou manquait simplement d&#039;argent, le prix fixe devrait \u00eatre abaiss\u00e9 pour attirer de nouveaux investisseurs. Les nouveaux investisseurs pourraient acheter des actions \u00e0 un prix inf\u00e9rieur \u00e0 celui des investisseurs pr\u00e9c\u00e9dents, tandis que les nouveaux investisseurs ont toujours moins de risques que les investisseurs pr\u00e9c\u00e9dents. <\/p>\n\t\t<\/div>\n\t\t\t\t\t<div class=\"elementor-post__read-more-wrapper\">\n\t\t\n\t\t<a class=\"elementor-post__read-more\" href=\"https:\/\/marc.deschenaux.com\/fr\/patents\/incremental-priced-funding-rounds\/\" aria-label=\"En savoir plus sur Incremental-Priced Funding Rounds\" tabindex=\"-1\" >\n\t\t\tEn savoir plus &quot;\t\t<\/a>\n\n\t\t\t\t\t<\/div>\n\t\t\t\t<\/div>\n\t\t\t\t\t<\/div>\n\t\t<\/article>\n\t\t\t\t<article class=\"elementor-post elementor-grid-item post-5962 post type-post status-publish format-standard hentry category-patents\" role=\"listitem\">\n\t\t\t<div class=\"elementor-post__card\">\n\t\t\t\t<div class=\"elementor-post__text\">\n\t\t\t\t<h3 class=\"elementor-post__title\">\n\t\t\t<a href=\"https:\/\/marc.deschenaux.com\/fr\/patents\/ips\/\" >\n\t\t\t\tTitres de propri\u00e9t\u00e9 intellectuelle\t\t\t<\/a>\n\t\t<\/h3>\n\t\t\t\t<div class=\"elementor-post__excerpt\">\n\t\t\t<p>Traditionnellement, les investisseurs ont pu investir des capitaux dans des entreprises collectives telles que des soci\u00e9t\u00e9s en achetant des actions de l&#039;ensemble de l&#039;entreprise. Par exemple, une personne int\u00e9ress\u00e9e \u00e0 investir dans l&#039;industrie cin\u00e9matographique a pu acheter des actions dans de grandes soci\u00e9t\u00e9s produisant des films, telles que Sony ou Disney. Cependant, ces grandes entreprises ont d&#039;autres entreprises en dehors des films qui peuvent ne pas int\u00e9resser les investisseurs individuels. Dans certains cas, un investisseur peut souhaiter investir de mani\u00e8re plus cibl\u00e9e.<\/p>\n\t\t<\/div>\n\t\t\t\t\t<div class=\"elementor-post__read-more-wrapper\">\n\t\t\n\t\t<a class=\"elementor-post__read-more\" href=\"https:\/\/marc.deschenaux.com\/fr\/patents\/ips\/\" aria-label=\"En savoir plus sur Intellectual Property Securities\" tabindex=\"-1\" >\n\t\t\tEn savoir plus &quot;\t\t<\/a>\n\n\t\t\t\t\t<\/div>\n\t\t\t\t<\/div>\n\t\t\t\t\t<\/div>\n\t\t<\/article>\n\t\t\t\t<article class=\"elementor-post elementor-grid-item post-5912 post type-post status-publish format-standard hentry category-patents\" role=\"listitem\">\n\t\t\t<div class=\"elementor-post__card\">\n\t\t\t\t<div class=\"elementor-post__text\">\n\t\t\t\t<h3 class=\"elementor-post__title\">\n\t\t\t<a href=\"https:\/\/marc.deschenaux.com\/fr\/patents\/master-spac-for-venture-capitalization\/\" >\n\t\t\t\tMaster SPAC pour la capitalisation \u00e0 risque\t\t\t<\/a>\n\t\t<\/h3>\n\t\t\t\t<div class=\"elementor-post__excerpt\">\n\t\t\t<p>Les principaux obstacles emp\u00eachant une offre publique initiale (IPO) de se produire pour une entreprise qui est pr\u00eate, d\u00e9sireuse et capable de la poursuivre sont les suivants : le co\u00fbt de pr\u00e9paration d&#039;une introduction en bourse est prohibitif ; rien ne garantit que l&#039;introduction en bourse r\u00e9ussira\u00a0; et les banquiers et autres professionnels mettant leur carri\u00e8re en jeu n&#039;autoriseront pas l&#039;introduction en bourse sans une due diligence ad\u00e9quate assurant la s\u00e9curit\u00e9 des march\u00e9s des titres financiers, la validation du mod\u00e8le \u00e9conomique\u00a0; des revenus suffisants permettant \u00e0 l&#039;entreprise d&#039;avoir au moins un cash-flow positif et sinon rentable\u00a0; croissance forte et stable.<\/p>\n\t\t<\/div>\n\t\t\t\t\t<div class=\"elementor-post__read-more-wrapper\">\n\t\t\n\t\t<a class=\"elementor-post__read-more\" href=\"https:\/\/marc.deschenaux.com\/fr\/patents\/master-spac-for-venture-capitalization\/\" aria-label=\"En savoir plus sur Master SPAC for Venture Capitalization\" tabindex=\"-1\" >\n\t\t\tEn savoir plus &quot;\t\t<\/a>\n\n\t\t\t\t\t<\/div>\n\t\t\t\t<\/div>\n\t\t\t\t\t<\/div>\n\t\t<\/article>\n\t\t\t\t<\/div>\n\t\t\n\t\t\t\t\t\t<\/div>\n\t\t\t\t<\/div>\n\t\t\t\t<div class=\"elementor-element elementor-element-41d597d elementor-widget elementor-widget-image\" data-id=\"41d597d\" data-element_type=\"widget\" data-e-type=\"widget\" data-widget_type=\"image.default\">\n\t\t\t\t<div class=\"elementor-widget-container\">\n\t\t\t\t\t\t\t\t\t\t\t\t\t\t\t<img fetchpriority=\"high\" decoding=\"async\" width=\"825\" height=\"550\" src=\"https:\/\/marc.deschenaux.com\/wp-content\/uploads\/Patents-List-1024x683.png\" class=\"attachment-large size-large wp-image-8773\" alt=\"\" srcset=\"https:\/\/marc.deschenaux.com\/wp-content\/uploads\/Patents-List-1024x683.png 1024w, https:\/\/marc.deschenaux.com\/wp-content\/uploads\/Patents-List-300x200.png 300w, https:\/\/marc.deschenaux.com\/wp-content\/uploads\/Patents-List-768x512.png 768w, https:\/\/marc.deschenaux.com\/wp-content\/uploads\/Patents-List-1536x1024.png 1536w, https:\/\/marc.deschenaux.com\/wp-content\/uploads\/Patents-List-2048x1365.png 2048w, https:\/\/marc.deschenaux.com\/wp-content\/uploads\/Patents-List-18x12.png 18w\" sizes=\"(max-width: 825px) 100vw, 825px\" \/>\t\t\t\t\t\t\t\t\t\t\t\t\t\t\t<\/div>\n\t\t\t\t<\/div>\n\t\t\t\t<div class=\"elementor-element elementor-element-30f5a90 elementor-align-center elementor-widget elementor-widget-button\" data-id=\"30f5a90\" data-element_type=\"widget\" data-e-type=\"widget\" data-widget_type=\"button.default\">\n\t\t\t\t<div class=\"elementor-widget-container\">\n\t\t\t\t\t\t\t\t\t<div class=\"elementor-button-wrapper\">\n\t\t\t\t\t<a class=\"elementor-button elementor-button-link elementor-size-lg\" href=\"https:\/\/marc.deschenaux.com\/fr\/inventions\/\">\n\t\t\t\t\t\t<span class=\"elementor-button-content-wrapper\">\n\t\t\t\t\t\t\t\t\t<span class=\"elementor-button-text\">inventions<\/span>\n\t\t\t\t\t<\/span>\n\t\t\t\t\t<\/a>\n\t\t\t\t<\/div>\n\t\t\t\t\t\t\t\t<\/div>\n\t\t\t\t<\/div>\n\t\t\t\t\t<\/div>\n\t\t<\/div>\n\t\t\t\t\t<\/div>\n\t\t<\/section>\n\t\t\t\t<\/div>","protected":false},"excerpt":{"rendered":"<p>inventions<\/p>","protected":false},"author":1,"featured_media":0,"parent":0,"menu_order":1,"comment_status":"closed","ping_status":"closed","template":"","meta":{"footnotes":""},"class_list":["post-5567","page","type-page","status-publish","hentry"],"_links":{"self":[{"href":"https:\/\/marc.deschenaux.com\/fr\/wp-json\/wp\/v2\/pages\/5567","targetHints":{"allow":["GET"]}}],"collection":[{"href":"https:\/\/marc.deschenaux.com\/fr\/wp-json\/wp\/v2\/pages"}],"about":[{"href":"https:\/\/marc.deschenaux.com\/fr\/wp-json\/wp\/v2\/types\/page"}],"author":[{"embeddable":true,"href":"https:\/\/marc.deschenaux.com\/fr\/wp-json\/wp\/v2\/users\/1"}],"replies":[{"embeddable":true,"href":"https:\/\/marc.deschenaux.com\/fr\/wp-json\/wp\/v2\/comments?post=5567"}],"version-history":[{"count":0,"href":"https:\/\/marc.deschenaux.com\/fr\/wp-json\/wp\/v2\/pages\/5567\/revisions"}],"wp:attachment":[{"href":"https:\/\/marc.deschenaux.com\/fr\/wp-json\/wp\/v2\/media?parent=5567"}],"curies":[{"name":"wp","href":"https:\/\/api.w.org\/{rel}","templated":true}]}}