{"id":5567,"date":"2021-12-21T22:38:56","date_gmt":"2021-12-21T22:38:56","guid":{"rendered":"https:\/\/marc.deschenaux.com\/?page_id=5567"},"modified":"2025-01-02T22:22:15","modified_gmt":"2025-01-02T22:22:15","slug":"patents","status":"publish","type":"page","link":"https:\/\/marc.deschenaux.com\/it\/patents\/","title":{"rendered":"Brevetti"},"content":{"rendered":"<div data-elementor-type=\"wp-page\" data-elementor-id=\"5567\" class=\"elementor elementor-5567\" data-elementor-post-type=\"page\">\n\t\t\t\t\t\t<section class=\"elementor-section elementor-top-section elementor-element elementor-element-af2275f elementor-section-boxed elementor-section-height-default elementor-section-height-default\" data-id=\"af2275f\" data-element_type=\"section\" data-e-type=\"section\">\n\t\t\t\t\t\t<div class=\"elementor-container elementor-column-gap-default\">\n\t\t\t\t\t<div class=\"elementor-column elementor-col-100 elementor-top-column elementor-element elementor-element-313ef7e\" data-id=\"313ef7e\" data-element_type=\"column\" data-e-type=\"column\">\n\t\t\t<div class=\"elementor-widget-wrap elementor-element-populated\">\n\t\t\t\t\t\t<div class=\"elementor-element elementor-element-1202a41 elementor-posts__hover-none elementor-grid-3 elementor-grid-tablet-2 elementor-grid-mobile-1 elementor-posts--thumbnail-top elementor-posts--show-avatar elementor-widget elementor-widget-posts\" data-id=\"1202a41\" data-element_type=\"widget\" data-e-type=\"widget\" data-settings=\"{&quot;cards_row_gap&quot;:{&quot;unit&quot;:&quot;px&quot;,&quot;size&quot;:25,&quot;sizes&quot;:[]},&quot;cards_columns&quot;:&quot;3&quot;,&quot;cards_columns_tablet&quot;:&quot;2&quot;,&quot;cards_columns_mobile&quot;:&quot;1&quot;,&quot;cards_row_gap_tablet&quot;:{&quot;unit&quot;:&quot;px&quot;,&quot;size&quot;:&quot;&quot;,&quot;sizes&quot;:[]},&quot;cards_row_gap_mobile&quot;:{&quot;unit&quot;:&quot;px&quot;,&quot;size&quot;:&quot;&quot;,&quot;sizes&quot;:[]}}\" data-widget_type=\"posts.cards\">\n\t\t\t\t<div class=\"elementor-widget-container\">\n\t\t\t\t\t\t\t<div class=\"elementor-posts-container elementor-posts elementor-posts--skin-cards elementor-grid\" role=\"list\">\n\t\t\t\t<article class=\"elementor-post elementor-grid-item post-9391 post type-post status-publish format-standard hentry category-patents\" role=\"listitem\">\n\t\t\t<div class=\"elementor-post__card\">\n\t\t\t\t<div class=\"elementor-post__text\">\n\t\t\t\t<h3 class=\"elementor-post__title\">\n\t\t\t<a href=\"https:\/\/marc.deschenaux.com\/it\/patents\/universal-securities-wrapper-patent-published\/\" >\n\t\t\t\tUniversal Securities Wrapper &#8211; Patent published\t\t\t<\/a>\n\t\t<\/h3>\n\t\t\t\t<div class=\"elementor-post__excerpt\">\n\t\t\t<p><b>United States Patent<\/b><\/br><br \/>\n<b>Application No.<\/b> 18\/504,287<\/br><br \/>\n<b>Patent No.<\/b> US 12,505,486 B2<\/br><br \/>\n<b>Applicant &#038; Inventor:<\/b> Marc R Deschenaux<\/p>\n\t\t<\/div>\n\t\t\t\t\t<div class=\"elementor-post__read-more-wrapper\">\n\t\t\n\t\t<a class=\"elementor-post__read-more\" href=\"https:\/\/marc.deschenaux.com\/it\/patents\/universal-securities-wrapper-patent-published\/\" aria-label=\"Leggi tutto Universal Securities Wrapper &#8211; Patent published\" tabindex=\"-1\" >\n\t\t\tPer saperne di pi\u00f9 &quot;\t\t<\/a>\n\n\t\t\t\t\t<\/div>\n\t\t\t\t<\/div>\n\t\t\t\t\t<\/div>\n\t\t<\/article>\n\t\t\t\t<article class=\"elementor-post elementor-grid-item post-8592 post type-post status-publish format-standard hentry category-patents\" role=\"listitem\">\n\t\t\t<div class=\"elementor-post__card\">\n\t\t\t\t<div class=\"elementor-post__text\">\n\t\t\t\t<h3 class=\"elementor-post__title\">\n\t\t\t<a href=\"https:\/\/marc.deschenaux.com\/it\/patents\/receipt-of-acknowledge-revenue-based-investing-p25194us01\/\" >\n\t\t\t\tReceipt of Acknowledge &#8211; Revenue Based Investing\t\t\t<\/a>\n\t\t<\/h3>\n\t\t\t\t<div class=\"elementor-post__excerpt\">\n\t\t\t<p>Electronic acknowledgement receipt of US Patent Application<\/br><br \/>\nUtility &#8211; Non-provisional<\/br><br \/>\nAttorney Docket # <b>P25194US01<\/b><\/p>\n\t\t<\/div>\n\t\t\t\t\t<div class=\"elementor-post__read-more-wrapper\">\n\t\t\n\t\t<a class=\"elementor-post__read-more\" href=\"https:\/\/marc.deschenaux.com\/it\/patents\/receipt-of-acknowledge-revenue-based-investing-p25194us01\/\" aria-label=\"Leggi tutto Receipt of Acknowledge &#8211; Revenue Based Investing\" tabindex=\"-1\" >\n\t\t\tPer saperne di pi\u00f9 &quot;\t\t<\/a>\n\n\t\t\t\t\t<\/div>\n\t\t\t\t<\/div>\n\t\t\t\t\t<\/div>\n\t\t<\/article>\n\t\t\t\t<article class=\"elementor-post elementor-grid-item post-8278 post type-post status-publish format-standard hentry category-patents\" role=\"listitem\">\n\t\t\t<div class=\"elementor-post__card\">\n\t\t\t\t<div class=\"elementor-post__text\">\n\t\t\t\t<h3 class=\"elementor-post__title\">\n\t\t\t<a href=\"https:\/\/marc.deschenaux.com\/it\/patents\/leila-alia-ireceipt-patent\/\" >\n\t\t\t\tLeila Alia iReceipt Patent\t\t\t<\/a>\n\t\t<\/h3>\n\t\t\t\t<div class=\"elementor-post__excerpt\">\n\t\t\t<p>This application claims the benefit of US Provisional Application Serial No. 63\/333,712,<br \/>\nfiled April 22, 2022, the contents of which are incorporated herein in their entirety.<\/p>\n\t\t<\/div>\n\t\t\t\t\t<div class=\"elementor-post__read-more-wrapper\">\n\t\t\n\t\t<a class=\"elementor-post__read-more\" href=\"https:\/\/marc.deschenaux.com\/it\/patents\/leila-alia-ireceipt-patent\/\" aria-label=\"Leggi tutto Leila Alia iReceipt Patent\" tabindex=\"-1\" >\n\t\t\tPer saperne di pi\u00f9 &quot;\t\t<\/a>\n\n\t\t\t\t\t<\/div>\n\t\t\t\t<\/div>\n\t\t\t\t\t<\/div>\n\t\t<\/article>\n\t\t\t\t<article class=\"elementor-post elementor-grid-item post-6918 post type-post status-publish format-standard hentry category-patents\" role=\"listitem\">\n\t\t\t<div class=\"elementor-post__card\">\n\t\t\t\t<div class=\"elementor-post__text\">\n\t\t\t\t<h3 class=\"elementor-post__title\">\n\t\t\t<a href=\"https:\/\/marc.deschenaux.com\/it\/patents\/receipt-of-acknowledge-special-purpose-incorporation-company\/\" >\n\t\t\t\tRicevuta di riconoscimento - Societ\u00e0 di incorporazione per scopi speciali\t\t\t<\/a>\n\t\t<\/h3>\n\t\t\t\t<div class=\"elementor-post__excerpt\">\n\t\t\t<p>Ricevuta di conferma elettronica dell&#039;invenzione di Special Purpose Incorporation Company (SPIC).<\/p>\n\t\t<\/div>\n\t\t\t\t\t<div class=\"elementor-post__read-more-wrapper\">\n\t\t\n\t\t<a class=\"elementor-post__read-more\" href=\"https:\/\/marc.deschenaux.com\/it\/patents\/receipt-of-acknowledge-special-purpose-incorporation-company\/\" aria-label=\"Leggi tutto Receipt of Acknowledge  &#8211; Special Purpose Incorporation Company\" tabindex=\"-1\" >\n\t\t\tPer saperne di pi\u00f9 &quot;\t\t<\/a>\n\n\t\t\t\t\t<\/div>\n\t\t\t\t<\/div>\n\t\t\t\t\t<\/div>\n\t\t<\/article>\n\t\t\t\t<article class=\"elementor-post elementor-grid-item post-6086 post type-post status-publish format-standard hentry category-patents\" role=\"listitem\">\n\t\t\t<div class=\"elementor-post__card\">\n\t\t\t\t<div class=\"elementor-post__text\">\n\t\t\t\t<h3 class=\"elementor-post__title\">\n\t\t\t<a href=\"https:\/\/marc.deschenaux.com\/it\/patents\/receipt-of-acknowledge-united-states-patent-and-trademark-office-2022\/\" >\n\t\t\t\tRicevuta di riconoscimento - Ufficio brevetti e marchi degli Stati Uniti 2022\t\t\t<\/a>\n\t\t<\/h3>\n\t\t\t\t<div class=\"elementor-post__excerpt\">\n\t\t\t<p>Si conferma ricevuta di questa domanda di brevetto di utilit\u00e0 non provvisoria. La domanda sar\u00e0 ripresa per l&#039;esame a tempo debito. Il candidato sar\u00e0 informato dell&#039;esito dell&#039;esame.<\/p>\n\t\t<\/div>\n\t\t\t\t\t<div class=\"elementor-post__read-more-wrapper\">\n\t\t\n\t\t<a class=\"elementor-post__read-more\" href=\"https:\/\/marc.deschenaux.com\/it\/patents\/receipt-of-acknowledge-united-states-patent-and-trademark-office-2022\/\" aria-label=\"Leggi tutto Receipt of Acknowledge  &#8211; United States Patent and Trademark Office 2022\" tabindex=\"-1\" >\n\t\t\tPer saperne di pi\u00f9 &quot;\t\t<\/a>\n\n\t\t\t\t\t<\/div>\n\t\t\t\t<\/div>\n\t\t\t\t\t<\/div>\n\t\t<\/article>\n\t\t\t\t<article class=\"elementor-post elementor-grid-item post-5957 post type-post status-publish format-standard hentry category-patents\" role=\"listitem\">\n\t\t\t<div class=\"elementor-post__card\">\n\t\t\t\t<div class=\"elementor-post__text\">\n\t\t\t\t<h3 class=\"elementor-post__title\">\n\t\t\t<a href=\"https:\/\/marc.deschenaux.com\/it\/patents\/a-fundraising-incubator-for-venture-capitalization\/\" >\n\t\t\t\tUn incubatore di raccolta fondi per la capitalizzazione di rischio\t\t\t<\/a>\n\t\t<\/h3>\n\t\t\t\t<div class=\"elementor-post__excerpt\">\n\t\t\t<p>Spesso \u00e8 difficile aumentare il budget di una grande impresa come una fusione, un&#039;acquisizione, un collocamento privato di titoli o un&#039;offerta pubblica iniziale (IPO). Oltre al costo significativo, monopolizza una parte significativa delle risorse dell&#039;azienda e dell&#039;attenzione del management. Questo \u00e8 il motivo per cui non \u00e8 raro che durante il processo di capitalizzazione di rischio (ad es. IPO), la performance dell&#039;azienda sia fortemente influenzata. Pertanto, potrebbe esserci un&#039;ulteriore necessit\u00e0 di finanziamento, se non altro per compensare lo scarso andamento delle vendite dovuto allo sforzo del processo di capitalizzazione di rischio o IPO.<\/p>\n\t\t<\/div>\n\t\t\t\t\t<div class=\"elementor-post__read-more-wrapper\">\n\t\t\n\t\t<a class=\"elementor-post__read-more\" href=\"https:\/\/marc.deschenaux.com\/it\/patents\/a-fundraising-incubator-for-venture-capitalization\/\" aria-label=\"Leggi tutto A Fundraising Incubator for Venture Capitalization\" tabindex=\"-1\" >\n\t\t\tPer saperne di pi\u00f9 &quot;\t\t<\/a>\n\n\t\t\t\t\t<\/div>\n\t\t\t\t<\/div>\n\t\t\t\t\t<\/div>\n\t\t<\/article>\n\t\t\t\t<article class=\"elementor-post elementor-grid-item post-5935 post type-post status-publish format-standard hentry category-patents\" role=\"listitem\">\n\t\t\t<div class=\"elementor-post__card\">\n\t\t\t\t<div class=\"elementor-post__text\">\n\t\t\t\t<h3 class=\"elementor-post__title\">\n\t\t\t<a href=\"https:\/\/marc.deschenaux.com\/it\/patents\/cascading-initial-public-offerings-for-venture-capitalization\/\" >\n\t\t\t\tOfferte pubbliche iniziali a cascata per la capitalizzazione di rischio\t\t\t<\/a>\n\t\t<\/h3>\n\t\t\t\t<div class=\"elementor-post__excerpt\">\n\t\t\t<p>Le principali barriere che impediscono un&#039;offerta pubblica iniziale (IPO) per un&#039;azienda che \u00e8 pronta, disposta e in grado di perseguirla includono quanto segue: il costo di preparazione di un&#039;IPO \u00e8 proibitivo; non vi \u00e8 alcuna garanzia che l&#039;IPO avr\u00e0 successo; e banchieri e altri professionisti che mettono in gioco la loro carriera non autorizzeranno l&#039;IPO senza un&#039;adeguata due diligence che garantisca la sicurezza dei mercati finanziari e la convalida del modello di business; entrate sufficienti che rendano l&#039;azienda almeno un flusso di cassa positivo e se non redditizio; crescita forte e stabile.<\/p>\n\t\t<\/div>\n\t\t\t\t\t<div class=\"elementor-post__read-more-wrapper\">\n\t\t\n\t\t<a class=\"elementor-post__read-more\" href=\"https:\/\/marc.deschenaux.com\/it\/patents\/cascading-initial-public-offerings-for-venture-capitalization\/\" aria-label=\"Leggi tutto Cascading Initial Public Offerings for Venture Capitalization\" tabindex=\"-1\" >\n\t\t\tPer saperne di pi\u00f9 &quot;\t\t<\/a>\n\n\t\t\t\t\t<\/div>\n\t\t\t\t<\/div>\n\t\t\t\t\t<\/div>\n\t\t<\/article>\n\t\t\t\t<article class=\"elementor-post elementor-grid-item post-5974 post type-post status-publish format-standard hentry category-patents\" role=\"listitem\">\n\t\t\t<div class=\"elementor-post__card\">\n\t\t\t\t<div class=\"elementor-post__text\">\n\t\t\t\t<h3 class=\"elementor-post__title\">\n\t\t\t<a href=\"https:\/\/marc.deschenaux.com\/it\/patents\/incremental-priced-funding-rounds\/\" >\n\t\t\t\tRound di finanziamento a prezzo incrementale\t\t\t<\/a>\n\t\t<\/h3>\n\t\t\t\t<div class=\"elementor-post__excerpt\">\n\t\t\t<p>In precedenza, i metodi di raccolta del capitale di investimento includevano il metodo dei round di finanziamento. Ogni volta che si rendeva necessaria un&#039;emissione di titoli, veniva determinato un prezzo fisso per ciascuna azione del titolo in base allo stato attuale e alla valutazione della societ\u00e0 per la quale il titolo era stato emesso e veniva offerto agli investitori. Con un unico prezzo fisso, se la societ\u00e0 \u00e8 stata mal gestita o non \u00e8 riuscita a raggiungere i suoi obiettivi iniziali o semplicemente stava finendo i soldi, il prezzo fisso dovrebbe essere abbassato per attirare nuovi investitori. I nuovi investitori potrebbero acquistare azioni a un prezzo inferiore rispetto ai precedenti investitori, mentre i nuovi investitori hanno ancora meno rischi rispetto ai precedenti investitori. <\/p>\n\t\t<\/div>\n\t\t\t\t\t<div class=\"elementor-post__read-more-wrapper\">\n\t\t\n\t\t<a class=\"elementor-post__read-more\" href=\"https:\/\/marc.deschenaux.com\/it\/patents\/incremental-priced-funding-rounds\/\" aria-label=\"Leggi tutto Incremental-Priced Funding Rounds\" tabindex=\"-1\" >\n\t\t\tPer saperne di pi\u00f9 &quot;\t\t<\/a>\n\n\t\t\t\t\t<\/div>\n\t\t\t\t<\/div>\n\t\t\t\t\t<\/div>\n\t\t<\/article>\n\t\t\t\t<article class=\"elementor-post elementor-grid-item post-5962 post type-post status-publish format-standard hentry category-patents\" role=\"listitem\">\n\t\t\t<div class=\"elementor-post__card\">\n\t\t\t\t<div class=\"elementor-post__text\">\n\t\t\t\t<h3 class=\"elementor-post__title\">\n\t\t\t<a href=\"https:\/\/marc.deschenaux.com\/it\/patents\/ips\/\" >\n\t\t\t\tTitoli di propriet\u00e0 intellettuale\t\t\t<\/a>\n\t\t<\/h3>\n\t\t\t\t<div class=\"elementor-post__excerpt\">\n\t\t\t<p>Tradizionalmente, gli investitori sono stati in grado di investire capitali in iniziative collettive come le societ\u00e0 acquistando azioni dell&#039;intera societ\u00e0. Ad esempio, qualcuno interessato a investire nell&#039;industria cinematografica \u00e8 stato in grado di acquistare azioni di grandi societ\u00e0 che producevano film, come Sony o Disney. Tuttavia, queste grandi societ\u00e0 hanno altre iniziative al di fuori dei film che potrebbero non interessare i singoli investitori. In alcuni casi, un investitore potrebbe voler investire in modo pi\u00f9 mirato.<\/p>\n\t\t<\/div>\n\t\t\t\t\t<div class=\"elementor-post__read-more-wrapper\">\n\t\t\n\t\t<a class=\"elementor-post__read-more\" href=\"https:\/\/marc.deschenaux.com\/it\/patents\/ips\/\" aria-label=\"Leggi tutto Intellectual Property Securities\" tabindex=\"-1\" >\n\t\t\tPer saperne di pi\u00f9 &quot;\t\t<\/a>\n\n\t\t\t\t\t<\/div>\n\t\t\t\t<\/div>\n\t\t\t\t\t<\/div>\n\t\t<\/article>\n\t\t\t\t<article class=\"elementor-post elementor-grid-item post-5912 post type-post status-publish format-standard hentry category-patents\" role=\"listitem\">\n\t\t\t<div class=\"elementor-post__card\">\n\t\t\t\t<div class=\"elementor-post__text\">\n\t\t\t\t<h3 class=\"elementor-post__title\">\n\t\t\t<a href=\"https:\/\/marc.deschenaux.com\/it\/patents\/master-spac-for-venture-capitalization\/\" >\n\t\t\t\tMaster SPAC per la capitalizzazione di rischio\t\t\t<\/a>\n\t\t<\/h3>\n\t\t\t\t<div class=\"elementor-post__excerpt\">\n\t\t\t<p>Le principali barriere che impediscono un&#039;offerta pubblica iniziale (IPO) per un&#039;azienda che \u00e8 pronta, disposta e in grado di perseguirla includono quanto segue: il costo di preparazione di un&#039;IPO \u00e8 proibitivo; non vi \u00e8 alcuna garanzia che l&#039;IPO avr\u00e0 successo; e banchieri e altri professionisti che mettono in gioco la loro carriera non autorizzeranno l&#039;IPO senza un&#039;adeguata due diligence che garantisca la sicurezza dei mercati finanziari e la convalida del modello di business; entrate sufficienti che rendano l&#039;azienda almeno un flusso di cassa positivo e se non redditizio; crescita forte e stabile.<\/p>\n\t\t<\/div>\n\t\t\t\t\t<div class=\"elementor-post__read-more-wrapper\">\n\t\t\n\t\t<a class=\"elementor-post__read-more\" href=\"https:\/\/marc.deschenaux.com\/it\/patents\/master-spac-for-venture-capitalization\/\" aria-label=\"Leggi tutto Master SPAC for Venture Capitalization\" tabindex=\"-1\" >\n\t\t\tPer saperne di pi\u00f9 &quot;\t\t<\/a>\n\n\t\t\t\t\t<\/div>\n\t\t\t\t<\/div>\n\t\t\t\t\t<\/div>\n\t\t<\/article>\n\t\t\t\t<\/div>\n\t\t\n\t\t\t\t\t\t<\/div>\n\t\t\t\t<\/div>\n\t\t\t\t<div class=\"elementor-element elementor-element-41d597d elementor-widget elementor-widget-image\" data-id=\"41d597d\" data-element_type=\"widget\" data-e-type=\"widget\" data-widget_type=\"image.default\">\n\t\t\t\t<div class=\"elementor-widget-container\">\n\t\t\t\t\t\t\t\t\t\t\t\t\t\t\t<img fetchpriority=\"high\" decoding=\"async\" width=\"1024\" height=\"683\" src=\"https:\/\/marc.deschenaux.com\/wp-content\/uploads\/Patents-List-1024x683.png\" class=\"attachment-large size-large wp-image-8773\" alt=\"\" srcset=\"https:\/\/marc.deschenaux.com\/wp-content\/uploads\/Patents-List-1024x683.png 1024w, https:\/\/marc.deschenaux.com\/wp-content\/uploads\/Patents-List-300x200.png 300w, https:\/\/marc.deschenaux.com\/wp-content\/uploads\/Patents-List-768x512.png 768w, https:\/\/marc.deschenaux.com\/wp-content\/uploads\/Patents-List-1536x1024.png 1536w, https:\/\/marc.deschenaux.com\/wp-content\/uploads\/Patents-List-2048x1365.png 2048w, https:\/\/marc.deschenaux.com\/wp-content\/uploads\/Patents-List-18x12.png 18w\" sizes=\"(max-width: 1024px) 100vw, 1024px\" \/>\t\t\t\t\t\t\t\t\t\t\t\t\t\t\t<\/div>\n\t\t\t\t<\/div>\n\t\t\t\t<div class=\"elementor-element elementor-element-30f5a90 elementor-align-center elementor-widget elementor-widget-button\" data-id=\"30f5a90\" data-element_type=\"widget\" data-e-type=\"widget\" data-widget_type=\"button.default\">\n\t\t\t\t<div class=\"elementor-widget-container\">\n\t\t\t\t\t\t\t\t\t<div class=\"elementor-button-wrapper\">\n\t\t\t\t\t<a class=\"elementor-button elementor-button-link elementor-size-lg\" href=\"https:\/\/marc.deschenaux.com\/it\/inventions\/\">\n\t\t\t\t\t\t<span class=\"elementor-button-content-wrapper\">\n\t\t\t\t\t\t\t\t\t<span class=\"elementor-button-text\">Invenzioni<\/span>\n\t\t\t\t\t<\/span>\n\t\t\t\t\t<\/a>\n\t\t\t\t<\/div>\n\t\t\t\t\t\t\t\t<\/div>\n\t\t\t\t<\/div>\n\t\t\t\t\t<\/div>\n\t\t<\/div>\n\t\t\t\t\t<\/div>\n\t\t<\/section>\n\t\t\t\t<\/div>","protected":false},"excerpt":{"rendered":"<p>Invenzioni<\/p>","protected":false},"author":1,"featured_media":0,"parent":0,"menu_order":1,"comment_status":"closed","ping_status":"closed","template":"","meta":{"footnotes":""},"class_list":["post-5567","page","type-page","status-publish","hentry"],"_links":{"self":[{"href":"https:\/\/marc.deschenaux.com\/it\/wp-json\/wp\/v2\/pages\/5567","targetHints":{"allow":["GET"]}}],"collection":[{"href":"https:\/\/marc.deschenaux.com\/it\/wp-json\/wp\/v2\/pages"}],"about":[{"href":"https:\/\/marc.deschenaux.com\/it\/wp-json\/wp\/v2\/types\/page"}],"author":[{"embeddable":true,"href":"https:\/\/marc.deschenaux.com\/it\/wp-json\/wp\/v2\/users\/1"}],"replies":[{"embeddable":true,"href":"https:\/\/marc.deschenaux.com\/it\/wp-json\/wp\/v2\/comments?post=5567"}],"version-history":[{"count":0,"href":"https:\/\/marc.deschenaux.com\/it\/wp-json\/wp\/v2\/pages\/5567\/revisions"}],"wp:attachment":[{"href":"https:\/\/marc.deschenaux.com\/it\/wp-json\/wp\/v2\/media?parent=5567"}],"curies":[{"name":"wp","href":"https:\/\/api.w.org\/{rel}","templated":true}]}}