{"id":3,"date":"2020-05-05T13:37:41","date_gmt":"2020-05-05T13:37:41","guid":{"rendered":"https:\/\/new.deschenaux.me\/?page_id=3"},"modified":"2025-01-16T17:32:12","modified_gmt":"2025-01-16T17:32:12","slug":"privacy-policy","status":"publish","type":"page","link":"https:\/\/marc.deschenaux.com\/pt\/privacy-policy\/","title":{"rendered":"pol\u00edtica de Privacidade"},"content":{"rendered":"<div data-elementor-type=\"wp-page\" data-elementor-id=\"3\" class=\"elementor elementor-3\" data-elementor-post-type=\"page\">\n\t\t\t\t\t\t<section class=\"elementor-section elementor-top-section elementor-element elementor-element-7d9baf5b elementor-section-boxed elementor-section-height-default elementor-section-height-default\" data-id=\"7d9baf5b\" data-element_type=\"section\" data-e-type=\"section\">\n\t\t\t\t\t\t<div class=\"elementor-container elementor-column-gap-default\">\n\t\t\t\t\t<div class=\"elementor-column elementor-col-100 elementor-top-column elementor-element elementor-element-46b8d89f\" data-id=\"46b8d89f\" data-element_type=\"column\" data-e-type=\"column\">\n\t\t\t<div class=\"elementor-widget-wrap elementor-element-populated\">\n\t\t\t\t\t\t<div class=\"elementor-element elementor-element-6af4a87b elementor-widget elementor-widget-text-editor\" data-id=\"6af4a87b\" data-element_type=\"widget\" data-e-type=\"widget\" data-widget_type=\"text-editor.default\">\n\t\t\t\t<div class=\"elementor-widget-container\">\n\t\t\t\t\t\t\t\t\t<p>Marc Ren\u00e9 Deschenaux (\u201cn\u00f3s\u201d, \u201cn\u00f3s\u201d ou \u201cnosso\u201d) est\u00e1 operando o referido \u201cServi\u00e7o\u201d que \u00e9 o seguinte site: https:\/\/marc.deschenaux.com<\/p><p>Esta p\u00e1gina informa sobre nossas pol\u00edticas em rela\u00e7\u00e3o \u00e0 coleta, uso e divulga\u00e7\u00e3o de dados pessoais quando voc\u00ea usa nosso Servi\u00e7o e as op\u00e7\u00f5es que voc\u00ea associou a esses dados.<\/p><p>Usamos seus dados para fornecer e melhorar o Servi\u00e7o. Ao usar o Servi\u00e7o, voc\u00ea concorda com a coleta e uso de informa\u00e7\u00f5es de acordo com esta pol\u00edtica. A menos que definido de outra forma nesta Pol\u00edtica de Privacidade, os termos usados nesta Pol\u00edtica de Privacidade t\u00eam os mesmos significados que em nossos Termos e Condi\u00e7\u00f5es, acess\u00edveis em https:\/\/marc.deschenaux.com<\/p><p><strong>DEFINI\u00c7\u00d5ES<\/strong><\/p><p><strong>Servi\u00e7o<\/strong><\/p><p>O servi\u00e7o \u00e9 o site https:\/\/marc.deschenaux.com operado por Marc Ren\u00e9 Deschenaux.<\/p><p><strong>Dados pessoais<\/strong><\/p><p>Dados pessoais significam dados sobre um indiv\u00edduo vivo que pode ser identificado a partir desses dados (ou dessas e outras informa\u00e7\u00f5es em nossa posse ou que possam vir a entrar em nossa posse).<\/p><p><strong>Dados de uso<\/strong><\/p><p>Dados de uso s\u00e3o dados coletados automaticamente gerados pelo uso do Servi\u00e7o ou da pr\u00f3pria infraestrutura do Servi\u00e7o (por exemplo, a dura\u00e7\u00e3o de uma visita \u00e0 p\u00e1gina).<\/p><p><strong>Biscoitos<\/strong><\/p><p>Cookies s\u00e3o pequenos arquivos armazenados em seu dispositivo (computador ou dispositivo m\u00f3vel).<\/p><p><strong>Controlador de dados<\/strong><\/p><p>Controlador de Dados significa a pessoa f\u00edsica ou jur\u00eddica que (sozinha ou em conjunto ou em comum com outras pessoas) determina os prop\u00f3sitos e a maneira pela qual qualquer informa\u00e7\u00e3o pessoal \u00e9 ou deve ser processada.<\/p><p>Para os fins desta Pol\u00edtica de Privacidade, somos um Controlador de Dados de seus Dados Pessoais.<\/p><p><strong>Processadores de Dados (ou Provedores de Servi\u00e7os)<\/strong><\/p><p>Processador de Dados (ou Prestador de Servi\u00e7os) significa qualquer pessoa f\u00edsica ou jur\u00eddica que processa os dados em nome do Controlador de Dados.<\/p><p>Podemos usar os servi\u00e7os de v\u00e1rios provedores de servi\u00e7os para processar seus dados com mais efici\u00eancia.<\/p><p><strong>Do utilizador<\/strong><\/p><p>O Titular dos Dados \u00e9 qualquer pessoa viva que esteja usando nosso Servi\u00e7o e seja o titular dos Dados Pessoais.<\/p><p><strong>\u00a0<\/strong><\/p><p><strong>COLETA E USO DE INFORMA\u00c7\u00d5ES<\/strong><\/p><p>Coletamos v\u00e1rios tipos diferentes de informa\u00e7\u00f5es para v\u00e1rias finalidades para fornecer e melhorar nosso<\/p><p>Servi\u00e7o para voc\u00ea.<\/p><p><strong>\u00a0<\/strong><\/p><p><strong>Tipos de dados coletados<\/strong><\/p><p><strong>\u00a0<\/strong><\/p><p><strong>Dados pessoais<\/strong><\/p><p>Ao usar nosso Servi\u00e7o, podemos solicitar que voc\u00ea nos forne\u00e7a certas informa\u00e7\u00f5es de identifica\u00e7\u00e3o pessoal que podem ser usadas para contat\u00e1-lo ou identific\u00e1-lo (\u201cDados Pessoais\u201d). Informa\u00e7\u00f5es de identifica\u00e7\u00e3o pessoal podem incluir, mas n\u00e3o est\u00e3o limitadas a:<\/p><p>Endere\u00e7o de email<\/p><p>Nome e sobrenome<\/p><p>N\u00famero de telefone<\/p><p>Endere\u00e7o, Estado, Prov\u00edncia, CEP\/C\u00f3digo Postal, Cidade<\/p><p><strong>\u00a0<\/strong><\/p><p><strong>Cookies e dados de uso<\/strong><\/p><p>Podemos usar seus Dados Pessoais para contat\u00e1-lo com boletins informativos, materiais de marketing ou promocionais e outras informa\u00e7\u00f5es que possam ser de seu interesse.<\/p><p>Voc\u00ea pode optar por n\u00e3o receber nenhuma ou todas essas comunica\u00e7\u00f5es de n\u00f3s seguindo o link de cancelamento de inscri\u00e7\u00e3o ou as instru\u00e7\u00f5es fornecidas em qualquer e-mail que enviarmos.<\/p><p><strong>\u00a0<\/strong><\/p><p><strong>Dados de uso<\/strong><\/p><p>Tamb\u00e9m podemos coletar informa\u00e7\u00f5es sobre como o Servi\u00e7o \u00e9 acessado e usado (\u201cDados de uso\u201d). Esses dados de uso podem incluir informa\u00e7\u00f5es como o endere\u00e7o de protocolo da Internet do seu computador (por exemplo, endere\u00e7o IP), tipo de navegador, vers\u00e3o do navegador, as p\u00e1ginas do nosso servi\u00e7o que voc\u00ea visita, a hora e a data da sua visita, o tempo gasto nessas p\u00e1ginas, identificadores de dispositivo e outros dados de diagn\u00f3stico.<\/p><p><strong>\u00a0<\/strong><\/p><p><strong>Dados de rastreamento e cookies<\/strong><\/p><p>Usamos cookies e tecnologias de rastreamento semelhantes para rastrear a atividade em nosso Servi\u00e7o e mantemos certas informa\u00e7\u00f5es.<\/p><p>Cookies s\u00e3o arquivos com uma pequena quantidade de dados que podem incluir um identificador \u00fanico an\u00f4nimo. Os cookies s\u00e3o enviados para o seu navegador a partir de um site e armazenados no seu dispositivo. Outras tecnologias de rastreamento tamb\u00e9m s\u00e3o usadas, como beacons, tags e scripts para coletar e rastrear informa\u00e7\u00f5es e para melhorar e analisar nosso Servi\u00e7o.<\/p><p>Voc\u00ea pode instruir seu navegador a recusar todos os cookies ou indicar quando um cookie est\u00e1 sendo enviado. No entanto, se voc\u00ea n\u00e3o aceitar cookies, talvez n\u00e3o consiga usar algumas partes do nosso Servi\u00e7o.<\/p><p>Exemplos de Cookies que usamos:<\/p><p>Cookies de sess\u00e3o. Usamos cookies de sess\u00e3o para operar nosso servi\u00e7o.<\/p><p>Cookies de prefer\u00eancia. Usamos cookies de prefer\u00eancia para lembrar suas prefer\u00eancias e v\u00e1rias configura\u00e7\u00f5es.<\/p><p>Cookies de seguran\u00e7a. Usamos cookies de seguran\u00e7a para fins de seguran\u00e7a.<\/p><p><strong>\u00a0<\/strong><\/p><p><strong>Uso de dados<\/strong><\/p><p>Marc Ren\u00e9 Deschenaux usa os dados coletados para v\u00e1rios fins:<\/p><ul><li>Para fornecer e manter nosso Servi\u00e7o<\/li><li>Para notific\u00e1-lo sobre altera\u00e7\u00f5es no nosso servi\u00e7o<\/li><li>Para permitir que voc\u00ea participe de recursos interativos de nosso Servi\u00e7o quando voc\u00ea optar por faz\u00ea-lo<\/li><li>Para fornecer suporte ao cliente<\/li><li>Para coletar an\u00e1lises ou informa\u00e7\u00f5es valiosas para que possamos melhorar nosso Servi\u00e7o<\/li><li>Para monitorar o uso do nosso Servi\u00e7o<\/li><li>Para detectar, prevenir e resolver problemas t\u00e9cnicos<\/li><li>Para lhe fornecer not\u00edcias, ofertas especiais e informa\u00e7\u00f5es gerais sobre outros produtos, servi\u00e7os e eventos que oferecemos que sejam semelhantes aos que voc\u00ea j\u00e1 comprou ou perguntou, a menos que tenha optado por n\u00e3o receber essas informa\u00e7\u00f5es<\/li><\/ul><p><strong>\u00a0<\/strong><\/p><p><strong>Base Legal para o Tratamento de Dados Pessoais ao abrigo do Regulamento Geral de Prote\u00e7\u00e3o de Dados (RGPD)<\/strong><\/p><p>Se voc\u00ea \u00e9 do Espa\u00e7o Econ\u00f4mico Europeu (EEA), a base legal de Marc Ren\u00e9 Deschenaux para coletar e usar as informa\u00e7\u00f5es pessoais descritas nesta Pol\u00edtica de Privacidade depende dos Dados Pessoais que coletamos e do contexto espec\u00edfico em que os coletamos.<\/p><p>Marc Ren\u00e9 Deschenaux pode processar seus Dados Pessoais porque:<\/p><ul><li>Precisamos realizar um contrato com voc\u00ea<\/li><li>Voc\u00ea nos deu permiss\u00e3o para faz\u00ea-lo<\/li><li>O processamento \u00e9 do nosso interesse leg\u00edtimo e n\u00e3o \u00e9 substitu\u00eddo pelos seus direitos<\/li><li>Para fins de processamento de pagamento<\/li><li>Para cumprir a lei<\/li><\/ul><p><strong>\u00a0<\/strong><\/p><p><strong>Reten\u00e7\u00e3o de Dados<\/strong><\/p><p>Marc Ren\u00e9 Deschenaux reter\u00e1 seus Dados Pessoais apenas pelo tempo necess\u00e1rio para os fins estabelecidos nesta Pol\u00edtica de Privacidade. Reteremos e usaremos seus Dados Pessoais na medida necess\u00e1ria para cumprir nossas obriga\u00e7\u00f5es legais (por exemplo, se formos obrigados a reter seus dados para cumprir as leis aplic\u00e1veis), resolver disputas e fazer cumprir nossos acordos e pol\u00edticas legais.<\/p><p>A FEDERA\u00c7\u00c3O SEM FRONTEIRAS Marc Ren\u00e9 Deschenaux tamb\u00e9m reter\u00e1 os Dados de Uso para fins de an\u00e1lise interna. Os dados de uso geralmente s\u00e3o retidos por um per\u00edodo de tempo mais curto, exceto quando esses dados s\u00e3o usados para fortalecer a seguran\u00e7a ou melhorar a funcionalidade do nosso servi\u00e7o, ou somos legalmente obrigados a reter esses dados por per\u00edodos mais longos.<\/p><p><strong>\u00a0<\/strong><\/p><p><strong>Transfer\u00eancia de dados<\/strong><\/p><p>Suas informa\u00e7\u00f5es, incluindo Dados Pessoais, podem ser transferidas para \u2014 e mantidas em \u2014 computadores localizados fora de seu estado, prov\u00edncia, pa\u00eds ou outra jurisdi\u00e7\u00e3o governamental onde as leis de prote\u00e7\u00e3o de dados podem diferir daquelas de sua jurisdi\u00e7\u00e3o.<\/p><p>Se voc\u00ea estiver fora da Su\u00ed\u00e7a e optar por nos fornecer informa\u00e7\u00f5es, observe que transferimos os dados, incluindo Dados Pessoais, para a Su\u00ed\u00e7a e os processamos l\u00e1.<\/p><p>Seu consentimento para esta Pol\u00edtica de Privacidade, seguido pelo envio de tais informa\u00e7\u00f5es, representa sua concord\u00e2ncia com essa transfer\u00eancia.<\/p><p>Marc Ren\u00e9 Deschenaux tomar\u00e1 todas as medidas razoavelmente necess\u00e1rias para garantir que seus dados sejam tratados com seguran\u00e7a e de acordo com esta Pol\u00edtica de Privacidade e nenhuma transfer\u00eancia de seus Dados Pessoais ocorrer\u00e1 para uma organiza\u00e7\u00e3o ou pa\u00eds, a menos que haja controles adequados em vigor, incluindo o seguran\u00e7a de seus dados e outras informa\u00e7\u00f5es pessoais.<\/p><p><strong>\u00a0<\/strong><\/p><p><strong>Divulga\u00e7\u00e3o de dados<\/strong><\/p><p><strong>\u00a0<\/strong><\/p><p><strong>Transa\u00e7\u00e3o Comercial<\/strong><\/p><p>Se Marc Ren\u00e9 Deschenaux estiver envolvido em uma fus\u00e3o, aquisi\u00e7\u00e3o ou venda de ativos, seus Dados Pessoais poder\u00e3o ser transferidos. Forneceremos um aviso antes que seus Dados Pessoais sejam transferidos e fiquem sujeitos a uma Pol\u00edtica de Privacidade diferente.<\/p><p><strong>\u00a0<\/strong><\/p><p><strong>Divulga\u00e7\u00e3o para aplica\u00e7\u00e3o da lei<\/strong><\/p><p>Sob certas circunst\u00e2ncias, Marc Ren\u00e9 Deschenaux pode ser obrigado a divulgar seus Dados Pessoais se exigido por lei ou em resposta<\/p><p>a solicita\u00e7\u00f5es v\u00e1lidas de autoridades p\u00fablicas (por exemplo, um tribunal ou ag\u00eancia governamental).<\/p><p><strong>\u00a0<\/strong><\/p><p><strong>Requerimentos legais<\/strong><\/p><p>Marc Ren\u00e9 Deschenaux pode divulgar seus Dados Pessoais de boa f\u00e9, acreditando que tal a\u00e7\u00e3o \u00e9 necess\u00e1ria para:<\/p><ul><li>Para cumprir uma obriga\u00e7\u00e3o legal<\/li><li>Para proteger e defender os direitos de propriedade de Marc Ren\u00e9 Deschenaux<\/li><li>Para prevenir ou investigar poss\u00edveis irregularidades relacionadas ao Servi\u00e7o<\/li><li>Para proteger a seguran\u00e7a pessoal dos usu\u00e1rios do Servi\u00e7o ou do p\u00fablico<\/li><li>Para proteger contra a responsabilidade legal<\/li><\/ul><p><strong>\u00a0<\/strong><\/p><p><strong>Seguran\u00e7a de Dados<\/strong><\/p><p>A seguran\u00e7a de seus dados \u00e9 importante para n\u00f3s, mas lembre-se de que nenhum m\u00e9todo de transmiss\u00e3o pela Internet ou m\u00e9todo de armazenamento eletr\u00f4nico \u00e9 100% seguro. Embora nos esforcemos para usar meios comercialmente aceit\u00e1veis para proteger seus Dados Pessoais, n\u00e3o podemos garantir sua seguran\u00e7a absoluta.<\/p><p>Nossa pol\u00edtica sobre sinais de \u201cn\u00e3o rastrear\u201d de acordo com a Lei de Prote\u00e7\u00e3o Online da Calif\u00f3rnia (CalOPPA)<\/p><p>N\u00e3o oferecemos suporte a Do Not Track (\u201cDNT\u201d). N\u00e3o rastrear \u00e9 uma prefer\u00eancia que voc\u00ea pode definir em seu navegador para informar os sites que voc\u00ea n\u00e3o deseja que sejam rastreados. Voc\u00ea pode habilitar ou desabilitar o Do Not Track visitando a p\u00e1gina Prefer\u00eancias ou Configura\u00e7\u00f5es do seu navegador.<\/p><p><strong>\u00a0<\/strong><\/p><p><strong>Seus direitos de prote\u00e7\u00e3o de dados sob o Regulamento Geral de Prote\u00e7\u00e3o de Dados (GDPR)<\/strong><\/p><p>Se voc\u00ea \u00e9 um residente do Espa\u00e7o Econ\u00f4mico Europeu (EEA), voc\u00ea tem certos direitos de prote\u00e7\u00e3o de dados. Marc Ren\u00e9 Deschenaux pretende tomar medidas razo\u00e1veis para permitir que voc\u00ea corrija, altere, exclua ou limite o uso de seus Dados Pessoais.<\/p><p>Se voc\u00ea deseja ser informado sobre quais Dados Pessoais mantemos sobre voc\u00ea e se deseja que sejam removidos de nossos sistemas, entre em contato conosco.<\/p><p>Em determinadas circunst\u00e2ncias, voc\u00ea tem os seguintes direitos de prote\u00e7\u00e3o de dados:<\/p><p>O direito de acessar, atualizar ou excluir as informa\u00e7\u00f5es que temos sobre voc\u00ea. Sempre que poss\u00edvel, voc\u00ea pode acessar, atualizar ou solicitar a exclus\u00e3o de seus dados pessoais diretamente na se\u00e7\u00e3o de configura\u00e7\u00f5es de sua conta. Se voc\u00ea n\u00e3o conseguir realizar essas a\u00e7\u00f5es sozinho, entre em contato conosco para ajud\u00e1-lo.<\/p><p>O direito de retifica\u00e7\u00e3o. Voc\u00ea tem o direito de ter suas informa\u00e7\u00f5es retificadas se essas informa\u00e7\u00f5es forem imprecisas ou incompletas.<\/p><p>O direito de obje\u00e7\u00e3o. Voc\u00ea tem o direito de se opor ao nosso processamento de seus dados pessoais.<\/p><p>O direito de restri\u00e7\u00e3o. Voc\u00ea tem o direito de solicitar que restrinjamos o processamento de suas informa\u00e7\u00f5es pessoais.<\/p><p>O direito \u00e0 portabilidade de dados. Voc\u00ea tem o direito de receber uma c\u00f3pia das informa\u00e7\u00f5es que temos sobre voc\u00ea em um formato estruturado, leg\u00edvel por m\u00e1quina e comumente usado.<\/p><p>O direito de retirar o consentimento. Voc\u00ea tamb\u00e9m tem o direito de retirar seu consentimento a qualquer momento em que Marc Ren\u00e9 Deschenaux confiou em seu consentimento para processar suas informa\u00e7\u00f5es pessoais.<\/p><p>Observe que podemos solicitar que voc\u00ea verifique sua identidade antes de responder a essas solicita\u00e7\u00f5es.<\/p><p>Voc\u00ea tem o direito de reclamar a uma Autoridade de Prote\u00e7\u00e3o de Dados sobre nossa coleta e uso de seus Dados Pessoais. Para obter mais informa\u00e7\u00f5es, entre em contato com a autoridade local de prote\u00e7\u00e3o de dados no Espa\u00e7o Econ\u00f4mico Europeu (EEA).<\/p><p><strong>\u00a0<\/strong><\/p><p><strong>Transa\u00e7\u00e3o Comercial<\/strong><\/p><p>Se Marc Ren\u00e9 Deschenaux estiver envolvido em uma fus\u00e3o, aquisi\u00e7\u00e3o ou venda de ativos, seus Dados Pessoais poder\u00e3o ser transferidos. Forneceremos um aviso antes que seus Dados Pessoais sejam transferidos e fiquem sujeitos a uma Pol\u00edtica de Privacidade diferente.<\/p><p><strong>\u00a0<\/strong><\/p><p><strong>Divulga\u00e7\u00e3o para aplica\u00e7\u00e3o da lei<\/strong><\/p><p>Sob certas circunst\u00e2ncias, Marc Ren\u00e9 Deschenaux pode ser obrigado a divulgar seus Dados Pessoais se exigido por lei ou em resposta<\/p><p>a solicita\u00e7\u00f5es v\u00e1lidas de autoridades p\u00fablicas (por exemplo, um tribunal ou ag\u00eancia governamental).<\/p><p><strong>\u00a0<\/strong><\/p><p><strong>PROVEDORES DE SERVI\u00c7O<\/strong><\/p><p>Podemos contratar empresas e indiv\u00edduos terceirizados para facilitar nosso Servi\u00e7o (\u201cProvedores de Servi\u00e7o\u201d), fornecer o Servi\u00e7o em nosso nome, executar servi\u00e7os relacionados ao Servi\u00e7o ou nos ajudar a analisar como nosso Servi\u00e7o \u00e9 usado.<\/p><p>Esses terceiros t\u00eam acesso aos seus Dados Pessoais apenas para realizar essas tarefas em nosso nome e s\u00e3o obrigados a n\u00e3o divulg\u00e1-los ou us\u00e1-los para qualquer outra finalidade.<\/p><p><strong>\u00a0<\/strong><\/p><p><strong>AN\u00c1LISE<\/strong><\/p><p>Podemos usar provedores de servi\u00e7os terceirizados para monitorar e analisar o uso de nosso servi\u00e7o.<\/p><p><strong>Google Analytics<\/strong><\/p><p>O Google Analytics \u00e9 um servi\u00e7o de an\u00e1lise da web oferecido pelo Google que rastreia e relata o tr\u00e1fego do site. O Google usa os dados coletados para rastrear e monitorar o uso de nosso Servi\u00e7o. Esses dados s\u00e3o compartilhados com outros servi\u00e7os do Google. A Google pode utilizar os dados recolhidos para contextualizar e personalizar os an\u00fancios da sua pr\u00f3pria rede de publicidade. Voc\u00ea pode optar por n\u00e3o disponibilizar sua atividade no Servi\u00e7o para o Google Analytics instalando o complemento do navegador para desativa\u00e7\u00e3o do Google Analytics. O complemento impede que o JavaScript do Google Analytics (ga.js, analytics.js e dc.js) compartilhe informa\u00e7\u00f5es com o Google Analytics sobre a atividade de visitas.<\/p><p>Para obter mais informa\u00e7\u00f5es sobre as pr\u00e1ticas de privacidade do Google, visite a p\u00e1gina de privacidade e termos do Google:\u00a0<a href=\"https:\/\/policies.google.com\/privacy?hl=en\">https:\/\/policies.google.com\/privacy?hl=en<\/a><\/p><p><strong>\u00a0<\/strong><\/p><p><strong>Pagamentos<\/strong><\/p><p>Podemos fornecer produtos e\/ou servi\u00e7os pagos dentro do Servi\u00e7o. Nesse caso, usamos servi\u00e7os de terceiros para processamento de pagamentos (por exemplo, processadores de pagamento).<\/p><p>N\u00e3o armazenaremos nem coletaremos os detalhes do seu cart\u00e3o de pagamento. Essas informa\u00e7\u00f5es s\u00e3o fornecidas diretamente aos nossos processadores de pagamento terceirizados, cujo uso de suas informa\u00e7\u00f5es pessoais \u00e9 regido por sua Pol\u00edtica de Privacidade. Esses processadores de pagamento aderem aos padr\u00f5es estabelecidos pelo PCI-DSS, gerenciados pelo PCI Security Standards Council, que \u00e9 um esfor\u00e7o conjunto de marcas como Visa, MasterCard, American Express e Discover. Os requisitos do PCI-DSS ajudam a garantir o manuseio seguro das informa\u00e7\u00f5es de pagamento. Podemos usar v\u00e1rios provedores de solu\u00e7\u00f5es de pagamento diferentes, como Paypal, Postfinance, Stripe e outros. Convidamos os usu\u00e1rios a revisar cada respectiva pol\u00edtica de privacidade.<\/p><p><strong>\u00a0<\/strong><\/p><p><strong>Links para outros sites<\/strong><\/p><p>Nosso Servi\u00e7o pode conter links para outros sites que n\u00e3o s\u00e3o operados por n\u00f3s. Se voc\u00ea clicar em um link de terceiros, ser\u00e1 direcionado para o site desse terceiro. Aconselhamos vivamente que reveja a Pol\u00edtica de Privacidade de cada site que visitar. N\u00e3o temos controle e n\u00e3o assumimos nenhuma responsabilidade pelo conte\u00fado, pol\u00edticas de privacidade ou pr\u00e1ticas de quaisquer sites ou servi\u00e7os de terceiros.<\/p><p><strong>\u00a0<\/strong><\/p><p><strong>PRIVACIDADE DAS CRIAN\u00c7AS<\/strong><\/p><p>Nosso Servi\u00e7o n\u00e3o se dirige a menores de 18 anos (\u201cCrian\u00e7as\u201d).<\/p><p>N\u00e3o coletamos intencionalmente informa\u00e7\u00f5es de identifica\u00e7\u00e3o pessoal de menores de 18 anos. Se voc\u00ea \u00e9 pai ou respons\u00e1vel e sabe que seu filho nos forneceu dados pessoais, entre em contato conosco. Se tomarmos conhecimento de que coletamos Dados Pessoais de crian\u00e7as sem verifica\u00e7\u00e3o do consentimento dos pais, tomaremos medidas para remover essas informa\u00e7\u00f5es de nossos servidores.<\/p><p><strong>\u00a0<\/strong><\/p><p><strong>ALTERA\u00c7\u00d5ES A ESTA POL\u00cdTICA DE PRIVACIDADE<\/strong><\/p><p>Podemos atualizar nossa Pol\u00edtica de Privacidade de tempos em tempos. Iremos notific\u00e1-lo sobre quaisquer altera\u00e7\u00f5es publicando a nova Pol\u00edtica de Privacidade nesta p\u00e1gina.<\/p><p>Informaremos voc\u00ea por e-mail e\/ou um aviso em destaque em nosso Servi\u00e7o, antes que a altera\u00e7\u00e3o entre em vigor e atualize a \u201cdata efetiva\u201d na parte superior desta Pol\u00edtica de Privacidade.<\/p><p>Voc\u00ea \u00e9 aconselhado a revisar esta Pol\u00edtica de Privacidade periodicamente para quaisquer altera\u00e7\u00f5es. As altera\u00e7\u00f5es a esta Pol\u00edtica de Privacidade entram em vigor quando s\u00e3o publicadas nesta p\u00e1gina.<\/p><p><strong>\u00a0<\/strong><\/p><p><strong>CONTATE-NOS<\/strong><\/p><p>Se voc\u00ea tiver alguma d\u00favida sobre esta Pol\u00edtica de Privacidade, por favor <a href=\"https:\/\/marc.deschenaux.com\/pt\/contacts\/\">Contate-nos<\/a><\/p>\t\t\t\t\t\t\t\t<\/div>\n\t\t\t\t<\/div>\n\t\t\t\t\t<\/div>\n\t\t<\/div>\n\t\t\t\t\t<\/div>\n\t\t<\/section>\n\t\t\t\t<\/div>","protected":false},"excerpt":{"rendered":"<p>(\u201cus\u201d, \u201cwe\u201d, or \u201cour\u201d) is operating the said &#8220;Service&#8221; which is the following website: This page informs you of our policies regarding the collection, use and disclosure of personal data when you use our Service and the choices you have associated with that data. We use your data to provide and improve the Service. By &#8230; <a title=\"pol\u00edtica de Privacidade\" class=\"read-more\" href=\"https:\/\/marc.deschenaux.com\/pt\/privacy-policy\/\" aria-label=\"Leia mais sobre Privacy Policy\">Ler mais<\/a><\/p>","protected":false},"author":1,"featured_media":0,"parent":0,"menu_order":1000,"comment_status":"closed","ping_status":"closed","template":"","meta":{"footnotes":""},"class_list":["post-3","page","type-page","status-publish"],"_links":{"self":[{"href":"https:\/\/marc.deschenaux.com\/pt\/wp-json\/wp\/v2\/pages\/3","targetHints":{"allow":["GET"]}}],"collection":[{"href":"https:\/\/marc.deschenaux.com\/pt\/wp-json\/wp\/v2\/pages"}],"about":[{"href":"https:\/\/marc.deschenaux.com\/pt\/wp-json\/wp\/v2\/types\/page"}],"author":[{"embeddable":true,"href":"https:\/\/marc.deschenaux.com\/pt\/wp-json\/wp\/v2\/users\/1"}],"replies":[{"embeddable":true,"href":"https:\/\/marc.deschenaux.com\/pt\/wp-json\/wp\/v2\/comments?post=3"}],"version-history":[{"count":0,"href":"https:\/\/marc.deschenaux.com\/pt\/wp-json\/wp\/v2\/pages\/3\/revisions"}],"wp:attachment":[{"href":"https:\/\/marc.deschenaux.com\/pt\/wp-json\/wp\/v2\/media?parent=3"}],"curies":[{"name":"wp","href":"https:\/\/api.w.org\/{rel}","templated":true}]}}