{"id":5567,"date":"2021-12-21T22:38:56","date_gmt":"2021-12-21T22:38:56","guid":{"rendered":"https:\/\/marc.deschenaux.com\/?page_id=5567"},"modified":"2025-01-02T22:22:15","modified_gmt":"2025-01-02T22:22:15","slug":"patents","status":"publish","type":"page","link":"https:\/\/marc.deschenaux.com\/pt\/patents\/","title":{"rendered":"Patentes"},"content":{"rendered":"<div data-elementor-type=\"wp-page\" data-elementor-id=\"5567\" class=\"elementor elementor-5567\" data-elementor-post-type=\"page\">\n\t\t\t\t\t\t<section class=\"elementor-section elementor-top-section elementor-element elementor-element-af2275f elementor-section-boxed elementor-section-height-default elementor-section-height-default\" data-id=\"af2275f\" data-element_type=\"section\" data-e-type=\"section\">\n\t\t\t\t\t\t<div class=\"elementor-container elementor-column-gap-default\">\n\t\t\t\t\t<div class=\"elementor-column elementor-col-100 elementor-top-column elementor-element elementor-element-313ef7e\" data-id=\"313ef7e\" data-element_type=\"column\" data-e-type=\"column\">\n\t\t\t<div class=\"elementor-widget-wrap elementor-element-populated\">\n\t\t\t\t\t\t<div class=\"elementor-element elementor-element-1202a41 elementor-posts__hover-none elementor-grid-3 elementor-grid-tablet-2 elementor-grid-mobile-1 elementor-posts--thumbnail-top elementor-posts--show-avatar elementor-widget elementor-widget-posts\" data-id=\"1202a41\" data-element_type=\"widget\" data-e-type=\"widget\" data-settings=\"{&quot;cards_row_gap&quot;:{&quot;unit&quot;:&quot;px&quot;,&quot;size&quot;:25,&quot;sizes&quot;:[]},&quot;cards_columns&quot;:&quot;3&quot;,&quot;cards_columns_tablet&quot;:&quot;2&quot;,&quot;cards_columns_mobile&quot;:&quot;1&quot;,&quot;cards_row_gap_tablet&quot;:{&quot;unit&quot;:&quot;px&quot;,&quot;size&quot;:&quot;&quot;,&quot;sizes&quot;:[]},&quot;cards_row_gap_mobile&quot;:{&quot;unit&quot;:&quot;px&quot;,&quot;size&quot;:&quot;&quot;,&quot;sizes&quot;:[]}}\" data-widget_type=\"posts.cards\">\n\t\t\t\t<div class=\"elementor-widget-container\">\n\t\t\t\t\t\t\t<div class=\"elementor-posts-container elementor-posts elementor-posts--skin-cards elementor-grid\" role=\"list\">\n\t\t\t\t<article class=\"elementor-post elementor-grid-item post-9391 post type-post status-publish format-standard hentry category-patents\" role=\"listitem\">\n\t\t\t<div class=\"elementor-post__card\">\n\t\t\t\t<div class=\"elementor-post__text\">\n\t\t\t\t<h3 class=\"elementor-post__title\">\n\t\t\t<a href=\"https:\/\/marc.deschenaux.com\/pt\/patents\/universal-securities-wrapper-patent-published\/\" >\n\t\t\t\tUniversal Securities Wrapper &#8211; Patent published\t\t\t<\/a>\n\t\t<\/h3>\n\t\t\t\t<div class=\"elementor-post__excerpt\">\n\t\t\t<p><b>United States Patent<\/b><\/br><br \/>\n<b>Application No.<\/b> 18\/504,287<\/br><br \/>\n<b>Patent No.<\/b> US 12,505,486 B2<\/br><br \/>\n<b>Applicant &#038; Inventor:<\/b> Marc R Deschenaux<\/p>\n\t\t<\/div>\n\t\t\t\t\t<div class=\"elementor-post__read-more-wrapper\">\n\t\t\n\t\t<a class=\"elementor-post__read-more\" href=\"https:\/\/marc.deschenaux.com\/pt\/patents\/universal-securities-wrapper-patent-published\/\" aria-label=\"Read more about Universal Securities Wrapper &#8211; Patent published\" tabindex=\"-1\" >\n\t\t\tConsulte Mais informa\u00e7\u00e3o &quot;\t\t<\/a>\n\n\t\t\t\t\t<\/div>\n\t\t\t\t<\/div>\n\t\t\t\t\t<\/div>\n\t\t<\/article>\n\t\t\t\t<article class=\"elementor-post elementor-grid-item post-8592 post type-post status-publish format-standard hentry category-patents\" role=\"listitem\">\n\t\t\t<div class=\"elementor-post__card\">\n\t\t\t\t<div class=\"elementor-post__text\">\n\t\t\t\t<h3 class=\"elementor-post__title\">\n\t\t\t<a href=\"https:\/\/marc.deschenaux.com\/pt\/patents\/receipt-of-acknowledge-revenue-based-investing-p25194us01\/\" >\n\t\t\t\tReceipt of Acknowledge &#8211; Revenue Based Investing\t\t\t<\/a>\n\t\t<\/h3>\n\t\t\t\t<div class=\"elementor-post__excerpt\">\n\t\t\t<p>Electronic acknowledgement receipt of US Patent Application<\/br><br \/>\nUtility &#8211; Non-provisional<\/br><br \/>\nAttorney Docket # <b>P25194US01<\/b><\/p>\n\t\t<\/div>\n\t\t\t\t\t<div class=\"elementor-post__read-more-wrapper\">\n\t\t\n\t\t<a class=\"elementor-post__read-more\" href=\"https:\/\/marc.deschenaux.com\/pt\/patents\/receipt-of-acknowledge-revenue-based-investing-p25194us01\/\" aria-label=\"Read more about Receipt of Acknowledge &#8211; Revenue Based Investing\" tabindex=\"-1\" >\n\t\t\tConsulte Mais informa\u00e7\u00e3o &quot;\t\t<\/a>\n\n\t\t\t\t\t<\/div>\n\t\t\t\t<\/div>\n\t\t\t\t\t<\/div>\n\t\t<\/article>\n\t\t\t\t<article class=\"elementor-post elementor-grid-item post-8278 post type-post status-publish format-standard hentry category-patents\" role=\"listitem\">\n\t\t\t<div class=\"elementor-post__card\">\n\t\t\t\t<div class=\"elementor-post__text\">\n\t\t\t\t<h3 class=\"elementor-post__title\">\n\t\t\t<a href=\"https:\/\/marc.deschenaux.com\/pt\/patents\/leila-alia-ireceipt-patent\/\" >\n\t\t\t\tLeila Alia iReceipt Patent\t\t\t<\/a>\n\t\t<\/h3>\n\t\t\t\t<div class=\"elementor-post__excerpt\">\n\t\t\t<p>This application claims the benefit of US Provisional Application Serial No. 63\/333,712,<br \/>\nfiled April 22, 2022, the contents of which are incorporated herein in their entirety.<\/p>\n\t\t<\/div>\n\t\t\t\t\t<div class=\"elementor-post__read-more-wrapper\">\n\t\t\n\t\t<a class=\"elementor-post__read-more\" href=\"https:\/\/marc.deschenaux.com\/pt\/patents\/leila-alia-ireceipt-patent\/\" aria-label=\"Read more about Leila Alia iReceipt Patent\" tabindex=\"-1\" >\n\t\t\tConsulte Mais informa\u00e7\u00e3o &quot;\t\t<\/a>\n\n\t\t\t\t\t<\/div>\n\t\t\t\t<\/div>\n\t\t\t\t\t<\/div>\n\t\t<\/article>\n\t\t\t\t<article class=\"elementor-post elementor-grid-item post-6918 post type-post status-publish format-standard hentry category-patents\" role=\"listitem\">\n\t\t\t<div class=\"elementor-post__card\">\n\t\t\t\t<div class=\"elementor-post__text\">\n\t\t\t\t<h3 class=\"elementor-post__title\">\n\t\t\t<a href=\"https:\/\/marc.deschenaux.com\/pt\/patents\/receipt-of-acknowledge-special-purpose-incorporation-company\/\" >\n\t\t\t\tRecibo de Confirma\u00e7\u00e3o - Sociedade Incorporadora de Prop\u00f3sito Espec\u00edfico\t\t\t<\/a>\n\t\t<\/h3>\n\t\t\t\t<div class=\"elementor-post__excerpt\">\n\t\t\t<p>Recibo de confirma\u00e7\u00e3o eletr\u00f4nica da Inven\u00e7\u00e3o da Sociedade de Prop\u00f3sito Espec\u00edfico (SPIC)<\/p>\n\t\t<\/div>\n\t\t\t\t\t<div class=\"elementor-post__read-more-wrapper\">\n\t\t\n\t\t<a class=\"elementor-post__read-more\" href=\"https:\/\/marc.deschenaux.com\/pt\/patents\/receipt-of-acknowledge-special-purpose-incorporation-company\/\" aria-label=\"Read more about Receipt of Acknowledge  &#8211; Special Purpose Incorporation Company\" tabindex=\"-1\" >\n\t\t\tConsulte Mais informa\u00e7\u00e3o &quot;\t\t<\/a>\n\n\t\t\t\t\t<\/div>\n\t\t\t\t<\/div>\n\t\t\t\t\t<\/div>\n\t\t<\/article>\n\t\t\t\t<article class=\"elementor-post elementor-grid-item post-6086 post type-post status-publish format-standard hentry category-patents\" role=\"listitem\">\n\t\t\t<div class=\"elementor-post__card\">\n\t\t\t\t<div class=\"elementor-post__text\">\n\t\t\t\t<h3 class=\"elementor-post__title\">\n\t\t\t<a href=\"https:\/\/marc.deschenaux.com\/pt\/patents\/receipt-of-acknowledge-united-states-patent-and-trademark-office-2022\/\" >\n\t\t\t\tRecibo de Reconhecimento \u2013 Escrit\u00f3rio de Marcas e Patentes dos Estados Unidos 2022\t\t\t<\/a>\n\t\t<\/h3>\n\t\t\t\t<div class=\"elementor-post__excerpt\">\n\t\t\t<p>O recebimento \u00e9 reconhecido deste pedido de patente de utilidade n\u00e3o provis\u00f3rio. O pedido ser\u00e1 levado para exame oportunamente. O candidato ser\u00e1 notificado sobre os resultados do exame.<\/p>\n\t\t<\/div>\n\t\t\t\t\t<div class=\"elementor-post__read-more-wrapper\">\n\t\t\n\t\t<a class=\"elementor-post__read-more\" href=\"https:\/\/marc.deschenaux.com\/pt\/patents\/receipt-of-acknowledge-united-states-patent-and-trademark-office-2022\/\" aria-label=\"Read more about Receipt of Acknowledge  &#8211; United States Patent and Trademark Office 2022\" tabindex=\"-1\" >\n\t\t\tConsulte Mais informa\u00e7\u00e3o &quot;\t\t<\/a>\n\n\t\t\t\t\t<\/div>\n\t\t\t\t<\/div>\n\t\t\t\t\t<\/div>\n\t\t<\/article>\n\t\t\t\t<article class=\"elementor-post elementor-grid-item post-5957 post type-post status-publish format-standard hentry category-patents\" role=\"listitem\">\n\t\t\t<div class=\"elementor-post__card\">\n\t\t\t\t<div class=\"elementor-post__text\">\n\t\t\t\t<h3 class=\"elementor-post__title\">\n\t\t\t<a href=\"https:\/\/marc.deschenaux.com\/pt\/patents\/a-fundraising-incubator-for-venture-capitalization\/\" >\n\t\t\t\tUma incubadora de capta\u00e7\u00e3o de recursos para capitaliza\u00e7\u00e3o de risco\t\t\t<\/a>\n\t\t<\/h3>\n\t\t\t\t<div class=\"elementor-post__excerpt\">\n\t\t\t<p>Muitas vezes \u00e9 dif\u00edcil aumentar o or\u00e7amento de um grande empreendimento, como uma fus\u00e3o, uma aquisi\u00e7\u00e3o, uma coloca\u00e7\u00e3o privada de valores mobili\u00e1rios ou uma oferta p\u00fablica inicial (IPO). Al\u00e9m do custo significativo, monopoliza uma parcela significativa dos recursos da empresa e da aten\u00e7\u00e3o da administra\u00e7\u00e3o. \u00c9 por isso que n\u00e3o \u00e9 incomum que durante o processo de capitaliza\u00e7\u00e3o de risco (por exemplo, IPO), o desempenho da empresa seja fortemente impactado. Portanto, pode haver uma necessidade adicional de financiamento, mesmo que apenas para compensar o fraco desempenho de vendas devido ao esfor\u00e7o da capitaliza\u00e7\u00e3o de risco ou do processo de IPO.<\/p>\n\t\t<\/div>\n\t\t\t\t\t<div class=\"elementor-post__read-more-wrapper\">\n\t\t\n\t\t<a class=\"elementor-post__read-more\" href=\"https:\/\/marc.deschenaux.com\/pt\/patents\/a-fundraising-incubator-for-venture-capitalization\/\" aria-label=\"Read more about A Fundraising Incubator for Venture Capitalization\" tabindex=\"-1\" >\n\t\t\tConsulte Mais informa\u00e7\u00e3o &quot;\t\t<\/a>\n\n\t\t\t\t\t<\/div>\n\t\t\t\t<\/div>\n\t\t\t\t\t<\/div>\n\t\t<\/article>\n\t\t\t\t<article class=\"elementor-post elementor-grid-item post-5935 post type-post status-publish format-standard hentry category-patents\" role=\"listitem\">\n\t\t\t<div class=\"elementor-post__card\">\n\t\t\t\t<div class=\"elementor-post__text\">\n\t\t\t\t<h3 class=\"elementor-post__title\">\n\t\t\t<a href=\"https:\/\/marc.deschenaux.com\/pt\/patents\/cascading-initial-public-offerings-for-venture-capitalization\/\" >\n\t\t\t\tOfertas p\u00fablicas iniciais em cascata para capitaliza\u00e7\u00e3o de risco\t\t\t<\/a>\n\t\t<\/h3>\n\t\t\t\t<div class=\"elementor-post__excerpt\">\n\t\t\t<p>As principais barreiras que impedem a realiza\u00e7\u00e3o de uma oferta p\u00fablica inicial (IPO) para uma empresa que est\u00e1 pronta, disposta e apta a realiz\u00e1-la incluem: o custo de prepara\u00e7\u00e3o de um IPO \u00e9 proibitivo; n\u00e3o h\u00e1 garantia de que o IPO ter\u00e1 sucesso; e banqueiros e outros profissionais que colocam suas carreiras em risco n\u00e3o autorizar\u00e3o o IPO sem a devida dilig\u00eancia para garantir a seguran\u00e7a dos mercados de t\u00edtulos financeiros, valida\u00e7\u00e3o do modelo de neg\u00f3cios; receita suficiente tornando a empresa pelo menos com fluxo de caixa positivo e, se n\u00e3o, lucrativa; crescimento forte e est\u00e1vel.<\/p>\n\t\t<\/div>\n\t\t\t\t\t<div class=\"elementor-post__read-more-wrapper\">\n\t\t\n\t\t<a class=\"elementor-post__read-more\" href=\"https:\/\/marc.deschenaux.com\/pt\/patents\/cascading-initial-public-offerings-for-venture-capitalization\/\" aria-label=\"Read more about Cascading Initial Public Offerings for Venture Capitalization\" tabindex=\"-1\" >\n\t\t\tConsulte Mais informa\u00e7\u00e3o &quot;\t\t<\/a>\n\n\t\t\t\t\t<\/div>\n\t\t\t\t<\/div>\n\t\t\t\t\t<\/div>\n\t\t<\/article>\n\t\t\t\t<article class=\"elementor-post elementor-grid-item post-5974 post type-post status-publish format-standard hentry category-patents\" role=\"listitem\">\n\t\t\t<div class=\"elementor-post__card\">\n\t\t\t\t<div class=\"elementor-post__text\">\n\t\t\t\t<h3 class=\"elementor-post__title\">\n\t\t\t<a href=\"https:\/\/marc.deschenaux.com\/pt\/patents\/incremental-priced-funding-rounds\/\" >\n\t\t\t\tRodadas de Financiamento com Pre\u00e7o Incremental\t\t\t<\/a>\n\t\t<\/h3>\n\t\t\t\t<div class=\"elementor-post__excerpt\">\n\t\t\t<p>Anteriormente, os m\u00e9todos de obten\u00e7\u00e3o de capital de investimento inclu\u00edam o m\u00e9todo de rodadas de financiamento. Cada vez que uma emiss\u00e3o de t\u00edtulos era necess\u00e1ria, um pre\u00e7o fixo para cada a\u00e7\u00e3o do t\u00edtulo era determinado de acordo com o estado atual e a avalia\u00e7\u00e3o da empresa para a qual o t\u00edtulo foi emitido e oferecido aos investidores. Com um pre\u00e7o fixo \u00fanico, se a empresa fosse mal administrada ou n\u00e3o conseguisse atingir seus objetivos iniciais ou simplesmente estivesse ficando sem dinheiro, o pre\u00e7o fixo precisaria ser reduzido para atrair novos investidores. Novos investidores podem comprar a\u00e7\u00f5es a um pre\u00e7o mais baixo do que os investidores anteriores, enquanto novos investidores ainda correm menos riscos do que os investidores anteriores. <\/p>\n\t\t<\/div>\n\t\t\t\t\t<div class=\"elementor-post__read-more-wrapper\">\n\t\t\n\t\t<a class=\"elementor-post__read-more\" href=\"https:\/\/marc.deschenaux.com\/pt\/patents\/incremental-priced-funding-rounds\/\" aria-label=\"Read more about Incremental-Priced Funding Rounds\" tabindex=\"-1\" >\n\t\t\tConsulte Mais informa\u00e7\u00e3o &quot;\t\t<\/a>\n\n\t\t\t\t\t<\/div>\n\t\t\t\t<\/div>\n\t\t\t\t\t<\/div>\n\t\t<\/article>\n\t\t\t\t<article class=\"elementor-post elementor-grid-item post-5962 post type-post status-publish format-standard hentry category-patents\" role=\"listitem\">\n\t\t\t<div class=\"elementor-post__card\">\n\t\t\t\t<div class=\"elementor-post__text\">\n\t\t\t\t<h3 class=\"elementor-post__title\">\n\t\t\t<a href=\"https:\/\/marc.deschenaux.com\/pt\/patents\/ips\/\" >\n\t\t\t\tT\u00edtulos de Propriedade Intelectual\t\t\t<\/a>\n\t\t<\/h3>\n\t\t\t\t<div class=\"elementor-post__excerpt\">\n\t\t\t<p>Tradicionalmente, os investidores podem investir capital em empreendimentos coletivos, como corpora\u00e7\u00f5es, comprando a\u00e7\u00f5es de toda a empresa. Por exemplo, algu\u00e9m interessado em investir na ind\u00fastria cinematogr\u00e1fica pode comprar a\u00e7\u00f5es de grandes corpora\u00e7\u00f5es produtoras de filmes, como a Sony ou a Disney. No entanto, essas grandes corpora\u00e7\u00f5es t\u00eam outros empreendimentos fora do cinema que podem n\u00e3o ser do interesse de investidores individuais. Em alguns casos, um investidor pode querer investir de maneira mais direcionada.<\/p>\n\t\t<\/div>\n\t\t\t\t\t<div class=\"elementor-post__read-more-wrapper\">\n\t\t\n\t\t<a class=\"elementor-post__read-more\" href=\"https:\/\/marc.deschenaux.com\/pt\/patents\/ips\/\" aria-label=\"Read more about Intellectual Property Securities\" tabindex=\"-1\" >\n\t\t\tConsulte Mais informa\u00e7\u00e3o &quot;\t\t<\/a>\n\n\t\t\t\t\t<\/div>\n\t\t\t\t<\/div>\n\t\t\t\t\t<\/div>\n\t\t<\/article>\n\t\t\t\t<article class=\"elementor-post elementor-grid-item post-5912 post type-post status-publish format-standard hentry category-patents\" role=\"listitem\">\n\t\t\t<div class=\"elementor-post__card\">\n\t\t\t\t<div class=\"elementor-post__text\">\n\t\t\t\t<h3 class=\"elementor-post__title\">\n\t\t\t<a href=\"https:\/\/marc.deschenaux.com\/pt\/patents\/master-spac-for-venture-capitalization\/\" >\n\t\t\t\tMaster SPAC para Venture Capitalization\t\t\t<\/a>\n\t\t<\/h3>\n\t\t\t\t<div class=\"elementor-post__excerpt\">\n\t\t\t<p>As principais barreiras que impedem a realiza\u00e7\u00e3o de uma oferta p\u00fablica inicial (IPO) para uma empresa que est\u00e1 pronta, disposta e apta a realiz\u00e1-la incluem: o custo de prepara\u00e7\u00e3o de um IPO \u00e9 proibitivo; n\u00e3o h\u00e1 garantia de que o IPO ter\u00e1 sucesso; e banqueiros e outros profissionais que colocam suas carreiras em risco n\u00e3o autorizar\u00e3o o IPO sem a devida dilig\u00eancia para garantir a seguran\u00e7a dos mercados de t\u00edtulos financeiros, valida\u00e7\u00e3o do modelo de neg\u00f3cios; receita suficiente tornando a empresa pelo menos com fluxo de caixa positivo e, se n\u00e3o, lucrativa; crescimento forte e est\u00e1vel.<\/p>\n\t\t<\/div>\n\t\t\t\t\t<div class=\"elementor-post__read-more-wrapper\">\n\t\t\n\t\t<a class=\"elementor-post__read-more\" href=\"https:\/\/marc.deschenaux.com\/pt\/patents\/master-spac-for-venture-capitalization\/\" aria-label=\"Read more about Master SPAC for Venture Capitalization\" tabindex=\"-1\" >\n\t\t\tConsulte Mais informa\u00e7\u00e3o &quot;\t\t<\/a>\n\n\t\t\t\t\t<\/div>\n\t\t\t\t<\/div>\n\t\t\t\t\t<\/div>\n\t\t<\/article>\n\t\t\t\t<\/div>\n\t\t\n\t\t\t\t\t\t<\/div>\n\t\t\t\t<\/div>\n\t\t\t\t<div class=\"elementor-element elementor-element-41d597d elementor-widget elementor-widget-image\" data-id=\"41d597d\" data-element_type=\"widget\" data-e-type=\"widget\" data-widget_type=\"image.default\">\n\t\t\t\t<div class=\"elementor-widget-container\">\n\t\t\t\t\t\t\t\t\t\t\t\t\t\t\t<img fetchpriority=\"high\" decoding=\"async\" width=\"825\" height=\"550\" src=\"https:\/\/marc.deschenaux.com\/wp-content\/uploads\/Patents-List-1024x683.png\" class=\"attachment-large size-large wp-image-8773\" alt=\"\" srcset=\"https:\/\/marc.deschenaux.com\/wp-content\/uploads\/Patents-List-1024x683.png 1024w, https:\/\/marc.deschenaux.com\/wp-content\/uploads\/Patents-List-300x200.png 300w, https:\/\/marc.deschenaux.com\/wp-content\/uploads\/Patents-List-768x512.png 768w, https:\/\/marc.deschenaux.com\/wp-content\/uploads\/Patents-List-1536x1024.png 1536w, https:\/\/marc.deschenaux.com\/wp-content\/uploads\/Patents-List-2048x1365.png 2048w, https:\/\/marc.deschenaux.com\/wp-content\/uploads\/Patents-List-18x12.png 18w\" sizes=\"(max-width: 825px) 100vw, 825px\" \/>\t\t\t\t\t\t\t\t\t\t\t\t\t\t\t<\/div>\n\t\t\t\t<\/div>\n\t\t\t\t<div class=\"elementor-element elementor-element-30f5a90 elementor-align-center elementor-widget elementor-widget-button\" data-id=\"30f5a90\" data-element_type=\"widget\" data-e-type=\"widget\" data-widget_type=\"button.default\">\n\t\t\t\t<div class=\"elementor-widget-container\">\n\t\t\t\t\t\t\t\t\t<div class=\"elementor-button-wrapper\">\n\t\t\t\t\t<a class=\"elementor-button elementor-button-link elementor-size-lg\" href=\"https:\/\/marc.deschenaux.com\/pt\/inventions\/\">\n\t\t\t\t\t\t<span class=\"elementor-button-content-wrapper\">\n\t\t\t\t\t\t\t\t\t<span class=\"elementor-button-text\">inven\u00e7\u00f5es<\/span>\n\t\t\t\t\t<\/span>\n\t\t\t\t\t<\/a>\n\t\t\t\t<\/div>\n\t\t\t\t\t\t\t\t<\/div>\n\t\t\t\t<\/div>\n\t\t\t\t\t<\/div>\n\t\t<\/div>\n\t\t\t\t\t<\/div>\n\t\t<\/section>\n\t\t\t\t<\/div>","protected":false},"excerpt":{"rendered":"<p>inven\u00e7\u00f5es<\/p>","protected":false},"author":1,"featured_media":0,"parent":0,"menu_order":1,"comment_status":"closed","ping_status":"closed","template":"","meta":{"footnotes":""},"class_list":["post-5567","page","type-page","status-publish","hentry"],"_links":{"self":[{"href":"https:\/\/marc.deschenaux.com\/pt\/wp-json\/wp\/v2\/pages\/5567","targetHints":{"allow":["GET"]}}],"collection":[{"href":"https:\/\/marc.deschenaux.com\/pt\/wp-json\/wp\/v2\/pages"}],"about":[{"href":"https:\/\/marc.deschenaux.com\/pt\/wp-json\/wp\/v2\/types\/page"}],"author":[{"embeddable":true,"href":"https:\/\/marc.deschenaux.com\/pt\/wp-json\/wp\/v2\/users\/1"}],"replies":[{"embeddable":true,"href":"https:\/\/marc.deschenaux.com\/pt\/wp-json\/wp\/v2\/comments?post=5567"}],"version-history":[{"count":0,"href":"https:\/\/marc.deschenaux.com\/pt\/wp-json\/wp\/v2\/pages\/5567\/revisions"}],"wp:attachment":[{"href":"https:\/\/marc.deschenaux.com\/pt\/wp-json\/wp\/v2\/media?parent=5567"}],"curies":[{"name":"wp","href":"https:\/\/api.w.org\/{rel}","templated":true}]}}